{"id":1897,"date":"2019-01-08T12:04:35","date_gmt":"2019-01-08T12:04:35","guid":{"rendered":"http:\/\/www.araniasa.com\/calidad\/"},"modified":"2026-04-14T15:39:30","modified_gmt":"2026-04-14T13:39:30","slug":"calidad","status":"publish","type":"page","link":"https:\/\/www.araniasa.com\/de\/calidad\/","title":{"rendered":"Qualit\u00e4t und zertifizierungen"},"content":{"rendered":"<div class=\"wpb-content-wrapper\"><p>[vc_row type=&#8221;vc_default&#8221; full_width=&#8221;stretch_row&#8221; content_placement=&#8221;middle&#8221; bg_type=&#8221;bg_color&#8221; css=&#8221;.vc_custom_1547052013179{margin-bottom: 0px !important;}&#8221; bg_color_value=&#8221;#c7c8c9&#8243;][vc_column]<div class=\"ult-spacer spacer-69e36819318d9\" data-id=\"69e36819318d9\" data-height=\"100\" data-height-mobile=\"40\" data-height-tab=\"100\" data-height-tab-portrait=\"100\" data-height-mobile-landscape=\"40\" style=\"clear:both;display:block;\"><\/div><div id=\"ultimate-heading-979869e3681931d73\" class=\"uvc-heading ult-adjust-bottom-margin ultimate-heading-979869e3681931d73 uvc-1374  uvc-heading-default-font-sizes\" data-hspacer=\"image_only\"  data-halign=\"center\" style=\"text-align:center\"><div class=\"uvc-main-heading ult-responsive\"  data-ultimate-target='.uvc-heading.ultimate-heading-979869e3681931d73 h1'  data-responsive-json-new='{\"font-size\":\"\",\"line-height\":\"\"}' ><h1 style=\"--font-weight:theme;\">Qualit\u00e4t und zertifizierungen<\/h1><\/div><div class=\"uvc-heading-spacer image_only\" style=\"margin-bottom:20px;\"><img decoding=\"async\" src=\"https:\/\/www.araniasa.com\/wp-content\/uploads\/2018\/10\/linea-circulos-arania.png\" class=\"ultimate-headings-icon-image\" alt=\"null\" style=\"width:250px\"\/><\/div><div class=\"uvc-sub-heading ult-responsive\"  data-ultimate-target='.uvc-heading.ultimate-heading-979869e3681931d73 .uvc-sub-heading '  data-responsive-json-new='{\"font-size\":\"desktop:16px;mobile_landscape:16px;mobile:16px;\",\"line-height\":\"desktop:26px;mobile_landscape:22px;mobile:22px;\"}'  style=\"font-weight:normal;\">Die hohen <strong>Qualit\u00e4tsanspr\u00fcche<\/strong> unserer Kunden und unser Engagement f\u00fcr die Entwicklung hochpr\u00e4ziser Produkte haben uns dazu veranlasst, interne Managementsysteme f\u00fcr Sicherheit, Qualit\u00e4t und Umwelt einzuf\u00fchren. Daf\u00fcr b\u00fcrgen die verschiedenen Zertifizierungen, die wir erhalten haben.<\/div><\/div><div class=\"ult-spacer spacer-69e3681931e01\" data-id=\"69e3681931e01\" data-height=\"20\" data-height-mobile=\"20\" data-height-tab=\"20\" data-height-tab-portrait=\"20\" data-height-mobile-landscape=\"20\" style=\"clear:both;display:block;\"><\/div>[vc_text_separator title=&#8221;Qualit\u00e4t und zertifizierungen&#8221; color=&#8221;custom&#8221; accent_color=&#8221;rgba(59,63,74,0.57)&#8221;][vc_row_inner gap=&#8221;15&#8243;][vc_column_inner width=&#8221;1\/3&#8243;][vc_single_image image=&#8221;4458&#8243; img_size=&#8221;full&#8221; alignment=&#8221;center&#8221; onclick=&#8221;custom_link&#8221; img_link_target=&#8221;_blank&#8221; css=&#8221;&#8221; link=&#8221;\/wp-content\/uploads\/2024\/05\/ISO-9001-DE.pdf&#8221;][vc_column_text css=&#8221;&#8221;]<\/p>\n<p style=\"text-align: center;\"><a style=\"color: #3b3f4a;\" href=\"\/wp-content\/uploads\/2024\/05\/ISO-9001-DE.pdf\" target=\"_blank\" rel=\"noopener noreferrer\"><strong>ISO 9001:2015<\/strong><\/a><br \/>\nQualit\u00e4tsmanagementsystem<\/p>\n<p>[\/vc_column_text][\/vc_column_inner][vc_column_inner width=&#8221;1\/3&#8243;][vc_single_image image=&#8221;4462&#8243; img_size=&#8221;full&#8221; alignment=&#8221;center&#8221; onclick=&#8221;custom_link&#8221; img_link_target=&#8221;_blank&#8221; css=&#8221;&#8221; link=&#8221;\/wp-content\/uploads\/2026\/04\/0037446-EMS-DEUDE-UKAS.PDF.pdf&#8221;][vc_column_text css=&#8221;&#8221;]<\/p>\n<p style=\"text-align: center;\"><a style=\"color: #3b3f4a;\" href=\"\/wp-content\/uploads\/2026\/04\/0037446-EMS-DEUDE-UKAS.PDF.pdf\" target=\"_blank\" rel=\"noopener noreferrer\"><strong>ISO 14001:2015<\/strong><\/a><br \/>\nUmweltmanagementsystem<\/p>\n<p>[\/vc_column_text][\/vc_column_inner][vc_column_inner width=&#8221;1\/3&#8243;][vc_single_image image=&#8221;4454&#8243; img_size=&#8221;full&#8221; alignment=&#8221;center&#8221; onclick=&#8221;custom_link&#8221; img_link_target=&#8221;_blank&#8221; css=&#8221;&#8221; link=&#8221;\/wp-content\/uploads\/2025\/06\/0035575-001-16949-DEUDE-IATF.pdf&#8221;][vc_column_text css=&#8221;&#8221;]<\/p>\n<p style=\"text-align: center;\"><a style=\"color: #3b3f4a;\" href=\"\/wp-content\/uploads\/2025\/06\/0035575-001-16949-DEUDE-IATF.pdf\" target=\"_blank\" rel=\"noopener noreferrer\"><strong>IATF 16949:2016<\/strong><\/a><br \/>\nQualit\u00e4tsmanagementsystem Automobilindustrie<\/p>\n<p>[\/vc_column_text][\/vc_column_inner][\/vc_row_inner][vc_row_inner gap=&#8221;15&#8243;][vc_column_inner width=&#8221;1\/3&#8243;][vc_single_image image=&#8221;4466&#8243; img_size=&#8221;full&#8221; alignment=&#8221;center&#8221; onclick=&#8221;custom_link&#8221; img_link_target=&#8221;_blank&#8221; css=&#8221;&#8221; link=&#8221;\/wp-content\/uploads\/2026\/04\/0037447-OHSAS-DEUDE-UKAS.PDF.pdf&#8221;][vc_column_text css=&#8221;&#8221;]<\/p>\n<p style=\"text-align: center;\"><a style=\"color: #3b3f4a;\" href=\"\/wp-content\/uploads\/2026\/04\/0037447-OHSAS-DEUDE-UKAS.PDF.pdf\" target=\"_blank\" rel=\"noopener noreferrer\"><strong>ISO 45001:2018<\/strong><\/a><br \/>\nArbeits- und Gesundheitsschutz- Management<\/p>\n<p>[\/vc_column_text][\/vc_column_inner][vc_column_inner width=&#8221;1\/3&#8243;][vc_single_image image=&#8221;4470&#8243; img_size=&#8221;full&#8221; alignment=&#8221;center&#8221; onclick=&#8221;custom_link&#8221; img_link_target=&#8221;_blank&#8221; css=&#8221;&#8221; link=&#8221;\/wp-content\/uploads\/2026\/04\/00014641-50001-DEUDE-UKAS.PDF.pdf&#8221;][vc_column_text css=&#8221;&#8221;]<\/p>\n<p style=\"text-align: center;\"><a style=\"color: #3b3f4a;\" href=\"\/wp-content\/uploads\/2026\/04\/00014641-50001-DEUDE-UKAS.PDF.pdf\" target=\"_blank\" rel=\"noopener noreferrer\"><strong>ISO 50001:2018<\/strong><\/a><br \/>\nEnergiemanagementsystem<\/p>\n<p>[\/vc_column_text][\/vc_column_inner][vc_column_inner width=&#8221;1\/3&#8243;][vc_single_image image=&#8221;5880&#8243; img_size=&#8221;full&#8221; alignment=&#8221;center&#8221; onclick=&#8221;custom_link&#8221; img_link_target=&#8221;_blank&#8221; css=&#8221;&#8221; link=&#8221;\/wp-content\/uploads\/2025\/02\/Carta-Arania-HC-_Julio-2024_signed.pdf&#8221;][vc_column_text]<\/p>\n<p style=\"text-align: center;\"><a style=\"color: #3b3f4a;\" href=\"\/wp-content\/uploads\/2024\/01\/ISO-16064-ENG.pdf\" target=\"_blank\" rel=\"noopener noreferrer\"><strong>ISO 16064:2018<\/strong><\/a><br \/>\n\u00dcberpr\u00fcfung des CO2-Fu\u00dfabdrucks einer Organisation<\/p>\n<p>[\/vc_column_text][\/vc_column_inner][\/vc_row_inner][vc_row_inner gap=&#8221;15&#8243;][vc_column_inner width=&#8221;1\/3&#8243;][vc_single_image image=&#8221;5064&#8243; img_size=&#8221;full&#8221; alignment=&#8221;center&#8221; onclick=&#8221;custom_link&#8221; img_link_target=&#8221;_blank&#8221; link=&#8221;\/wp-content\/uploads\/2024\/02\/ARANIA-P959-AS-PFC-TOOL_ENGLISH-DIC-2023.pdf&#8221;][vc_column_text]<\/p>\n<p style=\"text-align: center;\"><a style=\"color: #3b3f4a;\" href=\"\/wp-content\/uploads\/2024\/02\/ARANIA-P959-AS-PFC-TOOL_ENGLISH-DIC-2023.pdf\" target=\"_blank\" rel=\"noopener noreferrer\"><strong>ISO 14067:2018 <\/strong><\/a><br \/>\n\u00dcberpr\u00fcfung des CO2-Fu\u00dfabdrucks des Produkts<\/p>\n<p>[\/vc_column_text][\/vc_column_inner][vc_column_inner width=&#8221;1\/3&#8243;][\/vc_column_inner][vc_column_inner width=&#8221;1\/3&#8243;][\/vc_column_inner][\/vc_row_inner]<div class=\"ult-spacer spacer-69e3681931e2c\" data-id=\"69e3681931e2c\" data-height=\"40\" data-height-mobile=\"20\" data-height-tab=\"40\" data-height-tab-portrait=\"40\" data-height-mobile-landscape=\"20\" style=\"clear:both;display:block;\"><\/div>[\/vc_column][\/vc_row]<\/p>\n<\/div>","protected":false},"excerpt":{"rendered":"<p>[vc_row type=&#8221;vc_default&#8221; full_width=&#8221;stretch_row&#8221; content_placement=&#8221;middle&#8221; bg_type=&#8221;bg_color&#8221; css=&#8221;.vc_custom_1547052013179{margin-bottom: 0px !important;}&#8221; bg_color_value=&#8221;#c7c8c9&#8243;][vc_column][vc_text_separator title=&#8221;Qualit\u00e4t und zertifizierungen&#8221; color=&#8221;custom&#8221; accent_color=&#8221;rgba(59,63,74,0.57)&#8221;][vc_row_inner gap=&#8221;15&#8243;][vc_column_inner width=&#8221;1\/3&#8243;][vc_single_image image=&#8221;4458&#8243; img_size=&#8221;full&#8221; alignment=&#8221;center&#8221; onclick=&#8221;custom_link&#8221; img_link_target=&#8221;_blank&#8221; css=&#8221;&#8221; link=&#8221;\/wp-content\/uploads\/2024\/05\/ISO-9001-DE.pdf&#8221;][vc_column_text css=&#8221;&#8221;] ISO 9001:2015 Qualit\u00e4tsmanagementsystem [\/vc_column_text][\/vc_column_inner][vc_column_inner width=&#8221;1\/3&#8243;][vc_single_image image=&#8221;4462&#8243; img_size=&#8221;full&#8221; alignment=&#8221;center&#8221; onclick=&#8221;custom_link&#8221; img_link_target=&#8221;_blank&#8221; css=&#8221;&#8221; link=&#8221;\/wp-content\/uploads\/2026\/04\/0037446-EMS-DEUDE-UKAS.PDF.pdf&#8221;][vc_column_text css=&#8221;&#8221;] ISO 14001:2015 Umweltmanagementsystem [\/vc_column_text][\/vc_column_inner][vc_column_inner width=&#8221;1\/3&#8243;][vc_single_image image=&#8221;4454&#8243; img_size=&#8221;full&#8221; alignment=&#8221;center&#8221; onclick=&#8221;custom_link&#8221; img_link_target=&#8221;_blank&#8221; css=&#8221;&#8221; link=&#8221;\/wp-content\/uploads\/2025\/06\/0035575-001-16949-DEUDE-IATF.pdf&#8221;][vc_column_text css=&#8221;&#8221;] IATF 16949:2016 Qualit\u00e4tsmanagementsystem Automobilindustrie [\/vc_column_text][\/vc_column_inner][\/vc_row_inner][vc_row_inner&hellip;<\/p>\n","protected":false},"author":2,"featured_media":0,"parent":0,"menu_order":50,"comment_status":"closed","ping_status":"closed","template":"","meta":{"footnotes":""},"class_list":["post-1897","page","type-page","status-publish","hentry","description-off"],"_links":{"self":[{"href":"https:\/\/www.araniasa.com\/de\/wp-json\/wp\/v2\/pages\/1897","targetHints":{"allow":["GET"]}}],"collection":[{"href":"https:\/\/www.araniasa.com\/de\/wp-json\/wp\/v2\/pages"}],"about":[{"href":"https:\/\/www.araniasa.com\/de\/wp-json\/wp\/v2\/types\/page"}],"author":[{"embeddable":true,"href":"https:\/\/www.araniasa.com\/de\/wp-json\/wp\/v2\/users\/2"}],"replies":[{"embeddable":true,"href":"https:\/\/www.araniasa.com\/de\/wp-json\/wp\/v2\/comments?post=1897"}],"version-history":[{"count":4,"href":"https:\/\/www.araniasa.com\/de\/wp-json\/wp\/v2\/pages\/1897\/revisions"}],"predecessor-version":[{"id":6327,"href":"https:\/\/www.araniasa.com\/de\/wp-json\/wp\/v2\/pages\/1897\/revisions\/6327"}],"wp:attachment":[{"href":"https:\/\/www.araniasa.com\/de\/wp-json\/wp\/v2\/media?parent=1897"}],"curies":[{"name":"wp","href":"https:\/\/api.w.org\/{rel}","templated":true}]}}