{"id":2033,"date":"2019-01-09T16:45:00","date_gmt":"2019-01-09T16:45:00","guid":{"rendered":"http:\/\/www.araniasa.com\/grupo-arania\/"},"modified":"2025-11-20T09:18:01","modified_gmt":"2025-11-20T08:18:01","slug":"arania-gruppe","status":"publish","type":"page","link":"https:\/\/www.araniasa.com\/de\/arania-gruppe\/","title":{"rendered":"Arania Gruppe"},"content":{"rendered":"<div class=\"wpb-content-wrapper\"><p>[vc_row type=&#8221;vc_default&#8221; full_width=&#8221;stretch_row&#8221; content_placement=&#8221;middle&#8221; bg_type=&#8221;image&#8221; parallax_style=&#8221;vcpb-default&#8221; bg_image_new=&#8221;id^898|url^http:\/\/www.araniasa.com\/wp-content\/uploads\/2018\/11\/noticias-arania.jpg|caption^null|alt^null|title^noticias-arania|description^null&#8221; bg_image_posiiton=&#8221;center center&#8221; bg_override=&#8221;ex-full&#8221;][vc_column width=&#8221;1\/6&#8243;][\/vc_column][vc_column width=&#8221;2\/3&#8243;]<div class=\"ult-spacer spacer-69ff682489256\" data-id=\"69ff682489256\" data-height=\"100\" data-height-mobile=\"20\" data-height-tab=\"100\" data-height-tab-portrait=\"100\" data-height-mobile-landscape=\"20\" style=\"clear:both;display:block;\"><\/div>[vc_single_image image=&#8221;2043&#8243; img_size=&#8221;full&#8221; alignment=&#8221;center&#8221; css=&#8221;.vc_custom_1547114918693{margin-top: 0px !important;margin-bottom: 0px !important;}&#8221;]<div id=\"ultimate-heading-262769ff682489644\" class=\"uvc-heading ult-adjust-bottom-margin ultimate-heading-262769ff682489644 uvc-6309  uvc-heading-default-font-sizes\" data-hspacer=\"image_only\"  data-halign=\"center\" style=\"text-align:center\"><div class=\"uvc-heading-spacer image_only\" style=\"margin-bottom:20px;\"><img decoding=\"async\" src=\"https:\/\/www.araniasa.com\/wp-content\/uploads\/2018\/10\/linea-circulos-arania.png\" class=\"ultimate-headings-icon-image\" alt=\"null\" style=\"width:250px\"\/><\/div><div class=\"uvc-sub-heading ult-responsive\"  data-ultimate-target='.uvc-heading.ultimate-heading-262769ff682489644 .uvc-sub-heading '  data-responsive-json-new='{\"font-size\":\"desktop:22px;\",\"line-height\":\"desktop:26px;\"}'  style=\"font-weight:normal;color:#ffffff;\"><\/p>\n<h3 style=\"text-align: center; color: white;\">Ein grosser industriekonzern mit \u00fcber 85 jahren erfahrung<\/h3>\n<p><\/div><\/div><div class=\"ult-spacer spacer-69ff6824896bc\" data-id=\"69ff6824896bc\" data-height=\"40\" data-height-mobile=\"10\" data-height-tab=\"40\" data-height-tab-portrait=\"40\" data-height-mobile-landscape=\"10\" style=\"clear:both;display:block;\"><\/div>[\/vc_column][vc_column width=&#8221;1\/6&#8243;][\/vc_column][\/vc_row][vc_row type=&#8221;vc_default&#8221; full_width=&#8221;stretch_row&#8221; bg_type=&#8221;image&#8221; parallax_style=&#8221;vcpb-default&#8221; bg_image_new=&#8221;id^215|url^http:\/\/www.araniasa.com\/wp-content\/uploads\/2018\/10\/textura-acero.jpg|caption^null|alt^null|title^textura-acero|description^null&#8221; bg_override=&#8221;ex-full&#8221; enable_overlay=&#8221;enable_overlay_value&#8221; overlay_color=&#8221;rgba(255,255,255,0.26)&#8221; css=&#8221;.vc_custom_1547114165825{margin-bottom: 0px !important;}&#8221;][vc_column]<div class=\"ult-spacer spacer-69ff6824896f7\" data-id=\"69ff6824896f7\" data-height=\"20\" data-height-mobile=\"10\" data-height-tab=\"20\" data-height-tab-portrait=\"20\" data-height-mobile-landscape=\"10\" style=\"clear:both;display:block;\"><\/div><div id=\"ultimate-heading-550369ff68248973d\" class=\"uvc-heading ult-adjust-bottom-margin ultimate-heading-550369ff68248973d uvc-5831  uvc-heading-default-font-sizes\" data-hspacer=\"no_spacer\"  data-halign=\"center\" style=\"text-align:center\"><div class=\"uvc-heading-spacer no_spacer\" style=\"top\"><\/div><div class=\"uvc-sub-heading ult-responsive\"  data-ultimate-target='.uvc-heading.ultimate-heading-550369ff68248973d .uvc-sub-heading '  data-responsive-json-new='{\"font-size\":\"\",\"line-height\":\"desktop:26px;\"}'  style=\"font-weight:normal;\">Stahl verarbeitende Firmengruppe, die <strong>1940<\/strong> gegr\u00fcndet wurde. <strong>Grupo Arania<\/strong> hat es verstanden, im Laufe ihrer Geschichte die fortschrittlichsten Verfahren \u2013 zum gr\u00f6\u00dftm\u00f6glichen Kundennutzen \u2013 mit einer klaren und langfristigen Ausrichtung auf ihr diversifiziertes Gesch\u00e4ft zu kombinieren und auf diese Weise ein nachhaltiges Wachstum zu schaffen, das sich auf <strong>Internationalisierung<\/strong>, <strong>Innovation<\/strong> und <strong>Personen<\/strong> st\u00fctzt, die die Werte der Gruppe verteidigen.<\/div><\/div>[vc_empty_space height=&#8221;30px&#8221;][vc_row_inner equal_height=&#8221;yes&#8221; content_placement=&#8221;top&#8221; css=&#8221;.vc_custom_1540463820393{margin-top: 20px !important;}&#8221;][vc_column_inner width=&#8221;1\/3&#8243;]<div class=\"stats-block stats-top  \"><div class=\"aio-icon-top\"><div class=\"ult-just-icon-wrapper  \"><div class=\"align-icon\" style=\"text-align:center;\">\n<div class=\"aio-icon-img \" style=\"font-size:150px;display:inline-block;\" data-animation=\"slideInDown\" data-animation-delay=\"03\">\n\t<img decoding=\"async\" class=\"img-icon\" alt=\"\" src=\"https:\/\/www.araniasa.com\/wp-content\/uploads\/2018\/10\/fabrica.png\"\/>\n<\/div><\/div><\/div><\/div><div class=\"stats-desc\" id=\"counter-responsv-wrap-4079\"><div id=\"counter_350579768669ff682489d2b\" data-id=\"counter_350579768669ff682489d2b\"  data-ultimate-target='#counter-responsv-wrap-4079 .stats-number'  data-responsive-json-new='{\"font-size\":\"desktop:38px;\",\"line-height\":\"\"}'  class=\"stats-number ult-responsive\" style=\"  font-weight:bold;\" data-speed=\"3\" data-counter-value=\"6\" data-separator=\"none\" data-decimal=\".\">0<\/div><div class=\"counter_suffix mycust ult-responsive\"  data-ultimate-target='#counter-responsv-wrap-4079 .mycust'  data-responsive-json-new='{\"font-size\":\"\",\"line-height\":\"\"}'  style=\" font-weight:bold;color:\">St\u00e4tten<\/div><div id=\"title-counter_350579768669ff682489d2b\"  data-ultimate-target='#counter-responsv-wrap-4079 .stats-text'  data-responsive-json-new='{\"font-size\":\"desktop:22px;\",\"line-height\":\"\"}'  class=\"stats-text ult-responsive\" style=\"font-size:px;  font-weight:bold;\">Producktions<\/div><\/div><\/div>[vc_separator color=&#8221;custom&#8221; el_width=&#8221;50&#8243; accent_color=&#8221;rgba(59,63,74,0.43)&#8221;][\/vc_column_inner][vc_column_inner width=&#8221;1\/3&#8243;]<div class=\"stats-block stats-top  \"><div class=\"aio-icon-top\"><div class=\"ult-just-icon-wrapper  \"><div class=\"align-icon\" style=\"text-align:center;\">\n<div class=\"aio-icon-img \" style=\"font-size:150px;display:inline-block;\" data-animation=\"slideInDown\" data-animation-delay=\"03\">\n\t<img decoding=\"async\" class=\"img-icon\" alt=\"\" src=\"https:\/\/www.araniasa.com\/wp-content\/uploads\/2018\/10\/empleados.png\"\/>\n<\/div><\/div><\/div><\/div><div class=\"stats-desc\" id=\"counter-responsv-wrap-5709\"><div class=\"counter_prefix mycust ult-responsive\"  data-ultimate-target='#counter-responsv-wrap-5709 .mycust'  data-responsive-json-new='{\"font-size\":\"\",\"line-height\":\"\"}'  style=\" font-weight:bold;color:\">+<\/div><div id=\"counter_361068789969ff68248a110\" data-id=\"counter_361068789969ff68248a110\"  data-ultimate-target='#counter-responsv-wrap-5709 .stats-number'  data-responsive-json-new='{\"font-size\":\"desktop:38px;\",\"line-height\":\"\"}'  class=\"stats-number ult-responsive\" style=\"  font-weight:bold;\" data-speed=\"3\" data-counter-value=\"1000\" data-separator=\".\" data-decimal=\".\">0<\/div><div id=\"title-counter_361068789969ff68248a110\"  data-ultimate-target='#counter-responsv-wrap-5709 .stats-text'  data-responsive-json-new='{\"font-size\":\"desktop:22px;\",\"line-height\":\"\"}'  class=\"stats-text ult-responsive\" style=\"font-size:px;  font-weight:bold;\">Mitarbeiter<\/div><\/div><\/div>[vc_separator color=&#8221;custom&#8221; el_width=&#8221;50&#8243; accent_color=&#8221;rgba(59,63,74,0.43)&#8221;][\/vc_column_inner][vc_column_inner width=&#8221;1\/3&#8243;]<div class=\"stats-block stats-top  \"><div class=\"aio-icon-top\"><div class=\"ult-just-icon-wrapper  \"><div class=\"align-icon\" style=\"text-align:center;\">\n<div class=\"aio-icon-img \" style=\"font-size:150px;display:inline-block;\" data-animation=\"slideInDown\" data-animation-delay=\"03\">\n\t<img decoding=\"async\" class=\"img-icon\" alt=\"\" src=\"https:\/\/www.araniasa.com\/wp-content\/uploads\/2018\/10\/acero.png\"\/>\n<\/div><\/div><\/div><\/div><div class=\"stats-desc\" id=\"counter-responsv-wrap-6469\"><div class=\"counter_prefix mycust ult-responsive\"  data-ultimate-target='#counter-responsv-wrap-6469 .mycust'  data-responsive-json-new='{\"font-size\":\"\",\"line-height\":\"\"}'  style=\" font-weight:bold;color:\">+<\/div><div id=\"counter_99176747169ff68248a4bd\" data-id=\"counter_99176747169ff68248a4bd\"  data-ultimate-target='#counter-responsv-wrap-6469 .stats-number'  data-responsive-json-new='{\"font-size\":\"desktop:38px;\",\"line-height\":\"\"}'  class=\"stats-number ult-responsive\" style=\"  font-weight:bold;\" data-speed=\"3\" data-counter-value=\"380000\" data-separator=\".\" data-decimal=\".\">0<\/div><div class=\"counter_suffix mycust ult-responsive\"  data-ultimate-target='#counter-responsv-wrap-6469 .mycust'  data-responsive-json-new='{\"font-size\":\"\",\"line-height\":\"\"}'  style=\" font-weight:bold;color:\">T<\/div><div id=\"title-counter_99176747169ff68248a4bd\"  data-ultimate-target='#counter-responsv-wrap-6469 .stats-text'  data-responsive-json-new='{\"font-size\":\"desktop:22px;\",\"line-height\":\"\"}'  class=\"stats-text ult-responsive\" style=\"font-size:px;  font-weight:bold;\">Stahl Im Jahr<\/div><\/div><\/div>[vc_separator color=&#8221;custom&#8221; el_width=&#8221;50&#8243; accent_color=&#8221;rgba(59,63,74,0.43)&#8221;][\/vc_column_inner][\/vc_row_inner][vc_row_inner equal_height=&#8221;yes&#8221; content_placement=&#8221;top&#8221; css=&#8221;.vc_custom_1540463820393{margin-top: 20px !important;}&#8221;][vc_column_inner width=&#8221;1\/3&#8243;]<div class=\"stats-block stats-top  \"><div class=\"aio-icon-top\"><div class=\"ult-just-icon-wrapper  \"><div class=\"align-icon\" style=\"text-align:center;\">\n<div class=\"aio-icon-img \" style=\"font-size:150px;display:inline-block;\" data-animation=\"slideInDown\" data-animation-delay=\"03\">\n\t<img decoding=\"async\" class=\"img-icon\" alt=\"\" src=\"https:\/\/www.araniasa.com\/wp-content\/uploads\/2019\/01\/presencia-comercial.png\"\/>\n<\/div><\/div><\/div><\/div><div class=\"stats-desc\" id=\"counter-responsv-wrap-8109\"><div id=\"counter_417623975269ff68248a8dc\" data-id=\"counter_417623975269ff68248a8dc\"  data-ultimate-target='#counter-responsv-wrap-8109 .stats-number'  data-responsive-json-new='{\"font-size\":\"desktop:38px;\",\"line-height\":\"\"}'  class=\"stats-number ult-responsive\" style=\"  font-weight:bold;\" data-speed=\"3\" data-counter-value=\"65\" data-separator=\"none\" data-decimal=\".\">0<\/div><div class=\"counter_suffix mycust ult-responsive\"  data-ultimate-target='#counter-responsv-wrap-8109 .mycust'  data-responsive-json-new='{\"font-size\":\"\",\"line-height\":\"\"}'  style=\" font-weight:bold;color:\">L\u00e4ndern<\/div><div id=\"title-counter_417623975269ff68248a8dc\"  data-ultimate-target='#counter-responsv-wrap-8109 .stats-text'  data-responsive-json-new='{\"font-size\":\"desktop:22px;\",\"line-height\":\"\"}'  class=\"stats-text ult-responsive\" style=\"font-size:px;  font-weight:bold;\">Verkaufs-Pr\u00e4senz<\/div><\/div><\/div>[vc_separator color=&#8221;custom&#8221; el_width=&#8221;50&#8243; accent_color=&#8221;rgba(59,63,74,0.43)&#8221;][\/vc_column_inner][vc_column_inner width=&#8221;1\/3&#8243;]<div class=\"stats-block stats-top  \"><div class=\"aio-icon-top\"><div class=\"ult-just-icon-wrapper  \"><div class=\"align-icon\" style=\"text-align:center;\">\n<div class=\"aio-icon-img \" style=\"font-size:150px;display:inline-block;\" data-animation=\"slideInDown\" data-animation-delay=\"03\">\n\t<img decoding=\"async\" class=\"img-icon\" alt=\"\" src=\"https:\/\/www.araniasa.com\/wp-content\/uploads\/2018\/10\/exportaciones.png\"\/>\n<\/div><\/div><\/div><\/div><div class=\"stats-desc\" id=\"counter-responsv-wrap-6616\"><div id=\"counter_309875448869ff68248acd7\" data-id=\"counter_309875448869ff68248acd7\"  data-ultimate-target='#counter-responsv-wrap-6616 .stats-number'  data-responsive-json-new='{\"font-size\":\"desktop:38px;\",\"line-height\":\"\"}'  class=\"stats-number ult-responsive\" style=\"  font-weight:bold;\" data-speed=\"3\" data-counter-value=\"80\" data-separator=\"none\" data-decimal=\".\">0<\/div><div class=\"counter_suffix mycust ult-responsive\"  data-ultimate-target='#counter-responsv-wrap-6616 .mycust'  data-responsive-json-new='{\"font-size\":\"\",\"line-height\":\"\"}'  style=\" font-weight:bold;color:\">%<\/div><div id=\"title-counter_309875448869ff68248acd7\"  data-ultimate-target='#counter-responsv-wrap-6616 .stats-text'  data-responsive-json-new='{\"font-size\":\"desktop:22px;\",\"line-height\":\"\"}'  class=\"stats-text ult-responsive\" style=\"font-size:px;  font-weight:bold;\">Export<\/div><\/div><\/div>[vc_separator color=&#8221;custom&#8221; el_width=&#8221;50&#8243; accent_color=&#8221;rgba(59,63,74,0.43)&#8221;][\/vc_column_inner][vc_column_inner width=&#8221;1\/3&#8243;]<div class=\"stats-block stats-top  \"><div class=\"aio-icon-top\"><div class=\"ult-just-icon-wrapper  \"><div class=\"align-icon\" style=\"text-align:center;\">\n<div class=\"aio-icon-img \" style=\"font-size:150px;display:inline-block;\" data-animation=\"slideInDown\" data-animation-delay=\"03\">\n\t<img decoding=\"async\" class=\"img-icon\" alt=\"\" src=\"https:\/\/www.araniasa.com\/wp-content\/uploads\/2022\/03\/tarta.png\"\/>\n<\/div><\/div><\/div><\/div><div class=\"stats-desc\" id=\"counter-responsv-wrap-1065\"><div class=\"counter_prefix mycust ult-responsive\"  data-ultimate-target='#counter-responsv-wrap-1065 .mycust'  data-responsive-json-new='{\"font-size\":\"\",\"line-height\":\"\"}'  style=\" font-weight:bold;color:\">+<\/div><div id=\"counter_162222063869ff68248b10c\" data-id=\"counter_162222063869ff68248b10c\"  data-ultimate-target='#counter-responsv-wrap-1065 .stats-number'  data-responsive-json-new='{\"font-size\":\"desktop:38px;\",\"line-height\":\"\"}'  class=\"stats-number ult-responsive\" style=\"  font-weight:bold;\" data-speed=\"3\" data-counter-value=\"85\" data-separator=\"none\" data-decimal=\".\">0<\/div><div class=\"counter_suffix mycust ult-responsive\"  data-ultimate-target='#counter-responsv-wrap-1065 .mycust'  data-responsive-json-new='{\"font-size\":\"\",\"line-height\":\"\"}'  style=\" font-weight:bold;color:\">Jahre<\/div><div id=\"title-counter_162222063869ff68248b10c\"  data-ultimate-target='#counter-responsv-wrap-1065 .stats-text'  data-responsive-json-new='{\"font-size\":\"desktop:22px;\",\"line-height\":\"\"}'  class=\"stats-text ult-responsive\" style=\"font-size:px;  font-weight:bold;\">Erfahrung<\/div><\/div><\/div>[vc_separator color=&#8221;custom&#8221; el_width=&#8221;50&#8243; accent_color=&#8221;rgba(59,63,74,0.43)&#8221;][\/vc_column_inner][\/vc_row_inner]<div class=\"ult-spacer spacer-69ff68248b192\" data-id=\"69ff68248b192\" data-height=\"40\" data-height-mobile=\"40\" data-height-tab=\"40\" data-height-tab-portrait=\"40\" data-height-mobile-landscape=\"40\" style=\"clear:both;display:block;\"><\/div>[\/vc_column][\/vc_row][vc_row type=&#8221;vc_default&#8221; full_width=&#8221;stretch_row_content_no_spaces&#8221; css=&#8221;.vc_custom_1547114312171{margin-top: -35px !important;margin-bottom: -30px !important;padding-bottom: 0px !important;}&#8221;][vc_column width=&#8221;1\/4&#8243;]<div tabindex=\"0\" class=\"ult-new-ib ult-ib-effect-style10  ult-ib-resp  \" data-min-width=\"768\" data-max-width=\"900\" style=\"background:rgba(0,0,0,0.98);\" data-opacity=\"1\" data-hover-opacity=\"0.5\" ><img decoding=\"async\" class=\"ult-new-ib-img\" style=\"opacity:1;\" alt=\"null\" src=\"https:\/\/www.araniasa.com\/wp-content\/uploads\/2019\/01\/arania-grupo.jpg\"   \/><div id=\"interactive-banner-wrap-8301\" class=\"ult-new-ib-desc\" style=\"\"><h3 class=\"ult-new-ib-title ult-responsive\"  data-ultimate-target='#interactive-banner-wrap-8301 .ult-new-ib-title'  data-responsive-json-new='{\"font-size\":\"desktop:30px;\",\"line-height\":\"\"}'  style=\"font-weight:bold;color:#ffffff;\">ARANIA<\/h3><div class=\"ult-new-ib-content ult-responsive\"  data-ultimate-target='#interactive-banner-wrap-8301 .ult-new-ib-content'  data-responsive-json-new='{\"font-size\":\"desktop:16px;\",\"line-height\":\"\"}'  style=\"font-weight:normal;\"><p>Im Jahr 1940 gegr\u00fcnde.<br \/>\nKaltgewalzter Pr\u00e4zisionsstahl.<\/p><\/div><\/div><\/div>[\/vc_column][vc_column width=&#8221;1\/4&#8243;]<div tabindex=\"0\" class=\"ult-new-ib ult-ib-effect-style10  ult-ib-resp  \" data-min-width=\"768\" data-max-width=\"900\" style=\"background:rgba(0,0,0,0.98);\" data-opacity=\"1\" data-hover-opacity=\"0.5\" ><img decoding=\"async\" class=\"ult-new-ib-img\" style=\"opacity:1;\" alt=\"null\" src=\"https:\/\/www.araniasa.com\/wp-content\/uploads\/2019\/01\/aratubo-grupo-arania.jpg\"   \/><div id=\"interactive-banner-wrap-7367\" class=\"ult-new-ib-desc\" style=\"\"><h3 class=\"ult-new-ib-title ult-responsive\"  data-ultimate-target='#interactive-banner-wrap-7367 .ult-new-ib-title'  data-responsive-json-new='{\"font-size\":\"desktop:30px;\",\"line-height\":\"\"}'  style=\"font-weight:bold;color:#ffffff;\">ARATUBO<\/h3><div class=\"ult-new-ib-content ult-responsive\"  data-ultimate-target='#interactive-banner-wrap-7367 .ult-new-ib-content'  data-responsive-json-new='{\"font-size\":\"desktop:16px;\",\"line-height\":\"\"}'  style=\"font-weight:normal;\"><p>Im Jahr 1997 gegr\u00fcndet.<br \/>\nGeschwei\u00dfte Stahlrohre.<\/p><\/div><\/div><a class=\"ult-new-ib-link\" href=\"https:\/\/www.aratubo.es\" target=\"_blank\" rel=\"noopener\"  ><\/a><\/div>[\/vc_column][vc_column width=&#8221;1\/4&#8243;]<div tabindex=\"0\" class=\"ult-new-ib ult-ib-effect-style10  ult-ib-resp  \" data-min-width=\"768\" data-max-width=\"900\" style=\"background:rgba(0,0,0,0.98);\" data-opacity=\"1\" data-hover-opacity=\"0.5\" ><img decoding=\"async\" class=\"ult-new-ib-img\" style=\"opacity:1;\" alt=\"null\" src=\"https:\/\/www.araniasa.com\/wp-content\/uploads\/2019\/01\/ar-shelving-grupo.jpg\"   \/><div id=\"interactive-banner-wrap-2812\" class=\"ult-new-ib-desc\" style=\"\"><h3 class=\"ult-new-ib-title ult-responsive\"  data-ultimate-target='#interactive-banner-wrap-2812 .ult-new-ib-title'  data-responsive-json-new='{\"font-size\":\"desktop:30px;\",\"line-height\":\"\"}'  style=\"font-weight:bold;color:#ffffff;\">AR SHELVING<\/h3><div class=\"ult-new-ib-content ult-responsive\"  data-ultimate-target='#interactive-banner-wrap-2812 .ult-new-ib-content'  data-responsive-json-new='{\"font-size\":\"desktop:16px;\",\"line-height\":\"\"}'  style=\"font-weight:normal;\"><p>Im Jahr 1991 gegr\u00fcndet.<br \/>\nLeichtlastregal-Systeme.<\/p><\/div><\/div><a class=\"ult-new-ib-link\" href=\"https:\/\/www.ar-shelving.es\/\" target=\"_blank\" rel=\"noopener\"  ><\/a><\/div>[\/vc_column][vc_column width=&#8221;1\/4&#8243;]<div tabindex=\"0\" class=\"ult-new-ib ult-ib-effect-style10  ult-ib-resp  \" data-min-width=\"768\" data-max-width=\"900\" style=\"background:rgba(0,0,0,0.98);\" data-opacity=\"1\" data-hover-opacity=\"0.5\" ><img decoding=\"async\" class=\"ult-new-ib-img\" style=\"opacity:1;\" alt=\"null\" src=\"https:\/\/www.araniasa.com\/wp-content\/uploads\/2019\/01\/ar-racking.jpg\"   \/><div id=\"interactive-banner-wrap-3241\" class=\"ult-new-ib-desc\" style=\"\"><h3 class=\"ult-new-ib-title ult-responsive\"  data-ultimate-target='#interactive-banner-wrap-3241 .ult-new-ib-title'  data-responsive-json-new='{\"font-size\":\"desktop:30px;\",\"line-height\":\"\"}'  style=\"font-weight:bold;color:#ffffff;\">AR RACKING<\/h3><div class=\"ult-new-ib-content ult-responsive\"  data-ultimate-target='#interactive-banner-wrap-3241 .ult-new-ib-content'  data-responsive-json-new='{\"font-size\":\"desktop:16px;\",\"line-height\":\"\"}'  style=\"font-weight:normal;\"><p>Im Jahr 2004 gegr\u00fcndet.<br \/>\nSchwerlastregal-Systeme.<\/p><\/div><\/div><a class=\"ult-new-ib-link\" href=\"https:\/\/www.ar-racking.com\/es\/inicio\" target=\"_blank\" rel=\"noopener\"  ><\/a><\/div>[\/vc_column][\/vc_row]<\/p>\n<\/div>","protected":false},"excerpt":{"rendered":"<p>[vc_row type=&#8221;vc_default&#8221; full_width=&#8221;stretch_row&#8221; content_placement=&#8221;middle&#8221; bg_type=&#8221;image&#8221; parallax_style=&#8221;vcpb-default&#8221; bg_image_new=&#8221;id^898|url^http:\/\/www.araniasa.com\/wp-content\/uploads\/2018\/11\/noticias-arania.jpg|caption^null|alt^null|title^noticias-arania|description^null&#8221; bg_image_posiiton=&#8221;center center&#8221; bg_override=&#8221;ex-full&#8221;][vc_column width=&#8221;1\/6&#8243;][\/vc_column][vc_column width=&#8221;2\/3&#8243;][vc_single_image image=&#8221;2043&#8243; img_size=&#8221;full&#8221; alignment=&#8221;center&#8221; css=&#8221;.vc_custom_1547114918693{margin-top: 0px !important;margin-bottom: 0px !important;}&#8221;][\/vc_column][vc_column width=&#8221;1\/6&#8243;][\/vc_column][\/vc_row][vc_row type=&#8221;vc_default&#8221; full_width=&#8221;stretch_row&#8221; bg_type=&#8221;image&#8221; parallax_style=&#8221;vcpb-default&#8221; bg_image_new=&#8221;id^215|url^http:\/\/www.araniasa.com\/wp-content\/uploads\/2018\/10\/textura-acero.jpg|caption^null|alt^null|title^textura-acero|description^null&#8221; bg_override=&#8221;ex-full&#8221; enable_overlay=&#8221;enable_overlay_value&#8221; overlay_color=&#8221;rgba(255,255,255,0.26)&#8221; css=&#8221;.vc_custom_1547114165825{margin-bottom: 0px !important;}&#8221;][vc_column][vc_empty_space height=&#8221;30px&#8221;][vc_row_inner equal_height=&#8221;yes&#8221; content_placement=&#8221;top&#8221; css=&#8221;.vc_custom_1540463820393{margin-top: 20px !important;}&#8221;][vc_column_inner width=&#8221;1\/3&#8243;][vc_separator color=&#8221;custom&#8221; el_width=&#8221;50&#8243; accent_color=&#8221;rgba(59,63,74,0.43)&#8221;][\/vc_column_inner][vc_column_inner width=&#8221;1\/3&#8243;][vc_separator color=&#8221;custom&#8221; el_width=&#8221;50&#8243; accent_color=&#8221;rgba(59,63,74,0.43)&#8221;][\/vc_column_inner][vc_column_inner width=&#8221;1\/3&#8243;][vc_separator color=&#8221;custom&#8221; el_width=&#8221;50&#8243; accent_color=&#8221;rgba(59,63,74,0.43)&#8221;][\/vc_column_inner][\/vc_row_inner][vc_row_inner equal_height=&#8221;yes&#8221; content_placement=&#8221;top&#8221; css=&#8221;.vc_custom_1540463820393{margin-top: 20px !important;}&#8221;][vc_column_inner&hellip;<\/p>\n","protected":false},"author":2,"featured_media":0,"parent":0,"menu_order":40,"comment_status":"closed","ping_status":"closed","template":"","meta":{"footnotes":""},"class_list":["post-2033","page","type-page","status-publish","hentry","description-off"],"_links":{"self":[{"href":"https:\/\/www.araniasa.com\/de\/wp-json\/wp\/v2\/pages\/2033","targetHints":{"allow":["GET"]}}],"collection":[{"href":"https:\/\/www.araniasa.com\/de\/wp-json\/wp\/v2\/pages"}],"about":[{"href":"https:\/\/www.araniasa.com\/de\/wp-json\/wp\/v2\/types\/page"}],"author":[{"embeddable":true,"href":"https:\/\/www.araniasa.com\/de\/wp-json\/wp\/v2\/users\/2"}],"replies":[{"embeddable":true,"href":"https:\/\/www.araniasa.com\/de\/wp-json\/wp\/v2\/comments?post=2033"}],"version-history":[{"count":3,"href":"https:\/\/www.araniasa.com\/de\/wp-json\/wp\/v2\/pages\/2033\/revisions"}],"predecessor-version":[{"id":6158,"href":"https:\/\/www.araniasa.com\/de\/wp-json\/wp\/v2\/pages\/2033\/revisions\/6158"}],"wp:attachment":[{"href":"https:\/\/www.araniasa.com\/de\/wp-json\/wp\/v2\/media?parent=2033"}],"curies":[{"name":"wp","href":"https:\/\/api.w.org\/{rel}","templated":true}]}}