{"id":2094,"date":"2018-12-20T10:22:43","date_gmt":"2018-12-20T10:22:43","guid":{"rendered":"http:\/\/www.araniasa.com\/aceros-alto-limite-elastico-y-aceros-microaleados-de-alta-resistencia\/"},"modified":"2024-07-10T13:47:32","modified_gmt":"2024-07-10T11:47:32","slug":"staehle-mit-hoher-elastizitaetsgrenze","status":"publish","type":"page","link":"https:\/\/www.araniasa.com\/de\/staehle-mit-hoher-elastizitaetsgrenze\/","title":{"rendered":"St\u00e4hle mit hoher Elastizit\u00e4tsgrenze"},"content":{"rendered":"<div class=\"wpb-content-wrapper\"><p>[vc_row type=&#8221;vc_default&#8221; full_width=&#8221;stretch_row&#8221; content_placement=&#8221;middle&#8221; bg_type=&#8221;image&#8221; parallax_style=&#8221;vcpb-default&#8221; bg_image_new=&#8221;id^709|url^http:\/\/www.araniasa.com\/wp-content\/uploads\/2018\/11\/automocion.jpg|caption^null|alt^null|title^automocion|description^null&#8221; bg_image_posiiton=&#8221;center center&#8221; bg_override=&#8221;ex-full&#8221; enable_overlay=&#8221;enable_overlay_value&#8221; overlay_color=&#8221;rgba(0,0,0,0.21)&#8221;][vc_column width=&#8221;1\/6&#8243;][\/vc_column][vc_column width=&#8221;2\/3&#8243;]<div class=\"ult-spacer spacer-69efa72d88662\" data-id=\"69efa72d88662\" data-height=\"100\" data-height-mobile=\"20\" data-height-tab=\"100\" data-height-tab-portrait=\"100\" data-height-mobile-landscape=\"20\" style=\"clear:both;display:block;\"><\/div><div id=\"ultimate-heading-279969efa72d88bb9\" class=\"uvc-heading ult-adjust-bottom-margin ultimate-heading-279969efa72d88bb9 uvc-5132  uvc-heading-default-font-sizes\" data-hspacer=\"image_only\"  data-halign=\"center\" style=\"text-align:center\"><div class=\"uvc-main-heading ult-responsive\"  data-ultimate-target='.uvc-heading.ultimate-heading-279969efa72d88bb9 h1'  data-responsive-json-new='{\"font-size\":\"\",\"line-height\":\"\"}' ><h1 style=\"--font-weight:theme;color:#ffffff;\">St\u00e4hle mit hoher Elastizit\u00e4tsgrenze<\/h1><\/div><div class=\"uvc-heading-spacer image_only\" style=\"margin-bottom:20px;\"><img decoding=\"async\" src=\"https:\/\/www.araniasa.com\/wp-content\/uploads\/2018\/10\/linea-circulos-arania.png\" class=\"ultimate-headings-icon-image\" alt=\"null\" style=\"width:250px\"\/><\/div><div class=\"uvc-sub-heading ult-responsive\"  data-ultimate-target='.uvc-heading.ultimate-heading-279969efa72d88bb9 .uvc-sub-heading '  data-responsive-json-new='{\"font-size\":\"desktop:18px;\",\"line-height\":\"desktop:26px;\"}'  style=\"font-weight:normal;color:#ffffff;\"><\/p>\n<p style=\"text-align: center;\">Mikrolegierte St\u00e4hle (Nb, Ti, V) mit niedrigem Kohlenstoffgehalt, die ausgezeichnete Verformungseigenschaften in Verbindung mit hohen Festigkeits- und elastischen Grenzwerten bieten.<\/p>\n<p><\/div><\/div><div class=\"ult-spacer spacer-69efa72d88c98\" data-id=\"69efa72d88c98\" data-height=\"60\" data-height-mobile=\"20\" data-height-tab=\"60\" data-height-tab-portrait=\"40\" data-height-mobile-landscape=\"20\" style=\"clear:both;display:block;\"><\/div>[\/vc_column][vc_column width=&#8221;1\/6&#8243;][\/vc_column][\/vc_row][vc_row type=&#8221;vc_default&#8221;][vc_column width=&#8221;1\/2&#8243;]<div id=\"ultimate-heading-643569efa72d890e2\" class=\"uvc-heading ult-adjust-bottom-margin ultimate-heading-643569efa72d890e2 uvc-3459 \" data-hspacer=\"image_only\"  data-halign=\"center\" style=\"text-align:center\"><div class=\"uvc-main-heading ult-responsive\"  data-ultimate-target='.uvc-heading.ultimate-heading-643569efa72d890e2 h3'  data-responsive-json-new='{\"font-size\":\"desktop:24px;\",\"line-height\":\"desktop:32px;\"}' ><h3 style=\"--font-weight:theme;\">Halter Sicherheitsgurt hinten<\/h3><\/div><div class=\"uvc-heading-spacer image_only\" style=\"margin-bottom:20px;\"><img decoding=\"async\" src=\"https:\/\/www.araniasa.com\/wp-content\/uploads\/2018\/10\/linea-circulos.png\" class=\"ultimate-headings-icon-image\" alt=\"null\" style=\"width:250px\"\/><\/div><\/div>[vc_column_text]<\/p>\n<div class=\"sketchfab-embed-wrapper\" style=\"text-align: center;\">\n<p><iframe loading=\"lazy\" src=\"https:\/\/sketchfab.com\/models\/8b834b2da41b4e9aa699e707988ffc08\/embed\" width=\"530\" height=\"300\" frameborder=\"0\"><span data-mce-type=\"bookmark\" style=\"display: inline-block; width: 0px; overflow: hidden; line-height: 0;\" class=\"mce_SELRES_start\">\ufeff<\/span><\/iframe><\/p>\n<\/div>\n<p>[\/vc_column_text][\/vc_column][vc_column width=&#8221;1\/2&#8243;]<div id=\"ultimate-heading-143469efa72d89281\" class=\"uvc-heading ult-adjust-bottom-margin ultimate-heading-143469efa72d89281 uvc-3687 \" data-hspacer=\"image_only\"  data-halign=\"center\" style=\"text-align:center\"><div class=\"uvc-main-heading ult-responsive\"  data-ultimate-target='.uvc-heading.ultimate-heading-143469efa72d89281 h3'  data-responsive-json-new='{\"font-size\":\"desktop:24px;\",\"line-height\":\"desktop:32px;\"}' ><h3 style=\"--font-weight:theme;\">Wandlergeh\u00e4use Automatikgetriebe<\/h3><\/div><div class=\"uvc-heading-spacer image_only\" style=\"margin-bottom:20px;\"><img decoding=\"async\" src=\"https:\/\/www.araniasa.com\/wp-content\/uploads\/2018\/10\/linea-circulos.png\" class=\"ultimate-headings-icon-image\" alt=\"null\" style=\"width:250px\"\/><\/div><\/div>[vc_single_image image=&#8221;1481&#8243; img_size=&#8221;full&#8221; alignment=&#8221;center&#8221; onclick=&#8221;zoom&#8221;][\/vc_column][\/vc_row][vc_row type=&#8221;vc_default&#8221; full_width=&#8221;stretch_row&#8221; equal_height=&#8221;yes&#8221; content_placement=&#8221;middle&#8221; bg_type=&#8221;bg_color&#8221; bg_override=&#8221;ex-full&#8221; bg_color_value=&#8221;rgba(224,224,224,0.87)&#8221; el_id=&#8221;mikrolegierte&#8221;][vc_column]<div class=\"ult-spacer spacer-69efa72d8931c\" data-id=\"69efa72d8931c\" data-height=\"20\" data-height-mobile=\"20\" data-height-tab=\"20\" data-height-tab-portrait=\"20\" data-height-mobile-landscape=\"20\" style=\"clear:both;display:block;\"><\/div>[vc_row_inner][vc_column_inner width=&#8221;1\/6&#8243;][\/vc_column_inner][vc_column_inner width=&#8221;2\/3&#8243;]<div id=\"ultimate-heading-563169efa72d89404\" class=\"uvc-heading ult-adjust-bottom-margin ultimate-heading-563169efa72d89404 uvc-2004  uvc-heading-default-font-sizes\" data-hspacer=\"image_only\"  data-halign=\"center\" style=\"text-align:center\"><div class=\"uvc-main-heading ult-responsive\"  data-ultimate-target='.uvc-heading.ultimate-heading-563169efa72d89404 h2'  data-responsive-json-new='{\"font-size\":\"\",\"line-height\":\"\"}' ><h2 style=\"--font-weight:theme;\">Mikrolegierte St\u00e4hle mit hoher Festigkeit und Elastizit\u00e4tsgrenze f\u00fcr Sonderanwendungen<\/h2><\/div><div class=\"uvc-heading-spacer image_only\" style=\"margin-bottom:20px;\"><img decoding=\"async\" src=\"https:\/\/www.araniasa.com\/wp-content\/uploads\/2018\/10\/linea-circulos-arania.png\" class=\"ultimate-headings-icon-image\" alt=\"null\" style=\"width:250px\"\/><\/div><div class=\"uvc-sub-heading ult-responsive\"  data-ultimate-target='.uvc-heading.ultimate-heading-563169efa72d89404 .uvc-sub-heading '  data-responsive-json-new='{\"font-size\":\"desktop:18px;\",\"line-height\":\"desktop:26px;\"}'  style=\"font-weight:normal;\"><\/p>\n<p style=\"text-align: center;\">Mikrolegierte St\u00e4hle mit Elastizit\u00e4tsgrenzwerten \u00fcber 600 Mpa, die speziell f\u00fcr Sonderanwendungen gestaltet sind.<\/p>\n<p><\/div><\/div>[\/vc_column_inner][vc_column_inner width=&#8221;1\/6&#8243;][\/vc_column_inner][\/vc_row_inner]<div class=\"ult-spacer spacer-69efa72d89493\" data-id=\"69efa72d89493\" data-height=\"50\" data-height-mobile=\"40\" data-height-tab=\"50\" data-height-tab-portrait=\"50\" data-height-mobile-landscape=\"40\" style=\"clear:both;display:block;\"><\/div>[\/vc_column][\/vc_row][vc_row type=&#8221;vc_default&#8221; bg_type=&#8221;bg_color&#8221; seperator_enable=&#8221;seperator_enable_value&#8221; seperator_type=&#8221;triangle_svg_seperator&#8221; seperator_svg_height=&#8221;30&#8243; seperator_shape_background=&#8221;rgba(224,224,224,0.87)&#8221; bg_color_value=&#8221;#ffffff&#8221; css=&#8221;.vc_custom_1547477074723{padding-top: 30px !important;}&#8221;][vc_column width=&#8221;1\/2&#8243;]<div id=\"ultimate-heading-161269efa72d89577\" class=\"uvc-heading ult-adjust-bottom-margin ultimate-heading-161269efa72d89577 uvc-7428 \" data-hspacer=\"image_only\"  data-halign=\"center\" style=\"text-align:center\"><div class=\"uvc-main-heading ult-responsive\"  data-ultimate-target='.uvc-heading.ultimate-heading-161269efa72d89577 h3'  data-responsive-json-new='{\"font-size\":\"desktop:24px;\",\"line-height\":\"desktop:32px;\"}' ><h3 style=\"--font-weight:theme;\">Halteelement Gurtaufwickler<\/h3><\/div><div class=\"uvc-heading-spacer image_only\" style=\"margin-bottom:20px;\"><img decoding=\"async\" src=\"https:\/\/www.araniasa.com\/wp-content\/uploads\/2018\/10\/linea-circulos.png\" class=\"ultimate-headings-icon-image\" alt=\"null\" style=\"width:250px\"\/><\/div><\/div>[vc_column_text]<\/p>\n<div class=\"sketchfab-embed-wrapper\">\n<p style=\"text-align: center;\"><iframe loading=\"lazy\" src=\"https:\/\/sketchfab.com\/models\/04ffbf3c767e4230bcff823ddf79251d\/embed?camera=0\" width=\"530\" height=\"300\" frameborder=\"0\"><\/iframe><\/p>\n<\/div>\n<p>[\/vc_column_text][\/vc_column][vc_column width=&#8221;1\/2&#8243;]<div id=\"ultimate-heading-363769efa72d8968f\" class=\"uvc-heading ult-adjust-bottom-margin ultimate-heading-363769efa72d8968f uvc-8499 \" data-hspacer=\"image_only\"  data-halign=\"center\" style=\"text-align:center\"><div class=\"uvc-main-heading ult-responsive\"  data-ultimate-target='.uvc-heading.ultimate-heading-363769efa72d8968f h3'  data-responsive-json-new='{\"font-size\":\"desktop:24px;\",\"line-height\":\"desktop:32px;\"}' ><h3 style=\"--font-weight:theme;\">Getriebelamelle<\/h3><\/div><div class=\"uvc-heading-spacer image_only\" style=\"margin-bottom:20px;\"><img decoding=\"async\" src=\"https:\/\/www.araniasa.com\/wp-content\/uploads\/2018\/10\/linea-circulos.png\" class=\"ultimate-headings-icon-image\" alt=\"null\" style=\"width:250px\"\/><\/div><\/div>[vc_single_image image=&#8221;1483&#8243; img_size=&#8221;full&#8221; alignment=&#8221;center&#8221; onclick=&#8221;zoom&#8221;][\/vc_column][\/vc_row][vc_row type=&#8221;vc_default&#8221; bg_type=&#8221;image&#8221; parallax_style=&#8221;vcpb-default&#8221; bg_image_new=&#8221;id^695|url^http:\/\/www.araniasa.com\/wp-content\/uploads\/2018\/11\/banner-acero-altocarbono.jpg|caption^null|alt^null|title^banner-acero-altocarbono|description^null&#8221; bg_image_repeat=&#8221;no-repeat&#8221; bg_override=&#8221;full&#8221; css=&#8221;.vc_custom_1542366575373{margin-top: 20px !important;}&#8221;][vc_column]<div class=\"ult-spacer spacer-69efa72d896f8\" data-id=\"69efa72d896f8\" data-height=\"20\" data-height-mobile=\"\" data-height-tab=\"20\" data-height-tab-portrait=\"\" data-height-mobile-landscape=\"\" style=\"clear:both;display:block;\"><\/div>[vc_column_text css=&#8221;.vc_custom_1720526354084{margin-bottom: 20px !important;}&#8221;]<\/p>\n<h2 class=\"p1\" style=\"font-szie: 27px; text-align: center; color: white;\">Laden Sie sich unsere Tabelle mit St\u00e4hlen mit hoher Elastizit\u00e4tsgrenze und mikrolegierten St\u00e4hlen mit hoher Festigkeit und Elastizit\u00e4tsgrenze f\u00fcr Sonderanwendungen herunter<\/h2>\n<p>[\/vc_column_text][vc_btn title=&#8221;PDF HERUNTERLADEN&#8221; style=&#8221;outline-custom&#8221; outline_custom_color=&#8221;#ffffff&#8221; outline_custom_hover_background=&#8221;#009fe3&#8243; outline_custom_hover_text=&#8221;#ffffff&#8221; align=&#8221;center&#8221; i_icon_fontawesome=&#8221;fa fa-file-pdf-o&#8221; add_icon=&#8221;true&#8221; link=&#8221;url:%2Fwp-content%2Fuploads%2F2019%2F05%2FArania-aceros-alto-limite-elastico-y-microaleados-de.pdf||target:%20_blank|&#8221;]<div class=\"ult-spacer spacer-69efa72d89738\" data-id=\"69efa72d89738\" data-height=\"20\" data-height-mobile=\"\" data-height-tab=\"20\" data-height-tab-portrait=\"\" data-height-mobile-landscape=\"\" style=\"clear:both;display:block;\"><\/div>[\/vc_column][\/vc_row][vc_row type=&#8221;vc_default&#8221; bg_type=&#8221;bg_color&#8221; bg_color_value=&#8221;#ffffff&#8221;][vc_column width=&#8221;1\/6&#8243;][\/vc_column][vc_column width=&#8221;2\/3&#8243;]<div class=\"ult-spacer spacer-69efa72d8976f\" data-id=\"69efa72d8976f\" data-height=\"20\" data-height-mobile=\"0\" data-height-tab=\"20\" data-height-tab-portrait=\"20\" data-height-mobile-landscape=\"0\" style=\"clear:both;display:block;\"><\/div><div id=\"ultimate-heading-594769efa72d897d2\" class=\"uvc-heading ult-adjust-bottom-margin ultimate-heading-594769efa72d897d2 uvc-8872 \" data-hspacer=\"no_spacer\"  data-halign=\"center\" style=\"text-align:center\"><div class=\"uvc-heading-spacer no_spacer\" style=\"top\"><\/div><div class=\"uvc-main-heading ult-responsive\"  data-ultimate-target='.uvc-heading.ultimate-heading-594769efa72d897d2 h2'  data-responsive-json-new='{\"font-size\":\"desktop:24px;\",\"line-height\":\"desktop:32px;\"}' ><h2 style=\"font-weight:bold;color:#3b3f4a;\">Suchen Sie nach weiteren Informationen \u00fcber unser Angebot an St\u00e4hlen mit hoher Streckgrenze?<\/h2><\/div><div class=\"uvc-sub-heading ult-responsive\"  data-ultimate-target='.uvc-heading.ultimate-heading-594769efa72d897d2 .uvc-sub-heading '  data-responsive-json-new='{\"font-size\":\"desktop:18px;\",\"line-height\":\"desktop:26px;\"}'  style=\"font-weight:normal;color:#3b3f4a;\"><\/p>\n<p class=\"p1\">Dann f\u00fcllen Sie bitte das folgende Formular aus. Wir beantworten Ihre spezifischen Anfragen und informieren Sie schnell und effizient \u00fcber die Entwicklung neuer Produkte.<\/p>\n<p><\/div><\/div><div class=\"ult-spacer spacer-69efa72d8984d\" data-id=\"69efa72d8984d\" data-height=\"20\" data-height-mobile=\"20\" data-height-tab=\"20\" data-height-tab-portrait=\"20\" data-height-mobile-landscape=\"20\" style=\"clear:both;display:block;\"><\/div>\n<div class=\"wpcf7 no-js\" id=\"wpcf7-f455-o1\" lang=\"es-ES\" dir=\"ltr\" data-wpcf7-id=\"455\">\n<div class=\"screen-reader-response\"><p role=\"status\" aria-live=\"polite\" aria-atomic=\"true\"><\/p> <ul><\/ul><\/div>\n<form action=\"\/de\/wp-json\/wp\/v2\/pages\/2094#wpcf7-f455-o1\" method=\"post\" class=\"wpcf7-form init\" aria-label=\"Contact form\" novalidate=\"novalidate\" data-status=\"init\">\n<fieldset class=\"hidden-fields-container\"><input type=\"hidden\" name=\"_wpcf7\" value=\"455\" \/><input type=\"hidden\" name=\"_wpcf7_version\" value=\"6.1.2\" \/><input type=\"hidden\" name=\"_wpcf7_locale\" value=\"es_ES\" \/><input type=\"hidden\" name=\"_wpcf7_unit_tag\" value=\"wpcf7-f455-o1\" \/><input type=\"hidden\" name=\"_wpcf7_container_post\" value=\"0\" \/><input type=\"hidden\" name=\"_wpcf7_posted_data_hash\" value=\"\" \/><input type=\"hidden\" name=\"_wpcf7_recaptcha_response\" value=\"\" \/>\n<\/fieldset>\n<div id=\"responsive-form\" class=\"clearfix\">\n\t<div class=\"form-row\">\n\t\t<div class=\"column-half\">\n\t\t\t<p><span class=\"wpcf7-form-control-wrap\" data-name=\"your-empresa\"><input size=\"40\" maxlength=\"400\" class=\"wpcf7-form-control wpcf7-text wpcf7-validates-as-required\" aria-required=\"true\" aria-invalid=\"false\" placeholder=\"Unternehmen *\" value=\"\" type=\"text\" name=\"your-empresa\" \/><\/span>\n\t\t\t<\/p>\n\t\t<\/div>\n\t\t<div class=\"column-half\">\n\t\t\t<p><span class=\"wpcf7-form-control-wrap\" data-name=\"your-name\"><input size=\"40\" maxlength=\"400\" class=\"wpcf7-form-control wpcf7-text wpcf7-validates-as-required\" aria-required=\"true\" aria-invalid=\"false\" placeholder=\"Name *\" value=\"\" type=\"text\" name=\"your-name\" \/><\/span>\n\t\t\t<\/p>\n\t\t<\/div>\n\t<\/div>\n\t<div class=\"form-row\">\n\t\t<div class=\"column-half\">\n\t\t\t<p><span class=\"wpcf7-form-control-wrap\" data-name=\"tel-247\"><input size=\"40\" maxlength=\"400\" class=\"wpcf7-form-control wpcf7-tel wpcf7-validates-as-required wpcf7-text wpcf7-validates-as-tel\" aria-required=\"true\" aria-invalid=\"false\" placeholder=\"Telefonnummer *\" value=\"\" type=\"tel\" name=\"tel-247\" \/><\/span>\n\t\t\t<\/p>\n\t\t<\/div>\n\t\t<div class=\"column-half\">\n\t\t\t<p><span class=\"wpcf7-form-control-wrap\" data-name=\"your-email\"><input size=\"40\" maxlength=\"400\" class=\"wpcf7-form-control wpcf7-email wpcf7-validates-as-required wpcf7-text wpcf7-validates-as-email\" aria-required=\"true\" aria-invalid=\"false\" placeholder=\"E-Mail-Adresse *\" value=\"\" type=\"email\" name=\"your-email\" \/><\/span>\n\t\t\t<\/p>\n\t\t<\/div>\n\t<\/div>\n\t<div class=\"form-row\">\n\t\t<div class=\"column-half\">\n\t\t\t<p><span class=\"wpcf7-form-control-wrap\" data-name=\"gama\"><select class=\"wpcf7-form-control wpcf7-select wpcf7-validates-as-required\" aria-required=\"true\" aria-invalid=\"false\" name=\"gama\"><option value=\"-- Ben\u00f6tigtes Stahlsortiment --\">-- Ben\u00f6tigtes Stahlsortiment --<\/option><option value=\"staehle-mit-niedrigem-kohlenstoffgehalt\">staehle-mit-niedrigem-kohlenstoffgehalt<\/option><option value=\"staehle-mit-hohem-kohlenstoffgehalt\">staehle-mit-hohem-kohlenstoffgehalt<\/option><option value=\"staehle-mit-hoher-elastizitaetsgrenze\">staehle-mit-hoher-elastizitaetsgrenze<\/option><option value=\"sonderqualitaeten\">sonderqualitaeten<\/option><\/select><\/span>\n\t\t\t<\/p>\n\t\t<\/div>\n\t<\/div>\n\t<div class=\"form-row\">\n\t\t<div class=\"column-half\">\n\t\t\t<p><span class=\"wpcf7-form-control-wrap\" data-name=\"Espesor\"><select class=\"wpcf7-form-control wpcf7-select wpcf7-validates-as-required\" aria-required=\"true\" aria-invalid=\"false\" name=\"Espesor\"><option value=\"-- St\u00e4rke --\">-- St\u00e4rke --<\/option><option value=\"0,2 mm\">0,2 mm<\/option><option value=\"1 mm\">1 mm<\/option><option value=\"2 mm\">2 mm<\/option><option value=\"3 mm\">3 mm<\/option><option value=\"4 mm\">4 mm<\/option><option value=\"5mm\">5mm<\/option><option value=\"6 mm\">6 mm<\/option><option value=\"7 mm\">7 mm<\/option><option value=\"8 mm\">8 mm<\/option><\/select><\/span>\n\t\t\t<\/p>\n\t\t<\/div>\n\t<\/div>\n\t<div class=\"terms\" style=\"margin-bottom:10px;\">\n\t\t<p><span class=\"wpcf7-form-control-wrap\" data-name=\"acceptance-831\"><span class=\"wpcf7-form-control wpcf7-acceptance\"><span class=\"wpcf7-list-item\"><input type=\"checkbox\" name=\"acceptance-831\" value=\"1\" aria-invalid=\"false\" \/><\/span><\/span><\/span><a href=\"\/aviso-legal\/\" style=\"font-size:12px; color: #3b3f4a;text-decoration:none;margin-left:5px;\" target=\"_blank\">Ich erkl\u00e4re mich mit den rechtlichen Bestimmungen und der Datenschutzpolitik einverstanden<\/a>\n\t\t<\/p>\n\t<\/div>\n\t<p style=\"font-size:12px;line-height:17px;\">Verantwortliche:\u00a0ARANIA S.A.NIF: A48035158. Direcci\u00f3n: B\u00aa San Antonio s\/n, 48340 Zur Angleichung von ARANIA, S.A. (im folgenden ARANIA genannt) an die EU-Verordnung 2016\/679 des Europ\u00e4ischen Parlaments und des Rates vom 27. April 2016, zum Schutz nat\u00fcrlicher Personen bei der Verarbeitung personenbezogener Daten und zum freien Verkehr dieser Daten (RGPD), sowie zur Einhaltung des Artikels 13 derselben wenden wir uns an Sie, um Sie dar\u00fcber aufzukl\u00e4ren, dass die bez\u00fcglich Ihrer Firma angegebenen Kontaktdaten von uns zur Pflege der entsprechenden gesch\u00e4ftlichen Vertragsbeziehungen verarbeitet werden.<br \/>\nDie gesetzliche Grundlage f\u00fcr die Datenverarbeitung liegt in der korrekten Ausf\u00fchrung dieser Vertragsbeziehung. Besagte Daten sind daf\u00fcr unumg\u00e4nglich, da ohne ihre Erhebung keine w\u00fcnschenswerte Beziehung zwischen den Parteien unterhalten werden k\u00f6nnte.<br \/>\n<span class=\"mas\" style=\"cursor:pointer;color:#00498f\">mehr erfahren<\/span><br \/>\n<span class=\"mas-texto\">Die Daten werden so lange gespeichert, wie die gesch\u00e4ftliche Beziehung besteht und ihre L\u00f6schung nicht beantragt wird, aber jedenfalls unter Einhaltung der gesetzlich festgelegten, einschl\u00e4gigen Verj\u00e4hrungsfristen. Die Daten werden weder an Dritte weitergegeben, noch auf internationaler Ebene \u00fcbermittelt.<br \/>\nDas Recht auf Zugang, Berichtigung, L\u00f6schung, Portieren und Beschr\u00e4nkung oder Widerspruch k\u00f6nnen Sie dadurch wahrnehmen, dass Sie sich schriftlich an den Gesch\u00e4ftssitz des Verantwortlichen wenden.<br \/>\nAu\u00dferdem kann, wenn das Interesse besteht, das Reklamationsrecht bei der Aufsichtsbeh\u00f6rde in Anspruch genommen werden. (Agencia Espa\u00f1ola de Protecci\u00f3n de Datos: <a href=\"https:\/\/www.aepd.es\/\" target=\"_blank\" rel=\"noreferrer\">www.agpd.es<\/a>).<br \/>\n<\/span>\n\t<\/p>\n<input class=\"wpcf7-form-control wpcf7-hidden\" value=\"formulario,english,aleman,form-tipo-gama\" type=\"hidden\" name=\"etiquetas\" \/>\n<input class=\"wpcf7-form-control wpcf7-hidden clientify_cookie\" value=\"\" type=\"hidden\" name=\"clientify_cookie\" \/>\n\t<p><input class=\"wpcf7-form-control wpcf7-submit has-spinner\" type=\"submit\" value=\"Senden\" \/>\n\t<\/p>\n<\/div>\n\n\n<!--end responsive-form--><div class=\"wpcf7-response-output\" aria-hidden=\"true\"><\/div>\n<\/form>\n<\/div>\n<div class=\"ult-spacer spacer-69efa72d8b246\" data-id=\"69efa72d8b246\" data-height=\"40\" data-height-mobile=\"20\" data-height-tab=\"40\" data-height-tab-portrait=\"40\" data-height-mobile-landscape=\"20\" style=\"clear:both;display:block;\"><\/div>[\/vc_column][vc_column width=&#8221;1\/6&#8243;][\/vc_column][\/vc_row]<\/p>\n<\/div>","protected":false},"excerpt":{"rendered":"<p>[vc_row type=&#8221;vc_default&#8221; full_width=&#8221;stretch_row&#8221; content_placement=&#8221;middle&#8221; bg_type=&#8221;image&#8221; parallax_style=&#8221;vcpb-default&#8221; bg_image_new=&#8221;id^709|url^http:\/\/www.araniasa.com\/wp-content\/uploads\/2018\/11\/automocion.jpg|caption^null|alt^null|title^automocion|description^null&#8221; bg_image_posiiton=&#8221;center center&#8221; bg_override=&#8221;ex-full&#8221; enable_overlay=&#8221;enable_overlay_value&#8221; overlay_color=&#8221;rgba(0,0,0,0.21)&#8221;][vc_column width=&#8221;1\/6&#8243;][\/vc_column][vc_column width=&#8221;2\/3&#8243;][\/vc_column][vc_column width=&#8221;1\/6&#8243;][\/vc_column][\/vc_row][vc_row type=&#8221;vc_default&#8221;][vc_column width=&#8221;1\/2&#8243;][vc_column_text] \ufeff [\/vc_column_text][\/vc_column][vc_column width=&#8221;1\/2&#8243;][vc_single_image image=&#8221;1481&#8243; img_size=&#8221;full&#8221; alignment=&#8221;center&#8221; onclick=&#8221;zoom&#8221;][\/vc_column][\/vc_row][vc_row type=&#8221;vc_default&#8221; full_width=&#8221;stretch_row&#8221; equal_height=&#8221;yes&#8221; content_placement=&#8221;middle&#8221; bg_type=&#8221;bg_color&#8221; bg_override=&#8221;ex-full&#8221; bg_color_value=&#8221;rgba(224,224,224,0.87)&#8221; el_id=&#8221;mikrolegierte&#8221;][vc_column][vc_row_inner][vc_column_inner width=&#8221;1\/6&#8243;][\/vc_column_inner][vc_column_inner width=&#8221;2\/3&#8243;][\/vc_column_inner][vc_column_inner width=&#8221;1\/6&#8243;][\/vc_column_inner][\/vc_row_inner][\/vc_column][\/vc_row][vc_row type=&#8221;vc_default&#8221; bg_type=&#8221;bg_color&#8221; seperator_enable=&#8221;seperator_enable_value&#8221; seperator_type=&#8221;triangle_svg_seperator&#8221; seperator_svg_height=&#8221;30&#8243; seperator_shape_background=&#8221;rgba(224,224,224,0.87)&#8221; bg_color_value=&#8221;#ffffff&#8221; css=&#8221;.vc_custom_1547477074723{padding-top: 30px !important;}&#8221;][vc_column width=&#8221;1\/2&#8243;][vc_column_text] [\/vc_column_text][\/vc_column][vc_column width=&#8221;1\/2&#8243;][vc_single_image image=&#8221;1483&#8243; img_size=&#8221;full&#8221; alignment=&#8221;center&#8221; onclick=&#8221;zoom&#8221;][\/vc_column][\/vc_row][vc_row type=&#8221;vc_default&#8221; bg_type=&#8221;image&#8221; parallax_style=&#8221;vcpb-default&#8221;&hellip;<\/p>\n","protected":false},"author":2,"featured_media":0,"parent":0,"menu_order":90,"comment_status":"closed","ping_status":"closed","template":"","meta":{"footnotes":""},"class_list":["post-2094","page","type-page","status-publish","hentry","description-off"],"_links":{"self":[{"href":"https:\/\/www.araniasa.com\/de\/wp-json\/wp\/v2\/pages\/2094","targetHints":{"allow":["GET"]}}],"collection":[{"href":"https:\/\/www.araniasa.com\/de\/wp-json\/wp\/v2\/pages"}],"about":[{"href":"https:\/\/www.araniasa.com\/de\/wp-json\/wp\/v2\/types\/page"}],"author":[{"embeddable":true,"href":"https:\/\/www.araniasa.com\/de\/wp-json\/wp\/v2\/users\/2"}],"replies":[{"embeddable":true,"href":"https:\/\/www.araniasa.com\/de\/wp-json\/wp\/v2\/comments?post=2094"}],"version-history":[{"count":0,"href":"https:\/\/www.araniasa.com\/de\/wp-json\/wp\/v2\/pages\/2094\/revisions"}],"wp:attachment":[{"href":"https:\/\/www.araniasa.com\/de\/wp-json\/wp\/v2\/media?parent=2094"}],"curies":[{"name":"wp","href":"https:\/\/api.w.org\/{rel}","templated":true}]}}