{"id":2121,"date":"2019-01-14T12:22:12","date_gmt":"2019-01-14T12:22:12","guid":{"rendered":"http:\/\/www.araniasa.com\/calidades-especiales\/"},"modified":"2019-05-09T15:35:59","modified_gmt":"2019-05-09T15:35:59","slug":"sonderqualitaeten","status":"publish","type":"page","link":"https:\/\/www.araniasa.com\/de\/sonderqualitaeten\/","title":{"rendered":"Sonderqualit\u00e4ten"},"content":{"rendered":"<div class=\"wpb-content-wrapper\"><p>[vc_row type=&#8221;vc_default&#8221; full_width=&#8221;stretch_row&#8221; content_placement=&#8221;middle&#8221; bg_type=&#8221;image&#8221; parallax_style=&#8221;vcpb-default&#8221; bg_image_new=&#8221;id^709|url^http:\/\/www.araniasa.com\/wp-content\/uploads\/2018\/11\/automocion.jpg|caption^null|alt^null|title^automocion|description^null&#8221; bg_image_posiiton=&#8221;center center&#8221; bg_override=&#8221;ex-full&#8221; enable_overlay=&#8221;enable_overlay_value&#8221; overlay_color=&#8221;rgba(0,0,0,0.21)&#8221;][vc_column width=&#8221;1\/6&#8243;][\/vc_column][vc_column width=&#8221;2\/3&#8243;]<div class=\"ult-spacer spacer-69e34038a5480\" data-id=\"69e34038a5480\" data-height=\"100\" data-height-mobile=\"20\" data-height-tab=\"100\" data-height-tab-portrait=\"100\" data-height-mobile-landscape=\"20\" style=\"clear:both;display:block;\"><\/div><div id=\"ultimate-heading-329969e34038a5836\" class=\"uvc-heading ult-adjust-bottom-margin ultimate-heading-329969e34038a5836 uvc-6933  uvc-heading-default-font-sizes\" data-hspacer=\"image_only\"  data-halign=\"center\" style=\"text-align:center\"><div class=\"uvc-main-heading ult-responsive\"  data-ultimate-target='.uvc-heading.ultimate-heading-329969e34038a5836 h1'  data-responsive-json-new='{\"font-size\":\"\",\"line-height\":\"\"}' ><h1 style=\"--font-weight:theme;color:#ffffff;\">Sonderqualit\u00e4ten<\/h1><\/div><div class=\"uvc-heading-spacer image_only\" style=\"margin-bottom:20px;\"><img decoding=\"async\" src=\"https:\/\/www.araniasa.com\/wp-content\/uploads\/2018\/10\/linea-circulos-arania.png\" class=\"ultimate-headings-icon-image\" alt=\"null\" style=\"width:250px\"\/><\/div><div class=\"uvc-sub-heading ult-responsive\"  data-ultimate-target='.uvc-heading.ultimate-heading-329969e34038a5836 .uvc-sub-heading '  data-responsive-json-new='{\"font-size\":\"desktop:18px;\",\"line-height\":\"desktop:26px;\"}'  style=\"font-weight:normal;color:#ffffff;\"><\/p>\n<p style=\"text-align: center;\">Angebot spezifischer Qualit\u00e4ten f\u00fcr Sonderanwendungen (Schl\u00fcssel, S\u00e4gen&#8230;)<\/p>\n<p><\/div><\/div><div class=\"ult-spacer spacer-69e34038a58ec\" data-id=\"69e34038a58ec\" data-height=\"60\" data-height-mobile=\"20\" data-height-tab=\"60\" data-height-tab-portrait=\"40\" data-height-mobile-landscape=\"20\" style=\"clear:both;display:block;\"><\/div>[\/vc_column][vc_column width=&#8221;1\/6&#8243;][\/vc_column][\/vc_row][vc_row type=&#8221;vc_default&#8221;][vc_column width=&#8221;1\/2&#8243;]<div id=\"ultimate-heading-530069e34038a5c1f\" class=\"uvc-heading ult-adjust-bottom-margin ultimate-heading-530069e34038a5c1f uvc-6288 \" data-hspacer=\"image_only\"  data-halign=\"center\" style=\"text-align:center\"><div class=\"uvc-main-heading ult-responsive\"  data-ultimate-target='.uvc-heading.ultimate-heading-530069e34038a5c1f h2'  data-responsive-json-new='{\"font-size\":\"desktop:24px;\",\"line-height\":\"desktop:32px;\"}' ><h2 style=\"--font-weight:theme;\">Schl\u00fcssel<\/h2><\/div><div class=\"uvc-heading-spacer image_only\" style=\"margin-bottom:20px;\"><img decoding=\"async\" src=\"https:\/\/www.araniasa.com\/wp-content\/uploads\/2018\/10\/linea-circulos.png\" class=\"ultimate-headings-icon-image\" alt=\"null\" style=\"width:250px\"\/><\/div><\/div>[vc_single_image image=&#8221;1511&#8243; img_size=&#8221;full&#8221; alignment=&#8221;center&#8221; onclick=&#8221;zoom&#8221;][\/vc_column][vc_column width=&#8221;1\/2&#8243;]<div id=\"ultimate-heading-568969e34038a5d54\" class=\"uvc-heading ult-adjust-bottom-margin ultimate-heading-568969e34038a5d54 uvc-448 \" data-hspacer=\"image_only\"  data-halign=\"center\" style=\"text-align:center\"><div class=\"uvc-main-heading ult-responsive\"  data-ultimate-target='.uvc-heading.ultimate-heading-568969e34038a5d54 h2'  data-responsive-json-new='{\"font-size\":\"desktop:24px;\",\"line-height\":\"desktop:32px;\"}' ><h2 style=\"--font-weight:theme;\">Bands\u00e4gen (Band)<\/h2><\/div><div class=\"uvc-heading-spacer image_only\" style=\"margin-bottom:20px;\"><img decoding=\"async\" src=\"https:\/\/www.araniasa.com\/wp-content\/uploads\/2018\/10\/linea-circulos.png\" class=\"ultimate-headings-icon-image\" alt=\"null\" style=\"width:250px\"\/><\/div><\/div>[vc_single_image image=&#8221;1567&#8243; img_size=&#8221;full&#8221; alignment=&#8221;center&#8221; onclick=&#8221;zoom&#8221;][\/vc_column][\/vc_row][vc_row][vc_column][vc_separator border_width=&#8221;3&#8243;][\/vc_column][\/vc_row][vc_row type=&#8221;vc_default&#8221; bg_type=&#8221;bg_color&#8221; bg_override=&#8221;full&#8221; bg_color_value=&#8221;#9e9e9e&#8221;][vc_column width=&#8221;1\/6&#8243;][\/vc_column][vc_column width=&#8221;2\/3&#8243;]<div class=\"ult-spacer spacer-69e34038a5dc6\" data-id=\"69e34038a5dc6\" data-height=\"10\" data-height-mobile=\"10\" data-height-tab=\"10\" data-height-tab-portrait=\"10\" data-height-mobile-landscape=\"10\" style=\"clear:both;display:block;\"><\/div><div id=\"ultimate-heading-366869e34038a5e25\" class=\"uvc-heading ult-adjust-bottom-margin ultimate-heading-366869e34038a5e25 uvc-7080 \" data-hspacer=\"no_spacer\"  data-halign=\"center\" style=\"text-align:center\"><div class=\"uvc-heading-spacer no_spacer\" style=\"top\"><\/div><div class=\"uvc-main-heading ult-responsive\"  data-ultimate-target='.uvc-heading.ultimate-heading-366869e34038a5e25 h2'  data-responsive-json-new='{\"font-size\":\"desktop:24px;\",\"line-height\":\"desktop:32px;\"}' ><h2 style=\"font-weight:bold;color:#3b3f4a;\">W\u00fcnschen Sie Auskunft \u00fcber unser Stahlsortiment?<\/h2><\/div><div class=\"uvc-sub-heading ult-responsive\"  data-ultimate-target='.uvc-heading.ultimate-heading-366869e34038a5e25 .uvc-sub-heading '  data-responsive-json-new='{\"font-size\":\"desktop:18px;\",\"line-height\":\"desktop:26px;\"}'  style=\"font-weight:normal;color:#3b3f4a;\"><\/p>\n<p class=\"p1\">Dann f\u00fcllen Sie bitte das folgende Formular aus. Wir beantworten Ihre spezifischen Anfragen und informieren Sie schnell und effizient \u00fcber die Entwicklung neuer Produkte.<\/p>\n<p><\/div><\/div><div class=\"ult-spacer spacer-69e34038a5e7f\" data-id=\"69e34038a5e7f\" data-height=\"20\" data-height-mobile=\"20\" data-height-tab=\"20\" data-height-tab-portrait=\"20\" data-height-mobile-landscape=\"20\" style=\"clear:both;display:block;\"><\/div>\n<div class=\"wpcf7 no-js\" id=\"wpcf7-f455-o1\" lang=\"es-ES\" dir=\"ltr\" data-wpcf7-id=\"455\">\n<div class=\"screen-reader-response\"><p role=\"status\" aria-live=\"polite\" aria-atomic=\"true\"><\/p> <ul><\/ul><\/div>\n<form action=\"\/de\/wp-json\/wp\/v2\/pages\/2121#wpcf7-f455-o1\" method=\"post\" class=\"wpcf7-form init\" aria-label=\"Contact form\" novalidate=\"novalidate\" data-status=\"init\">\n<fieldset class=\"hidden-fields-container\"><input type=\"hidden\" name=\"_wpcf7\" value=\"455\" \/><input type=\"hidden\" name=\"_wpcf7_version\" value=\"6.1.2\" \/><input type=\"hidden\" name=\"_wpcf7_locale\" value=\"es_ES\" \/><input type=\"hidden\" name=\"_wpcf7_unit_tag\" value=\"wpcf7-f455-o1\" \/><input type=\"hidden\" name=\"_wpcf7_container_post\" value=\"0\" \/><input type=\"hidden\" name=\"_wpcf7_posted_data_hash\" value=\"\" \/><input type=\"hidden\" name=\"_wpcf7_recaptcha_response\" value=\"\" \/>\n<\/fieldset>\n<div id=\"responsive-form\" class=\"clearfix\">\n\t<div class=\"form-row\">\n\t\t<div class=\"column-half\">\n\t\t\t<p><span class=\"wpcf7-form-control-wrap\" data-name=\"your-empresa\"><input size=\"40\" maxlength=\"400\" class=\"wpcf7-form-control wpcf7-text wpcf7-validates-as-required\" aria-required=\"true\" aria-invalid=\"false\" placeholder=\"Unternehmen *\" value=\"\" type=\"text\" name=\"your-empresa\" \/><\/span>\n\t\t\t<\/p>\n\t\t<\/div>\n\t\t<div class=\"column-half\">\n\t\t\t<p><span class=\"wpcf7-form-control-wrap\" data-name=\"your-name\"><input size=\"40\" maxlength=\"400\" class=\"wpcf7-form-control wpcf7-text wpcf7-validates-as-required\" aria-required=\"true\" aria-invalid=\"false\" placeholder=\"Name *\" value=\"\" type=\"text\" name=\"your-name\" \/><\/span>\n\t\t\t<\/p>\n\t\t<\/div>\n\t<\/div>\n\t<div class=\"form-row\">\n\t\t<div class=\"column-half\">\n\t\t\t<p><span class=\"wpcf7-form-control-wrap\" data-name=\"tel-247\"><input size=\"40\" maxlength=\"400\" class=\"wpcf7-form-control wpcf7-tel wpcf7-validates-as-required wpcf7-text wpcf7-validates-as-tel\" aria-required=\"true\" aria-invalid=\"false\" placeholder=\"Telefonnummer *\" value=\"\" type=\"tel\" name=\"tel-247\" \/><\/span>\n\t\t\t<\/p>\n\t\t<\/div>\n\t\t<div class=\"column-half\">\n\t\t\t<p><span class=\"wpcf7-form-control-wrap\" data-name=\"your-email\"><input size=\"40\" maxlength=\"400\" class=\"wpcf7-form-control wpcf7-email wpcf7-validates-as-required wpcf7-text wpcf7-validates-as-email\" aria-required=\"true\" aria-invalid=\"false\" placeholder=\"E-Mail-Adresse *\" value=\"\" type=\"email\" name=\"your-email\" \/><\/span>\n\t\t\t<\/p>\n\t\t<\/div>\n\t<\/div>\n\t<div class=\"form-row\">\n\t\t<div class=\"column-half\">\n\t\t\t<p><span class=\"wpcf7-form-control-wrap\" data-name=\"gama\"><select class=\"wpcf7-form-control wpcf7-select wpcf7-validates-as-required\" aria-required=\"true\" aria-invalid=\"false\" name=\"gama\"><option value=\"-- Ben\u00f6tigtes Stahlsortiment --\">-- Ben\u00f6tigtes Stahlsortiment --<\/option><option value=\"staehle-mit-niedrigem-kohlenstoffgehalt\">staehle-mit-niedrigem-kohlenstoffgehalt<\/option><option value=\"staehle-mit-hohem-kohlenstoffgehalt\">staehle-mit-hohem-kohlenstoffgehalt<\/option><option value=\"staehle-mit-hoher-elastizitaetsgrenze\">staehle-mit-hoher-elastizitaetsgrenze<\/option><option value=\"sonderqualitaeten\">sonderqualitaeten<\/option><\/select><\/span>\n\t\t\t<\/p>\n\t\t<\/div>\n\t<\/div>\n\t<div class=\"form-row\">\n\t\t<div class=\"column-half\">\n\t\t\t<p><span class=\"wpcf7-form-control-wrap\" data-name=\"Espesor\"><select class=\"wpcf7-form-control wpcf7-select wpcf7-validates-as-required\" aria-required=\"true\" aria-invalid=\"false\" name=\"Espesor\"><option value=\"-- St\u00e4rke --\">-- St\u00e4rke --<\/option><option value=\"0,2 mm\">0,2 mm<\/option><option value=\"1 mm\">1 mm<\/option><option value=\"2 mm\">2 mm<\/option><option value=\"3 mm\">3 mm<\/option><option value=\"4 mm\">4 mm<\/option><option value=\"5mm\">5mm<\/option><option value=\"6 mm\">6 mm<\/option><option value=\"7 mm\">7 mm<\/option><option value=\"8 mm\">8 mm<\/option><\/select><\/span>\n\t\t\t<\/p>\n\t\t<\/div>\n\t<\/div>\n\t<div class=\"terms\" style=\"margin-bottom:10px;\">\n\t\t<p><span class=\"wpcf7-form-control-wrap\" data-name=\"acceptance-831\"><span class=\"wpcf7-form-control wpcf7-acceptance\"><span class=\"wpcf7-list-item\"><input type=\"checkbox\" name=\"acceptance-831\" value=\"1\" aria-invalid=\"false\" \/><\/span><\/span><\/span><a href=\"\/aviso-legal\/\" style=\"font-size:12px; color: #3b3f4a;text-decoration:none;margin-left:5px;\" target=\"_blank\">Ich erkl\u00e4re mich mit den rechtlichen Bestimmungen und der Datenschutzpolitik einverstanden<\/a>\n\t\t<\/p>\n\t<\/div>\n\t<p style=\"font-size:12px;line-height:17px;\">Verantwortliche:\u00a0ARANIA S.A.NIF: A48035158. Direcci\u00f3n: B\u00aa San Antonio s\/n, 48340 Zur Angleichung von ARANIA, S.A. (im folgenden ARANIA genannt) an die EU-Verordnung 2016\/679 des Europ\u00e4ischen Parlaments und des Rates vom 27. April 2016, zum Schutz nat\u00fcrlicher Personen bei der Verarbeitung personenbezogener Daten und zum freien Verkehr dieser Daten (RGPD), sowie zur Einhaltung des Artikels 13 derselben wenden wir uns an Sie, um Sie dar\u00fcber aufzukl\u00e4ren, dass die bez\u00fcglich Ihrer Firma angegebenen Kontaktdaten von uns zur Pflege der entsprechenden gesch\u00e4ftlichen Vertragsbeziehungen verarbeitet werden.<br \/>\nDie gesetzliche Grundlage f\u00fcr die Datenverarbeitung liegt in der korrekten Ausf\u00fchrung dieser Vertragsbeziehung. Besagte Daten sind daf\u00fcr unumg\u00e4nglich, da ohne ihre Erhebung keine w\u00fcnschenswerte Beziehung zwischen den Parteien unterhalten werden k\u00f6nnte.<br \/>\n<span class=\"mas\" style=\"cursor:pointer;color:#00498f\">mehr erfahren<\/span><br \/>\n<span class=\"mas-texto\">Die Daten werden so lange gespeichert, wie die gesch\u00e4ftliche Beziehung besteht und ihre L\u00f6schung nicht beantragt wird, aber jedenfalls unter Einhaltung der gesetzlich festgelegten, einschl\u00e4gigen Verj\u00e4hrungsfristen. Die Daten werden weder an Dritte weitergegeben, noch auf internationaler Ebene \u00fcbermittelt.<br \/>\nDas Recht auf Zugang, Berichtigung, L\u00f6schung, Portieren und Beschr\u00e4nkung oder Widerspruch k\u00f6nnen Sie dadurch wahrnehmen, dass Sie sich schriftlich an den Gesch\u00e4ftssitz des Verantwortlichen wenden.<br \/>\nAu\u00dferdem kann, wenn das Interesse besteht, das Reklamationsrecht bei der Aufsichtsbeh\u00f6rde in Anspruch genommen werden. (Agencia Espa\u00f1ola de Protecci\u00f3n de Datos: <a href=\"https:\/\/www.aepd.es\/\" target=\"_blank\" rel=\"noreferrer\">www.agpd.es<\/a>).<br \/>\n<\/span>\n\t<\/p>\n<input class=\"wpcf7-form-control wpcf7-hidden\" value=\"formulario,english,aleman,form-tipo-gama\" type=\"hidden\" name=\"etiquetas\" \/>\n<input class=\"wpcf7-form-control wpcf7-hidden clientify_cookie\" value=\"\" type=\"hidden\" name=\"clientify_cookie\" \/>\n\t<p><input class=\"wpcf7-form-control wpcf7-submit has-spinner\" type=\"submit\" value=\"Senden\" \/>\n\t<\/p>\n<\/div>\n\n\n<!--end responsive-form--><div class=\"wpcf7-response-output\" aria-hidden=\"true\"><\/div>\n<\/form>\n<\/div>\n<div class=\"ult-spacer spacer-69e34038a6f83\" data-id=\"69e34038a6f83\" data-height=\"40\" data-height-mobile=\"20\" data-height-tab=\"40\" data-height-tab-portrait=\"40\" data-height-mobile-landscape=\"20\" style=\"clear:both;display:block;\"><\/div>[\/vc_column][vc_column width=&#8221;1\/6&#8243;][\/vc_column][\/vc_row]<\/p>\n<\/div>","protected":false},"excerpt":{"rendered":"<p>[vc_row type=&#8221;vc_default&#8221; full_width=&#8221;stretch_row&#8221; content_placement=&#8221;middle&#8221; bg_type=&#8221;image&#8221; parallax_style=&#8221;vcpb-default&#8221; bg_image_new=&#8221;id^709|url^http:\/\/www.araniasa.com\/wp-content\/uploads\/2018\/11\/automocion.jpg|caption^null|alt^null|title^automocion|description^null&#8221; bg_image_posiiton=&#8221;center center&#8221; bg_override=&#8221;ex-full&#8221; enable_overlay=&#8221;enable_overlay_value&#8221; overlay_color=&#8221;rgba(0,0,0,0.21)&#8221;][vc_column width=&#8221;1\/6&#8243;][\/vc_column][vc_column width=&#8221;2\/3&#8243;][\/vc_column][vc_column width=&#8221;1\/6&#8243;][\/vc_column][\/vc_row][vc_row type=&#8221;vc_default&#8221;][vc_column width=&#8221;1\/2&#8243;][vc_single_image image=&#8221;1511&#8243; img_size=&#8221;full&#8221; alignment=&#8221;center&#8221; onclick=&#8221;zoom&#8221;][\/vc_column][vc_column width=&#8221;1\/2&#8243;][vc_single_image image=&#8221;1567&#8243; img_size=&#8221;full&#8221; alignment=&#8221;center&#8221; onclick=&#8221;zoom&#8221;][\/vc_column][\/vc_row][vc_row][vc_column][vc_separator border_width=&#8221;3&#8243;][\/vc_column][\/vc_row][vc_row type=&#8221;vc_default&#8221; bg_type=&#8221;bg_color&#8221; bg_override=&#8221;full&#8221; bg_color_value=&#8221;#9e9e9e&#8221;][vc_column width=&#8221;1\/6&#8243;][\/vc_column][vc_column width=&#8221;2\/3&#8243;][\/vc_column][vc_column width=&#8221;1\/6&#8243;][\/vc_column][\/vc_row]<\/p>\n","protected":false},"author":2,"featured_media":0,"parent":0,"menu_order":100,"comment_status":"closed","ping_status":"closed","template":"","meta":{"footnotes":""},"class_list":["post-2121","page","type-page","status-publish","hentry","description-off"],"_links":{"self":[{"href":"https:\/\/www.araniasa.com\/de\/wp-json\/wp\/v2\/pages\/2121","targetHints":{"allow":["GET"]}}],"collection":[{"href":"https:\/\/www.araniasa.com\/de\/wp-json\/wp\/v2\/pages"}],"about":[{"href":"https:\/\/www.araniasa.com\/de\/wp-json\/wp\/v2\/types\/page"}],"author":[{"embeddable":true,"href":"https:\/\/www.araniasa.com\/de\/wp-json\/wp\/v2\/users\/2"}],"replies":[{"embeddable":true,"href":"https:\/\/www.araniasa.com\/de\/wp-json\/wp\/v2\/comments?post=2121"}],"version-history":[{"count":0,"href":"https:\/\/www.araniasa.com\/de\/wp-json\/wp\/v2\/pages\/2121\/revisions"}],"wp:attachment":[{"href":"https:\/\/www.araniasa.com\/de\/wp-json\/wp\/v2\/media?parent=2121"}],"curies":[{"name":"wp","href":"https:\/\/api.w.org\/{rel}","templated":true}]}}