{"id":2264,"date":"2019-01-08T12:04:35","date_gmt":"2019-01-08T12:04:35","guid":{"rendered":"http:\/\/www.araniasa.com\/calidad\/"},"modified":"2026-04-14T15:33:32","modified_gmt":"2026-04-14T13:33:32","slug":"qualite","status":"publish","type":"page","link":"https:\/\/www.araniasa.com\/fr\/qualite\/","title":{"rendered":"Qualit\u00e9"},"content":{"rendered":"<div class=\"wpb-content-wrapper\"><p>[vc_row type=&#8221;vc_default&#8221; full_width=&#8221;stretch_row&#8221; content_placement=&#8221;middle&#8221; bg_type=&#8221;bg_color&#8221; css=&#8221;.vc_custom_1547052013179{margin-bottom: 0px !important;}&#8221; bg_color_value=&#8221;#c7c8c9&#8243;][vc_column]<div class=\"ult-spacer spacer-69e34043ae705\" data-id=\"69e34043ae705\" data-height=\"100\" data-height-mobile=\"40\" data-height-tab=\"100\" data-height-tab-portrait=\"100\" data-height-mobile-landscape=\"40\" style=\"clear:both;display:block;\"><\/div><div id=\"ultimate-heading-47469e34043aeaaa\" class=\"uvc-heading ult-adjust-bottom-margin ultimate-heading-47469e34043aeaaa uvc-7912  uvc-heading-default-font-sizes\" data-hspacer=\"image_only\"  data-halign=\"center\" style=\"text-align:center\"><div class=\"uvc-main-heading ult-responsive\"  data-ultimate-target='.uvc-heading.ultimate-heading-47469e34043aeaaa h1'  data-responsive-json-new='{\"font-size\":\"\",\"line-height\":\"\"}' ><h1 style=\"--font-weight:theme;\">Qualit\u00e9<\/h1><\/div><div class=\"uvc-heading-spacer image_only\" style=\"margin-bottom:20px;\"><img decoding=\"async\" src=\"https:\/\/www.araniasa.com\/wp-content\/uploads\/2018\/10\/linea-circulos-arania.png\" class=\"ultimate-headings-icon-image\" alt=\"null\" style=\"width:250px\"\/><\/div><div class=\"uvc-sub-heading ult-responsive\"  data-ultimate-target='.uvc-heading.ultimate-heading-47469e34043aeaaa .uvc-sub-heading '  data-responsive-json-new='{\"font-size\":\"desktop:16px;mobile_landscape:16px;mobile:16px;\",\"line-height\":\"desktop:26px;mobile_landscape:22px;mobile:22px;\"}'  style=\"font-weight:normal;\">Les hautes exigences <strong>qualitatives<\/strong> de nos clients ainsi que notre vocation \u00e0 d\u00e9velopper des produits de grande pr\u00e9cision nous ont men\u00e9 \u00e0 installer des syst\u00e8mes internes de gestion en termes de s\u00e9curit\u00e9, qualit\u00e9 et environnement, reconnus par l&#8217;obtention de nos diff\u00e9rentes certifications.<br \/>\n<\/div><\/div><div class=\"ult-spacer spacer-69e34043aeb64\" data-id=\"69e34043aeb64\" data-height=\"20\" data-height-mobile=\"20\" data-height-tab=\"20\" data-height-tab-portrait=\"20\" data-height-mobile-landscape=\"20\" style=\"clear:both;display:block;\"><\/div>[vc_text_separator title=&#8221;Certifications&#8221; color=&#8221;custom&#8221; accent_color=&#8221;rgba(59,63,74,0.57)&#8221;][vc_row_inner gap=&#8221;15&#8243;][vc_column_inner width=&#8221;1\/3&#8243;][vc_single_image image=&#8221;4457&#8243; img_size=&#8221;full&#8221; alignment=&#8221;center&#8221; onclick=&#8221;custom_link&#8221; img_link_target=&#8221;_blank&#8221; css=&#8221;&#8221; link=&#8221;\/wp-content\/uploads\/2024\/05\/ISO-9001-FR.pdf&#8221;][vc_column_text css=&#8221;&#8221;]<\/p>\n<p style=\"text-align: center;\"><a style=\"color: #3b3f4a;\" href=\"\/wp-content\/uploads\/2024\/05\/ISO-9001-FR.pdf\" target=\"_blank\" rel=\"noopener noreferrer\"><strong>ISO 9001:2015<\/strong><\/a><br \/>\nCertification du Syst\u00e8me de Management de la Qualit\u00e9<\/p>\n<p>[\/vc_column_text][\/vc_column_inner][vc_column_inner width=&#8221;1\/3&#8243;][vc_single_image image=&#8221;4461&#8243; img_size=&#8221;full&#8221; alignment=&#8221;center&#8221; onclick=&#8221;custom_link&#8221; img_link_target=&#8221;_blank&#8221; css=&#8221;&#8221; link=&#8221;\/wp-content\/uploads\/2026\/04\/0037446-EMS-FRAFR-UKAS.PDF.pdf&#8221;][vc_column_text css=&#8221;&#8221;]<\/p>\n<p style=\"text-align: center;\"><a style=\"color: #3b3f4a;\" href=\"\/wp-content\/uploads\/2026\/04\/0037446-EMS-FRAFR-UKAS.PDF.pdf\" target=\"_blank\" rel=\"noopener noreferrer\"><strong>ISO 14001:2015<\/strong><\/a><br \/>\nCertification de Management Environnemental<\/p>\n<p>[\/vc_column_text][\/vc_column_inner][vc_column_inner width=&#8221;1\/3&#8243;][vc_single_image image=&#8221;4453&#8243; img_size=&#8221;full&#8221; alignment=&#8221;center&#8221; onclick=&#8221;custom_link&#8221; img_link_target=&#8221;_blank&#8221; css=&#8221;&#8221; link=&#8221;\/wp-content\/uploads\/2025\/06\/0035575-001-16949-FRAFR-IATF.pdf&#8221;][vc_column_text css=&#8221;&#8221;]<\/p>\n<p style=\"text-align: center;\"><a style=\"color: #3b3f4a;\" href=\"\/wp-content\/uploads\/2025\/06\/0035575-001-16949-FRAFR-IATF.pdf\" target=\"_blank\" rel=\"noopener noreferrer\"><strong>IATF 16949:2016<\/strong><\/a><br \/>\nCertification de Management de la Qualit\u00e9 sp\u00e9cifique \u00e0 l\u00b4industrie automobile<\/p>\n<p>[\/vc_column_text][\/vc_column_inner][\/vc_row_inner][vc_row_inner gap=&#8221;15&#8243;][vc_column_inner width=&#8221;1\/3&#8243;][vc_single_image image=&#8221;4465&#8243; img_size=&#8221;full&#8221; alignment=&#8221;center&#8221; onclick=&#8221;custom_link&#8221; img_link_target=&#8221;_blank&#8221; css=&#8221;&#8221; link=&#8221;\/wp-content\/uploads\/2026\/04\/0037447-OHSAS-FRAFR-UKAS.PDF.pdf&#8221;][vc_column_text css=&#8221;&#8221;]<\/p>\n<p style=\"text-align: center;\"><a style=\"color: #3b3f4a;\" href=\"\/wp-content\/uploads\/2026\/04\/0037447-OHSAS-FRAFR-UKAS.PDF.pdf\" target=\"_blank\" rel=\"noopener noreferrer\"><strong>ISO 45001:2018<\/strong><\/a><br \/>\nCertification de Management de la Sant\u00e9 et de la S\u00e9curit\u00e9 au travail<\/p>\n<p>[\/vc_column_text][\/vc_column_inner][vc_column_inner width=&#8221;1\/3&#8243;][vc_single_image image=&#8221;4469&#8243; img_size=&#8221;full&#8221; alignment=&#8221;center&#8221; onclick=&#8221;custom_link&#8221; img_link_target=&#8221;_blank&#8221; css=&#8221;&#8221; link=&#8221;\/wp-content\/uploads\/2026\/04\/00014641-50001-FRAFR-UKAS.PDF.pdf&#8221;][vc_column_text css=&#8221;&#8221;]<\/p>\n<p style=\"text-align: center;\"><a style=\"color: #3b3f4a;\" href=\"\/wp-content\/uploads\/2026\/04\/00014641-50001-FRAFR-UKAS.PDF.pdf\" target=\"_blank\" rel=\"noopener noreferrer\"><strong>ISO 50001:2018<\/strong><\/a><br \/>\nCertification de Management de l\u00b4\u00c9nergie<\/p>\n<p>[\/vc_column_text][\/vc_column_inner][vc_column_inner width=&#8221;1\/3&#8243;][vc_single_image image=&#8221;5879&#8243; img_size=&#8221;full&#8221; alignment=&#8221;center&#8221; onclick=&#8221;custom_link&#8221; img_link_target=&#8221;_blank&#8221; css=&#8221;&#8221; link=&#8221;\/wp-content\/uploads\/2025\/02\/Carta-Arania-HC-_Julio-2024_signed.pdf&#8221;][vc_column_text css=&#8221;&#8221;]<\/p>\n<p style=\"text-align: center;\"><a style=\"color: #3b3f4a;\" href=\"\/wp-content\/uploads\/2025\/02\/Carta-Arania-HC-_Julio-2024_signed.pdf\" target=\"_blank\" rel=\"noopener noreferrer\"><strong>ISO 16064:2018<\/strong><\/a><br \/>\nV\u00e9rification de l\u2019empreinte carbone de l\u2019organisation<\/p>\n<p>[\/vc_column_text][\/vc_column_inner][\/vc_row_inner][vc_row_inner gap=&#8221;15&#8243;][vc_column_inner width=&#8221;1\/3&#8243;][vc_single_image image=&#8221;5063&#8243; img_size=&#8221;full&#8221; alignment=&#8221;center&#8221; onclick=&#8221;custom_link&#8221; img_link_target=&#8221;_blank&#8221; link=&#8221;\/wp-content\/uploads\/2024\/02\/ARANIA-P959-AS-PFC-TOOL_ENGLISH-DIC-2023.pdf&#8221;][vc_column_text]<\/p>\n<p style=\"text-align: center;\"><a style=\"color: #3b3f4a;\" href=\"\/wp-content\/uploads\/2024\/02\/ARANIA-P959-AS-PFC-TOOL_ENGLISH-DIC-2023.pdf\" target=\"_blank\" rel=\"noopener noreferrer\"><strong>ISO 14067:2018 <\/strong><\/a><br \/>\nV\u00e9rification de l&#8217;empreinte carbone du produit<\/p>\n<p>[\/vc_column_text][\/vc_column_inner][vc_column_inner width=&#8221;1\/3&#8243;][\/vc_column_inner][vc_column_inner width=&#8221;1\/3&#8243;][\/vc_column_inner][\/vc_row_inner]<div class=\"ult-spacer spacer-69e34043aeb91\" data-id=\"69e34043aeb91\" data-height=\"40\" data-height-mobile=\"20\" data-height-tab=\"40\" data-height-tab-portrait=\"40\" data-height-mobile-landscape=\"20\" style=\"clear:both;display:block;\"><\/div>[\/vc_column][\/vc_row]<\/p>\n<\/div>","protected":false},"excerpt":{"rendered":"<p>[vc_row type=&#8221;vc_default&#8221; full_width=&#8221;stretch_row&#8221; content_placement=&#8221;middle&#8221; bg_type=&#8221;bg_color&#8221; css=&#8221;.vc_custom_1547052013179{margin-bottom: 0px !important;}&#8221; bg_color_value=&#8221;#c7c8c9&#8243;][vc_column][vc_text_separator title=&#8221;Certifications&#8221; color=&#8221;custom&#8221; accent_color=&#8221;rgba(59,63,74,0.57)&#8221;][vc_row_inner gap=&#8221;15&#8243;][vc_column_inner width=&#8221;1\/3&#8243;][vc_single_image image=&#8221;4457&#8243; img_size=&#8221;full&#8221; alignment=&#8221;center&#8221; onclick=&#8221;custom_link&#8221; img_link_target=&#8221;_blank&#8221; css=&#8221;&#8221; link=&#8221;\/wp-content\/uploads\/2024\/05\/ISO-9001-FR.pdf&#8221;][vc_column_text css=&#8221;&#8221;] ISO 9001:2015 Certification du Syst\u00e8me de Management de la Qualit\u00e9 [\/vc_column_text][\/vc_column_inner][vc_column_inner width=&#8221;1\/3&#8243;][vc_single_image image=&#8221;4461&#8243; img_size=&#8221;full&#8221; alignment=&#8221;center&#8221; onclick=&#8221;custom_link&#8221; img_link_target=&#8221;_blank&#8221; css=&#8221;&#8221; link=&#8221;\/wp-content\/uploads\/2026\/04\/0037446-EMS-FRAFR-UKAS.PDF.pdf&#8221;][vc_column_text css=&#8221;&#8221;] ISO 14001:2015 Certification de Management Environnemental [\/vc_column_text][\/vc_column_inner][vc_column_inner width=&#8221;1\/3&#8243;][vc_single_image image=&#8221;4453&#8243; img_size=&#8221;full&#8221; alignment=&#8221;center&#8221; onclick=&#8221;custom_link&#8221; img_link_target=&#8221;_blank&#8221;&hellip;<\/p>\n","protected":false},"author":2,"featured_media":0,"parent":0,"menu_order":50,"comment_status":"closed","ping_status":"closed","template":"","meta":{"footnotes":""},"class_list":["post-2264","page","type-page","status-publish","hentry","description-off"],"_links":{"self":[{"href":"https:\/\/www.araniasa.com\/fr\/wp-json\/wp\/v2\/pages\/2264","targetHints":{"allow":["GET"]}}],"collection":[{"href":"https:\/\/www.araniasa.com\/fr\/wp-json\/wp\/v2\/pages"}],"about":[{"href":"https:\/\/www.araniasa.com\/fr\/wp-json\/wp\/v2\/types\/page"}],"author":[{"embeddable":true,"href":"https:\/\/www.araniasa.com\/fr\/wp-json\/wp\/v2\/users\/2"}],"replies":[{"embeddable":true,"href":"https:\/\/www.araniasa.com\/fr\/wp-json\/wp\/v2\/comments?post=2264"}],"version-history":[{"count":4,"href":"https:\/\/www.araniasa.com\/fr\/wp-json\/wp\/v2\/pages\/2264\/revisions"}],"predecessor-version":[{"id":6322,"href":"https:\/\/www.araniasa.com\/fr\/wp-json\/wp\/v2\/pages\/2264\/revisions\/6322"}],"wp:attachment":[{"href":"https:\/\/www.araniasa.com\/fr\/wp-json\/wp\/v2\/media?parent=2264"}],"curies":[{"name":"wp","href":"https:\/\/api.w.org\/{rel}","templated":true}]}}