{"id":2300,"date":"2019-01-07T16:01:29","date_gmt":"2019-01-07T16:01:29","guid":{"rendered":"http:\/\/www.araniasa.com\/mision-vision-y-valores\/"},"modified":"2019-05-17T09:21:15","modified_gmt":"2019-05-17T09:21:15","slug":"mission-vision-valeurs","status":"publish","type":"page","link":"https:\/\/www.araniasa.com\/fr\/mission-vision-valeurs\/","title":{"rendered":"Mission, vision et valeurs"},"content":{"rendered":"<div class=\"wpb-content-wrapper\"><p>[vc_row type=&#8221;vc_default&#8221; full_width=&#8221;stretch_row&#8221; content_placement=&#8221;middle&#8221; bg_type=&#8221;grad&#8221; bg_override=&#8221;ex-full&#8221; ult_hide_row=&#8221;ult_hide_row_value&#8221; ult_hide_row_mobile=&#8221;mobile&#8221; css=&#8221;.vc_custom_1546941627189{margin-bottom: 0px !important;}&#8221; bg_grad=&#8221;background: -webkit-gradient(linear, left top, left bottom, color-stop(22%, #009FE3), color-stop(100%, #2B3581));background: -moz-linear-gradient(45deg,#009FE3 22%,#2B3581 100%);background: -webkit-linear-gradient(45deg,#009FE3 22%,#2B3581 100%);background: -o-linear-gradient(45deg,#009FE3 22%,#2B3581 100%);background: -ms-linear-gradient(45deg,#009FE3 22%,#2B3581 100%);background: linear-gradient(45deg,#009FE3 22%,#2B3581 100%);&#8221;][vc_column]<div class=\"ult-spacer spacer-69f85867d58ae\" data-id=\"69f85867d58ae\" data-height=\"100\" data-height-mobile=\"40\" data-height-tab=\"100\" data-height-tab-portrait=\"100\" data-height-mobile-landscape=\"40\" style=\"clear:both;display:block;\"><\/div><div id=\"ultimate-heading-703269f85867d5e85\" class=\"uvc-heading ult-adjust-bottom-margin ultimate-heading-703269f85867d5e85 uvc-3928  uvc-heading-default-font-sizes\" data-hspacer=\"image_only\"  data-halign=\"center\" style=\"text-align:center\"><div class=\"uvc-main-heading ult-responsive\"  data-ultimate-target='.uvc-heading.ultimate-heading-703269f85867d5e85 h1'  data-responsive-json-new='{\"font-size\":\"\",\"line-height\":\"\"}' ><h1 style=\"--font-weight:theme;color:#ffffff;\">Mission, vision et valeurs<\/h1><\/div><div class=\"uvc-heading-spacer image_only\" style=\"margin-bottom:20px;\"><img decoding=\"async\" src=\"https:\/\/www.araniasa.com\/wp-content\/uploads\/2018\/10\/linea-circulos-arania.png\" class=\"ultimate-headings-icon-image\" alt=\"null\" style=\"width:250px\"\/><\/div><\/div>[vc_row_inner][vc_column_inner width=&#8221;1\/6&#8243;][\/vc_column_inner][vc_column_inner width=&#8221;2\/3&#8243;]<div class=\"info-wrapper ult-adjust-bottom-margin\"><div id=\"info-circle-wrapper-69f85867d5fe5\" data-uniqid=\"69f85867d5fe5\" class=\"info-circle-wrapper  info-circle-responsive \" data-half-percentage=\"70\" data-circle-type=\"full-circle\"><div class=\"info-c-full-br\" style='border:4px dotted #ffffff;width:80%;opacity:0;' data-start-degree=\"90\" data-divert=\"\" data-info-circle-angle=\"full\" data-responsive-circle=\"on\" data-responsive-breakpoint=\"300\" data-launch=\"easeOutElastic\" data-launch-duration=\"1\" data-launch-delay=\"0.2\" data-slide-true=\"on\" data-slide-duration=\"7\" data-icon-size=\"40\" data-icon-show=\"not-show\" data-icon-show-size=\"\" data-highlight-style=\"info-circle-highlight-style\" data-focus-on=\"hover\"><div  class=\"icon-circle-list\"><div class=\"info-circle-icons \" style=\"background:#009fe3;color:#ffffff;\" ><img decoding=\"async\" class=\"info-circle-img-icon\" alt=\"null\" src=\"https:\/\/www.araniasa.com\/wp-content\/uploads\/2019\/01\/mision-blanco.png\"\/><\/div><div class=\"info-details\" data-icon-class=\"ult-info-circle-img\"><div class=\"info-circle-def\"><div  class=\"info-circle-sub-def\"><img decoding=\"async\" class=\"info-circle-img-icon\" alt=\"null\" src=\"https:\/\/www.araniasa.com\/wp-content\/uploads\/2019\/01\/mision-blanco.png\"\/><div class=\"responsive-font-class ult-responsive\" ><h3  data-ultimate-target='#info-cirlce-wrap-1686 .responsive-font-class h3.new-cust-responsive-class'  data-responsive-json-new='{\"font-size\":\"desktop:27px;mobile_landscape:22px;mobile:22px;\",\"line-height\":\"desktop:29px;mobile_landscape:24px;mobile:24px;\"}'  class=\"info-circle-heading ult-responsive new-cust-responsive-class\" style=\"font-weight:bold;\">MISSION<\/h3><div  class=\"info-circle-text \" style=\"font-weight:normal;\"><\/p>\n<p style=\"text-align: center;\">\u00catre excellent en produit et service, et engag\u00e9 dans la responsabilit\u00e9 sociale de l\u2019entreprise.<\/p>\n<p><\/div><\/div><\/div><\/div><\/div><div class=\"info-circle-icons \" style=\"background:#009fe3;color:#ffffff;\" ><img decoding=\"async\" class=\"info-circle-img-icon\" alt=\"null\" src=\"https:\/\/www.araniasa.com\/wp-content\/uploads\/2019\/01\/vision.png\"\/><\/div><div class=\"info-details\" data-icon-class=\"ult-info-circle-img\"><div class=\"info-circle-def\"><div  class=\"info-circle-sub-def\"><img decoding=\"async\" class=\"info-circle-img-icon\" alt=\"null\" src=\"https:\/\/www.araniasa.com\/wp-content\/uploads\/2019\/01\/vision.png\"\/><div class=\"responsive-font-class ult-responsive\" ><h3  data-ultimate-target='#info-cirlce-wrap-1686 .responsive-font-class h3.new-cust-responsive-class'  data-responsive-json-new='{\"font-size\":\"desktop:27px;mobile_landscape:22px;mobile:22px;\",\"line-height\":\"desktop:29px;mobile_landscape:24px;mobile:24px;\"}'  class=\"info-circle-heading ult-responsive new-cust-responsive-class\" style=\"font-weight:bold;\">VISION<\/h3><div  class=\"info-circle-text \" style=\"font-weight:normal;\">Laminage leader dans le d\u00e9veloppement et l\u2019adaptabilit\u00e9 au client, une r\u00e9f\u00e9rence en mati\u00e8re de service et de qualit\u00e9.<\/div><\/div><\/div><\/div><\/div><div class=\"info-circle-icons \" style=\"background:#009fe3;color:#ffffff;\" ><img decoding=\"async\" class=\"info-circle-img-icon\" alt=\"null\" src=\"https:\/\/www.araniasa.com\/wp-content\/uploads\/2019\/01\/valores.png\"\/><\/div><div class=\"info-details\" data-icon-class=\"ult-info-circle-img\"><div class=\"info-circle-def\"><div  class=\"info-circle-sub-def\"><img decoding=\"async\" class=\"info-circle-img-icon\" alt=\"null\" src=\"https:\/\/www.araniasa.com\/wp-content\/uploads\/2019\/01\/valores.png\"\/><div class=\"responsive-font-class ult-responsive\" ><h3  data-ultimate-target='#info-cirlce-wrap-1686 .responsive-font-class h3.new-cust-responsive-class'  data-responsive-json-new='{\"font-size\":\"desktop:27px;mobile_landscape:22px;mobile:22px;\",\"line-height\":\"desktop:29px;mobile_landscape:24px;mobile:24px;\"}'  class=\"info-circle-heading ult-responsive new-cust-responsive-class\" style=\"font-weight:bold;\">VALEURS<\/h3><div  class=\"info-circle-text \" style=\"font-weight:normal;\">PERSONNES. S\u00e9curit\u00e9, Engagement, D\u00e9veloppement et Participation.<br \/>\nGESTION \u00c9THIQUE ET TRANSPARENTE. Honn\u00eatet\u00e9.<br \/>\nDURABILIT\u00c9. Respect de l\u2019Environnement.<br \/>\nCONTRIBUTION SOCIALE. Coop\u00e9ration avec le Milieu.<\/div><\/div><\/div><\/div><\/div><div class=\"info-circle-icons \" style=\"background:#009fe3;color:#ffffff;\" ><img decoding=\"async\" class=\"info-circle-img-icon\" alt=\"null\" src=\"https:\/\/www.araniasa.com\/wp-content\/uploads\/2019\/01\/comportamiento.png\"\/><\/div><div class=\"info-details\" data-icon-class=\"ult-info-circle-img\"><div class=\"info-circle-def\"><div  class=\"info-circle-sub-def\"><img decoding=\"async\" class=\"info-circle-img-icon\" alt=\"null\" src=\"https:\/\/www.araniasa.com\/wp-content\/uploads\/2019\/01\/comportamiento.png\"\/><div class=\"responsive-font-class ult-responsive\" ><h3  data-ultimate-target='#info-cirlce-wrap-1686 .responsive-font-class h3.new-cust-responsive-class'  data-responsive-json-new='{\"font-size\":\"desktop:27px;mobile_landscape:22px;mobile:22px;\",\"line-height\":\"desktop:29px;mobile_landscape:24px;mobile:24px;\"}'  class=\"info-circle-heading ult-responsive new-cust-responsive-class\" style=\"font-weight:bold;\">NORMES DE COMPORTEMENT<\/h3><div  class=\"info-circle-text \" style=\"font-weight:normal;\">Orientation au client \u00e0 tous les niveaux organisationnels.<br \/>\nExcellence dans nos processus, produits et services.<br \/>\nInnovation et am\u00e9lioration continue.<br \/>\nOrientation \u00e0 la croissance avec une vocation internationale.<\/div><\/div><\/div><\/div><\/div><\/div><div id=\"info-cirlce-wrap-1686\" class=\"info-c-full\" style=\"background-color:#ffffff;color:#3b3f4a;width:80%;height:80%;margin:10%;\"><div class=\"info-c-full-wrap\"><\/div><\/div><\/div><div class=\"smile_icon_list_wrap \" data-content_bg=\"#ffffff\" data-content_color=\"#3b3f4a\">\n\t\t\t\t\t\t\t<ul id=\"info-cirlce-wrap-1686\" class=\"smile_icon_list left circle with_bg\"><li class=\"icon_list_item\" style=\"font-size:30px;\">\n\t\t\t\t\t\t\t\t\t<div class=\"icon_list_icon\" style=\"font-size:10px;width:10px;height:10px;line-height:1;\">\n\t\t\t\t\t\t\t\t\t\t<i class=\"smt-pencil\"><\/i>\n\t\t\t\t\t\t\t\t\t<\/div>\n\t\t\t\t\t\t\t\t\t<div  class=\"icon_description\" style=\"font-size:10px;\">\n\t\t\t\t\t\t\t\t\t\t<div class=\"responsive-font-class ult-responsive\"  data-ultimate-target='#info-cirlce-wrap-1686 .responsive-font-class *'  data-responsive-json-new='{\"font-size\":\"desktop:18px;mobile_landscape:14px;mobile:12px;\",\"line-height\":\"desktop:24px;mobile_landscape:20px;mobile:18px;\"}'  style=\"font-weight:normal;\">\n\t\t\t\t\t\t\t\t\t\t\t<h3  data-ultimate-target='#info-cirlce-wrap-1686 .responsive-font-class h3.new-cust-responsive-class'  data-responsive-json-new='{\"font-size\":\"desktop:27px;mobile_landscape:22px;mobile:22px;\",\"line-height\":\"desktop:29px;mobile_landscape:24px;mobile:24px;\"}'  class=\"ult-responsive new-cust-responsive-class\" style=\"font-weight:bold;\"><\/h3>\n\t\t\t\t\t\t\t\t\t\t\t<p><\/p>\n\t\t\t\t\t\t\t\t\t\t<\/div>\n\t\t\t\t\t\t\t\t\t<\/div>\n\t\t\t\t\t\t\t\t\t<div class=\"icon_list_connector\" style=\" border-style:dotted;border-color:#ffffff; left:5px; top:10px;\">\n\t\t\t\t\t\t\t\t\t<\/div><\/li><\/ul>\n\t\t\t\t\t\t<\/div><\/div><\/div><div class=\"ult-spacer spacer-69f85867d7fc7\" data-id=\"69f85867d7fc7\" data-height=\"20\" data-height-mobile=\"20\" data-height-tab=\"20\" data-height-tab-portrait=\"20\" data-height-mobile-landscape=\"20\" style=\"clear:both;display:block;\"><\/div>[vc_btn title=&#8221;CODE DE CONDUITE ET PRATIQUES RESPONSABLES&#8221; style=&#8221;outline-custom&#8221; outline_custom_color=&#8221;#ffffff&#8221; outline_custom_hover_background=&#8221;#ffffff&#8221; outline_custom_hover_text=&#8221;#474747&#8243; shape=&#8221;square&#8221; align=&#8221;center&#8221; i_type=&#8221;typicons&#8221; i_icon_typicons=&#8221;typcn typcn-clipboard&#8221; add_icon=&#8221;true&#8221; link=&#8221;url:%2Fwp-content%2Fuploads%2F2019%2F05%2Fcodigo_fr.pdf||target:%20_blank|&#8221;][\/vc_column_inner][vc_column_inner width=&#8221;1\/6&#8243;][\/vc_column_inner][\/vc_row_inner]<div class=\"ult-spacer spacer-69f85867d8036\" data-id=\"69f85867d8036\" data-height=\"40\" data-height-mobile=\"40\" data-height-tab=\"40\" data-height-tab-portrait=\"40\" data-height-mobile-landscape=\"40\" style=\"clear:both;display:block;\"><\/div>[\/vc_column][\/vc_row][vc_row type=&#8221;vc_default&#8221; full_width=&#8221;stretch_row&#8221; content_placement=&#8221;middle&#8221; bg_type=&#8221;grad&#8221; bg_override=&#8221;ex-full&#8221; ult_hide_row=&#8221;ult_hide_row_value&#8221; ult_hide_row_large_screen=&#8221;large_screen&#8221; ult_hide_row_desktop=&#8221;desktop&#8221; ult_hide_row_tablet=&#8221;tablet&#8221; ult_hide_row_tablet_small=&#8221;xs_tablet&#8221; ult_hide_row_mobile_large=&#8221;xl_mobile&#8221; css=&#8221;.vc_custom_1546941641352{margin-bottom: 0px !important;}&#8221; bg_grad=&#8221;background: -webkit-gradient(linear, left top, left bottom, color-stop(22%, #009FE3), color-stop(100%, #2B3581));background: -moz-linear-gradient(45deg,#009FE3 22%,#2B3581 100%);background: -webkit-linear-gradient(45deg,#009FE3 22%,#2B3581 100%);background: -o-linear-gradient(45deg,#009FE3 22%,#2B3581 100%);background: -ms-linear-gradient(45deg,#009FE3 22%,#2B3581 100%);background: linear-gradient(45deg,#009FE3 22%,#2B3581 100%);&#8221;][vc_column]<div class=\"ult-spacer spacer-69f85867d8082\" data-id=\"69f85867d8082\" data-height=\"120\" data-height-mobile=\"40\" data-height-tab=\"120\" data-height-tab-portrait=\"120\" data-height-mobile-landscape=\"40\" style=\"clear:both;display:block;\"><\/div><div id=\"ultimate-heading-526369f85867d81af\" class=\"uvc-heading ult-adjust-bottom-margin ultimate-heading-526369f85867d81af uvc-9955  uvc-heading-default-font-sizes\" data-hspacer=\"image_only\"  data-halign=\"center\" style=\"text-align:center\"><div class=\"uvc-main-heading ult-responsive\"  data-ultimate-target='.uvc-heading.ultimate-heading-526369f85867d81af h1'  data-responsive-json-new='{\"font-size\":\"\",\"line-height\":\"\"}' ><h1 style=\"--font-weight:theme;color:#ffffff;\">Misi\u00f3n, visi\u00f3n y valores<\/h1><\/div><div class=\"uvc-heading-spacer image_only\" style=\"margin-bottom:20px;\"><img decoding=\"async\" src=\"https:\/\/www.araniasa.com\/wp-content\/uploads\/2018\/10\/linea-circulos-arania.png\" class=\"ultimate-headings-icon-image\" alt=\"null\" style=\"width:250px\"\/><\/div><\/div>[vc_row_inner][vc_column_inner width=&#8221;1\/6&#8243;][\/vc_column_inner][vc_column_inner width=&#8221;2\/3&#8243;]<div class=\"info-wrapper ult-adjust-bottom-margin\"><div id=\"info-circle-wrapper-69f85867d8291\" data-uniqid=\"69f85867d8291\" class=\"info-circle-wrapper  info-circle-responsive \" data-half-percentage=\"70\" data-circle-type=\"full-circle\"><div class=\"info-c-full-br\" style='border:4px dotted #ffffff;width:80%;opacity:0;' data-start-degree=\"90\" data-divert=\"\" data-info-circle-angle=\"full\" data-responsive-circle=\"on\" data-responsive-breakpoint=\"300\" data-launch=\"easeOutElastic\" data-launch-duration=\"1\" data-launch-delay=\"0.2\" data-slide-true=\"off\" data-slide-duration=\"3\" data-icon-size=\"40\" data-icon-show=\"not-show\" data-icon-show-size=\"\" data-highlight-style=\"info-circle-highlight-style\" data-focus-on=\"hover\"><div  class=\"icon-circle-list\"><div class=\"info-circle-icons \" style=\"background:#009fe3;color:#ffffff;\" ><img decoding=\"async\" class=\"info-circle-img-icon\" alt=\"null\" src=\"https:\/\/www.araniasa.com\/wp-content\/uploads\/2019\/01\/mision-blanco.png\"\/><\/div><div class=\"info-details\" data-icon-class=\"ult-info-circle-img\"><div class=\"info-circle-def\"><div  class=\"info-circle-sub-def\"><img decoding=\"async\" class=\"info-circle-img-icon\" alt=\"null\" src=\"https:\/\/www.araniasa.com\/wp-content\/uploads\/2019\/01\/mision-blanco.png\"\/><div class=\"responsive-font-class ult-responsive\" ><h3  data-ultimate-target='#info-cirlce-wrap-6669 .responsive-font-class h3.new-cust-responsive-class'  data-responsive-json-new='{\"font-size\":\"desktop:27px;mobile_landscape:22px;mobile:22px;\",\"line-height\":\"desktop:33px;mobile_landscape:24px;mobile:24px;\"}'  class=\"info-circle-heading ult-responsive new-cust-responsive-class\" style=\"font-weight:bold;font-weight:bold;\">MISI\u00d3N<\/h3><div  class=\"info-circle-text \" style=\"font-weight:normal;font-weight:normal;\"><\/p>\n<p style=\"text-align: center;\">Ser excelente en producto y servicio, y comprometidos con la responsabilidad social empresarial.<\/p>\n<p><\/div><\/div><\/div><\/div><\/div><div class=\"info-circle-icons \" style=\"background:#009fe3;color:#ffffff;\" ><img decoding=\"async\" class=\"info-circle-img-icon\" alt=\"null\" src=\"https:\/\/www.araniasa.com\/wp-content\/uploads\/2019\/01\/vision.png\"\/><\/div><div class=\"info-details\" data-icon-class=\"ult-info-circle-img\"><div class=\"info-circle-def\"><div  class=\"info-circle-sub-def\"><img decoding=\"async\" class=\"info-circle-img-icon\" alt=\"null\" src=\"https:\/\/www.araniasa.com\/wp-content\/uploads\/2019\/01\/vision.png\"\/><div class=\"responsive-font-class ult-responsive\" ><h3  data-ultimate-target='#info-cirlce-wrap-6669 .responsive-font-class h3.new-cust-responsive-class'  data-responsive-json-new='{\"font-size\":\"desktop:27px;mobile_landscape:22px;mobile:22px;\",\"line-height\":\"desktop:33px;mobile_landscape:24px;mobile:24px;\"}'  class=\"info-circle-heading ult-responsive new-cust-responsive-class\" style=\"font-weight:bold;font-weight:bold;\">VISI\u00d3N<\/h3><div  class=\"info-circle-text \" style=\"font-weight:normal;font-weight:normal;\">Laminaci\u00f3n l\u00edder en desarrollo y adaptabilidad al cliente, siendo un referente en servicio y calidad.<\/div><\/div><\/div><\/div><\/div><div class=\"info-circle-icons \" style=\"background:#009fe3;color:#ffffff;\" ><img decoding=\"async\" class=\"info-circle-img-icon\" alt=\"null\" src=\"https:\/\/www.araniasa.com\/wp-content\/uploads\/2019\/01\/valores.png\"\/><\/div><div class=\"info-details\" data-icon-class=\"ult-info-circle-img\"><div class=\"info-circle-def\"><div  class=\"info-circle-sub-def\"><img decoding=\"async\" class=\"info-circle-img-icon\" alt=\"null\" src=\"https:\/\/www.araniasa.com\/wp-content\/uploads\/2019\/01\/valores.png\"\/><div class=\"responsive-font-class ult-responsive\" ><h3  data-ultimate-target='#info-cirlce-wrap-6669 .responsive-font-class h3.new-cust-responsive-class'  data-responsive-json-new='{\"font-size\":\"desktop:27px;mobile_landscape:22px;mobile:22px;\",\"line-height\":\"desktop:33px;mobile_landscape:24px;mobile:24px;\"}'  class=\"info-circle-heading ult-responsive new-cust-responsive-class\" style=\"font-weight:bold;font-weight:bold;\">VALORES<\/h3><div  class=\"info-circle-text \" style=\"font-weight:normal;font-weight:normal;\">PERSONAS.<br \/>\nGESTI\u00d3N \u00c9TICA Y TRANSPARENTE.<br \/>\nSOSTENIBILIDAD.<br \/>\nCONTRIBUCI\u00d3N SOCIAL.<\/div><\/div><\/div><\/div><\/div><div class=\"info-circle-icons \" style=\"background:#009fe3;color:#ffffff;\" ><img decoding=\"async\" class=\"info-circle-img-icon\" alt=\"null\" src=\"https:\/\/www.araniasa.com\/wp-content\/uploads\/2019\/01\/comportamiento.png\"\/><\/div><div class=\"info-details\" data-icon-class=\"ult-info-circle-img\"><div class=\"info-circle-def\"><div  class=\"info-circle-sub-def\"><img decoding=\"async\" class=\"info-circle-img-icon\" alt=\"null\" src=\"https:\/\/www.araniasa.com\/wp-content\/uploads\/2019\/01\/comportamiento.png\"\/><div class=\"responsive-font-class ult-responsive\" ><h3  data-ultimate-target='#info-cirlce-wrap-6669 .responsive-font-class h3.new-cust-responsive-class'  data-responsive-json-new='{\"font-size\":\"desktop:27px;mobile_landscape:22px;mobile:22px;\",\"line-height\":\"desktop:33px;mobile_landscape:24px;mobile:24px;\"}'  class=\"info-circle-heading ult-responsive new-cust-responsive-class\" style=\"font-weight:bold;font-weight:bold;\">EST\u00c1NDARES DE<br \/>\nCOMPORTAMIENTO<\/h3><div  class=\"info-circle-text \" style=\"font-weight:normal;font-weight:normal;\">Orientaci\u00f3n al cliente. Excelencia en nuestros procesos. Innovaci\u00f3n y mejora continua. Crecimiento internacional.<\/div><\/div><\/div><\/div><\/div><\/div><div id=\"info-cirlce-wrap-6669\" class=\"info-c-full\" style=\"background-color:#ffffff;color:#3b3f4a;width:80%;height:80%;margin:10%;\"><div class=\"info-c-full-wrap\"><\/div><\/div><\/div><div class=\"smile_icon_list_wrap \" data-content_bg=\"#ffffff\" data-content_color=\"#3b3f4a\">\n\t\t\t\t\t\t\t<ul id=\"info-cirlce-wrap-6669\" class=\"smile_icon_list left circle with_bg\"><li class=\"icon_list_item\" style=\"font-size:30px;\">\n\t\t\t\t\t\t\t\t\t<div class=\"icon_list_icon\" style=\"font-size:10px;width:10px;height:10px;line-height:1;\">\n\t\t\t\t\t\t\t\t\t\t<i class=\"smt-pencil\"><\/i>\n\t\t\t\t\t\t\t\t\t<\/div>\n\t\t\t\t\t\t\t\t\t<div  class=\"icon_description\" style=\"font-size:10px;\">\n\t\t\t\t\t\t\t\t\t\t<div class=\"responsive-font-class ult-responsive\"  data-ultimate-target='#info-cirlce-wrap-6669 .responsive-font-class *'  data-responsive-json-new='{\"font-size\":\"desktop:18px;mobile_landscape:14px;mobile:12px;\",\"line-height\":\"desktop:24px;mobile_landscape:20px;mobile:18px;\"}'  style=\"font-weight:normal;font-weight:normal;\">\n\t\t\t\t\t\t\t\t\t\t\t<h3  data-ultimate-target='#info-cirlce-wrap-6669 .responsive-font-class h3.new-cust-responsive-class'  data-responsive-json-new='{\"font-size\":\"desktop:27px;mobile_landscape:22px;mobile:22px;\",\"line-height\":\"desktop:33px;mobile_landscape:24px;mobile:24px;\"}'  class=\"ult-responsive new-cust-responsive-class\" style=\"font-weight:bold;font-weight:bold;\"><\/h3>\n\t\t\t\t\t\t\t\t\t\t\t<p><\/p>\n\t\t\t\t\t\t\t\t\t\t<\/div>\n\t\t\t\t\t\t\t\t\t<\/div>\n\t\t\t\t\t\t\t\t\t<div class=\"icon_list_connector\" style=\" border-style:dotted;border-color:#ffffff; left:5px; top:10px;\">\n\t\t\t\t\t\t\t\t\t<\/div><\/li><\/ul>\n\t\t\t\t\t\t<\/div><\/div><\/div><div class=\"ult-spacer spacer-69f85867d8960\" data-id=\"69f85867d8960\" data-height=\"20\" data-height-mobile=\"20\" data-height-tab=\"20\" data-height-tab-portrait=\"20\" data-height-mobile-landscape=\"20\" style=\"clear:both;display:block;\"><\/div>[vc_btn title=&#8221;C\u00d3DIGO DE CONDUCTA Y PRACTICAS RESPONSABLES&#8221; style=&#8221;outline-custom&#8221; outline_custom_color=&#8221;#ffffff&#8221; outline_custom_hover_background=&#8221;#ffffff&#8221; outline_custom_hover_text=&#8221;#474747&#8243; shape=&#8221;square&#8221; align=&#8221;center&#8221; i_type=&#8221;typicons&#8221; i_icon_typicons=&#8221;typcn typcn-clipboard&#8221; add_icon=&#8221;true&#8221; link=&#8221;url:%2Fwp-content%2Fuploads%2F2019%2F01%2Fcodigo_es.pdf||target:%20_blank|&#8221;][\/vc_column_inner][vc_column_inner width=&#8221;1\/6&#8243;][\/vc_column_inner][\/vc_row_inner]<div class=\"ult-spacer spacer-69f85867d89b0\" data-id=\"69f85867d89b0\" data-height=\"40\" data-height-mobile=\"40\" data-height-tab=\"40\" data-height-tab-portrait=\"40\" data-height-mobile-landscape=\"40\" style=\"clear:both;display:block;\"><\/div>[\/vc_column][\/vc_row]<\/p>\n<\/div>","protected":false},"excerpt":{"rendered":"<p>[vc_row type=&#8221;vc_default&#8221; full_width=&#8221;stretch_row&#8221; content_placement=&#8221;middle&#8221; bg_type=&#8221;grad&#8221; bg_override=&#8221;ex-full&#8221; ult_hide_row=&#8221;ult_hide_row_value&#8221; ult_hide_row_mobile=&#8221;mobile&#8221; css=&#8221;.vc_custom_1546941627189{margin-bottom: 0px !important;}&#8221; bg_grad=&#8221;background: -webkit-gradient(linear, left top, left bottom, color-stop(22%, #009FE3), color-stop(100%, #2B3581));background: -moz-linear-gradient(45deg,#009FE3 22%,#2B3581 100%);background: -webkit-linear-gradient(45deg,#009FE3 22%,#2B3581 100%);background: -o-linear-gradient(45deg,#009FE3 22%,#2B3581 100%);background: -ms-linear-gradient(45deg,#009FE3 22%,#2B3581 100%);background: linear-gradient(45deg,#009FE3 22%,#2B3581 100%);&#8221;][vc_column][vc_row_inner][vc_column_inner width=&#8221;1\/6&#8243;][\/vc_column_inner][vc_column_inner width=&#8221;2\/3&#8243;][vc_btn title=&#8221;CODE DE CONDUITE ET PRATIQUES RESPONSABLES&#8221; style=&#8221;outline-custom&#8221; outline_custom_color=&#8221;#ffffff&#8221; outline_custom_hover_background=&#8221;#ffffff&#8221; outline_custom_hover_text=&#8221;#474747&#8243; shape=&#8221;square&#8221; align=&#8221;center&#8221; i_type=&#8221;typicons&#8221; i_icon_typicons=&#8221;typcn typcn-clipboard&#8221; add_icon=&#8221;true&#8221; link=&#8221;url:%2Fwp-content%2Fuploads%2F2019%2F05%2Fcodigo_fr.pdf||target:%20_blank|&#8221;][\/vc_column_inner][vc_column_inner&hellip;<\/p>\n","protected":false},"author":2,"featured_media":0,"parent":0,"menu_order":20,"comment_status":"closed","ping_status":"closed","template":"","meta":{"footnotes":""},"class_list":["post-2300","page","type-page","status-publish","hentry","description-off"],"_links":{"self":[{"href":"https:\/\/www.araniasa.com\/fr\/wp-json\/wp\/v2\/pages\/2300","targetHints":{"allow":["GET"]}}],"collection":[{"href":"https:\/\/www.araniasa.com\/fr\/wp-json\/wp\/v2\/pages"}],"about":[{"href":"https:\/\/www.araniasa.com\/fr\/wp-json\/wp\/v2\/types\/page"}],"author":[{"embeddable":true,"href":"https:\/\/www.araniasa.com\/fr\/wp-json\/wp\/v2\/users\/2"}],"replies":[{"embeddable":true,"href":"https:\/\/www.araniasa.com\/fr\/wp-json\/wp\/v2\/comments?post=2300"}],"version-history":[{"count":0,"href":"https:\/\/www.araniasa.com\/fr\/wp-json\/wp\/v2\/pages\/2300\/revisions"}],"wp:attachment":[{"href":"https:\/\/www.araniasa.com\/fr\/wp-json\/wp\/v2\/media?parent=2300"}],"curies":[{"name":"wp","href":"https:\/\/api.w.org\/{rel}","templated":true}]}}