{"id":2303,"date":"2019-01-08T10:10:28","date_gmt":"2019-01-08T10:10:28","guid":{"rendered":"http:\/\/www.araniasa.com\/internacionalizacion\/"},"modified":"2020-01-09T15:37:34","modified_gmt":"2020-01-09T15:37:34","slug":"internationalisation","status":"publish","type":"page","link":"https:\/\/www.araniasa.com\/fr\/internationalisation\/","title":{"rendered":"Internationalisation"},"content":{"rendered":"<div class=\"wpb-content-wrapper\"><p>[vc_row type=&#8221;vc_default&#8221; full_width=&#8221;stretch_row&#8221; content_placement=&#8221;middle&#8221; bg_type=&#8221;image&#8221; parallax_style=&#8221;vcpb-default&#8221; bg_image_new=&#8221;id^1138|url^http:\/\/www.araniasa.com\/wp-content\/uploads\/2019\/01\/internacionalizacion-arania.jpg|caption^null|alt^null|title^internacionalizacion-arania|description^null&#8221; bg_image_repeat=&#8221;no-repeat&#8221; bg_image_posiiton=&#8221;top center&#8221; bg_override=&#8221;ex-full&#8221; css=&#8221;.vc_custom_1546948766717{margin-bottom: 0px !important;}&#8221;][vc_column]<div class=\"ult-spacer spacer-69dce2f3cf9b6\" data-id=\"69dce2f3cf9b6\" data-height=\"100\" data-height-mobile=\"40\" data-height-tab=\"100\" data-height-tab-portrait=\"100\" data-height-mobile-landscape=\"40\" style=\"clear:both;display:block;\"><\/div><div id=\"ultimate-heading-126769dce2f3cfd8a\" class=\"uvc-heading ult-adjust-bottom-margin ultimate-heading-126769dce2f3cfd8a uvc-6849  uvc-heading-default-font-sizes\" data-hspacer=\"image_only\"  data-halign=\"center\" style=\"text-align:center\"><div class=\"uvc-main-heading ult-responsive\"  data-ultimate-target='.uvc-heading.ultimate-heading-126769dce2f3cfd8a h1'  data-responsive-json-new='{\"font-size\":\"\",\"line-height\":\"\"}' ><h1 style=\"--font-weight:theme;color:#ffffff;\">Internationalisation<\/h1><\/div><div class=\"uvc-heading-spacer image_only\" style=\"margin-bottom:20px;\"><img decoding=\"async\" src=\"https:\/\/www.araniasa.com\/wp-content\/uploads\/2018\/10\/linea-circulos-arania.png\" class=\"ultimate-headings-icon-image\" alt=\"null\" style=\"width:250px\"\/><\/div><div class=\"uvc-sub-heading ult-responsive\"  data-ultimate-target='.uvc-heading.ultimate-heading-126769dce2f3cfd8a .uvc-sub-heading '  data-responsive-json-new='{\"font-size\":\"desktop:18px;mobile_landscape:16px;mobile:16px;\",\"line-height\":\"desktop:26px;mobile_landscape:22px;mobile:22px;\"}'  style=\"font-weight:normal;color:#ffffff;\">La qualit\u00e9 et l\u2019innovation continue, marquent un diff\u00e9rentiel dans notre produit.<br \/>\nLa vocation internationale d\u2019ARANIA est refl\u00e9t\u00e9e dans les taux \u00e9lev\u00e9s d\u2019exportation de notre production, qui a atteint 65% de celle-ci dans les derni\u00e8res ann\u00e9es.<\/p>\n<p><\/div><\/div><div class=\"ult-spacer spacer-69dce2f3cfe2c\" data-id=\"69dce2f3cfe2c\" data-height=\"40\" data-height-mobile=\"40\" data-height-tab=\"40\" data-height-tab-portrait=\"40\" data-height-mobile-landscape=\"40\" style=\"clear:both;display:block;\"><\/div>[vc_row_inner][vc_column_inner width=&#8221;1\/6&#8243;][\/vc_column_inner][vc_column_inner width=&#8221;2\/3&#8243;][vc_single_image image=&#8221;2306&#8243; img_size=&#8221;full&#8221; alignment=&#8221;center&#8221; css_animation=&#8221;slideInDown&#8221;][\/vc_column_inner][vc_column_inner width=&#8221;1\/6&#8243;][\/vc_column_inner][\/vc_row_inner][vc_column_text]<\/p>\n<p class=\"h1-size\" style=\"text-align: center; color: white;\"><strong>Nous vendons nos produits dans plus de 20 pays<br \/>\n<\/strong><\/p>\n<p>[\/vc_column_text]<div class=\"ult-spacer spacer-69dce2f3cfe56\" data-id=\"69dce2f3cfe56\" data-height=\"40\" data-height-mobile=\"20\" data-height-tab=\"40\" data-height-tab-portrait=\"40\" data-height-mobile-landscape=\"20\" style=\"clear:both;display:block;\"><\/div>[\/vc_column][\/vc_row]<\/p>\n<\/div>","protected":false},"excerpt":{"rendered":"<p>[vc_row type=&#8221;vc_default&#8221; full_width=&#8221;stretch_row&#8221; content_placement=&#8221;middle&#8221; bg_type=&#8221;image&#8221; parallax_style=&#8221;vcpb-default&#8221; bg_image_new=&#8221;id^1138|url^http:\/\/www.araniasa.com\/wp-content\/uploads\/2019\/01\/internacionalizacion-arania.jpg|caption^null|alt^null|title^internacionalizacion-arania|description^null&#8221; bg_image_repeat=&#8221;no-repeat&#8221; bg_image_posiiton=&#8221;top center&#8221; bg_override=&#8221;ex-full&#8221; css=&#8221;.vc_custom_1546948766717{margin-bottom: 0px !important;}&#8221;][vc_column][vc_row_inner][vc_column_inner width=&#8221;1\/6&#8243;][\/vc_column_inner][vc_column_inner width=&#8221;2\/3&#8243;][vc_single_image image=&#8221;2306&#8243; img_size=&#8221;full&#8221; alignment=&#8221;center&#8221; css_animation=&#8221;slideInDown&#8221;][\/vc_column_inner][vc_column_inner width=&#8221;1\/6&#8243;][\/vc_column_inner][\/vc_row_inner][vc_column_text] Nous vendons nos produits dans plus de 20 pays [\/vc_column_text][\/vc_column][\/vc_row]<\/p>\n","protected":false},"author":2,"featured_media":0,"parent":0,"menu_order":30,"comment_status":"closed","ping_status":"closed","template":"","meta":{"footnotes":""},"class_list":["post-2303","page","type-page","status-publish","hentry","description-off"],"_links":{"self":[{"href":"https:\/\/www.araniasa.com\/fr\/wp-json\/wp\/v2\/pages\/2303","targetHints":{"allow":["GET"]}}],"collection":[{"href":"https:\/\/www.araniasa.com\/fr\/wp-json\/wp\/v2\/pages"}],"about":[{"href":"https:\/\/www.araniasa.com\/fr\/wp-json\/wp\/v2\/types\/page"}],"author":[{"embeddable":true,"href":"https:\/\/www.araniasa.com\/fr\/wp-json\/wp\/v2\/users\/2"}],"replies":[{"embeddable":true,"href":"https:\/\/www.araniasa.com\/fr\/wp-json\/wp\/v2\/comments?post=2303"}],"version-history":[{"count":0,"href":"https:\/\/www.araniasa.com\/fr\/wp-json\/wp\/v2\/pages\/2303\/revisions"}],"wp:attachment":[{"href":"https:\/\/www.araniasa.com\/fr\/wp-json\/wp\/v2\/media?parent=2303"}],"curies":[{"name":"wp","href":"https:\/\/api.w.org\/{rel}","templated":true}]}}