{"id":2316,"date":"2019-01-09T16:45:00","date_gmt":"2019-01-09T16:45:00","guid":{"rendered":"http:\/\/www.araniasa.com\/grupo-arania\/"},"modified":"2025-11-20T09:18:00","modified_gmt":"2025-11-20T08:18:00","slug":"arania-groupe","status":"publish","type":"page","link":"https:\/\/www.araniasa.com\/fr\/arania-groupe\/","title":{"rendered":"Grupo Arania"},"content":{"rendered":"<div class=\"wpb-content-wrapper\"><p>[vc_row type=&#8221;vc_default&#8221; full_width=&#8221;stretch_row&#8221; content_placement=&#8221;middle&#8221; bg_type=&#8221;image&#8221; parallax_style=&#8221;vcpb-default&#8221; bg_image_new=&#8221;id^898|url^http:\/\/www.araniasa.com\/wp-content\/uploads\/2018\/11\/noticias-arania.jpg|caption^null|alt^null|title^noticias-arania|description^null&#8221; bg_image_posiiton=&#8221;center center&#8221; bg_override=&#8221;ex-full&#8221;][vc_column width=&#8221;1\/6&#8243;][\/vc_column][vc_column width=&#8221;2\/3&#8243;]<div class=\"ult-spacer spacer-69ff5a07f0e1b\" data-id=\"69ff5a07f0e1b\" data-height=\"100\" data-height-mobile=\"20\" data-height-tab=\"100\" data-height-tab-portrait=\"100\" data-height-mobile-landscape=\"20\" style=\"clear:both;display:block;\"><\/div>[vc_single_image image=&#8221;2326&#8243; img_size=&#8221;full&#8221; alignment=&#8221;center&#8221; css=&#8221;.vc_custom_1547114918693{margin-top: 0px !important;margin-bottom: 0px !important;}&#8221;]<div id=\"ultimate-heading-924569ff5a07f129f\" class=\"uvc-heading ult-adjust-bottom-margin ultimate-heading-924569ff5a07f129f uvc-274  uvc-heading-default-font-sizes\" data-hspacer=\"image_only\"  data-halign=\"center\" style=\"text-align:center\"><div class=\"uvc-heading-spacer image_only\" style=\"margin-bottom:20px;\"><img decoding=\"async\" src=\"https:\/\/www.araniasa.com\/wp-content\/uploads\/2018\/10\/linea-circulos-arania.png\" class=\"ultimate-headings-icon-image\" alt=\"null\" style=\"width:250px\"\/><\/div><div class=\"uvc-sub-heading ult-responsive\"  data-ultimate-target='.uvc-heading.ultimate-heading-924569ff5a07f129f .uvc-sub-heading '  data-responsive-json-new='{\"font-size\":\"desktop:22px;\",\"line-height\":\"desktop:26px;\"}'  style=\"font-weight:normal;color:#ffffff;\"><\/p>\n<h3 style=\"text-align: center; color: white;\">Une grande organisation industrielle avec plus de 85 ans d&#8217;exp\u00e9rience<\/h3>\n<p><\/div><\/div><div class=\"ult-spacer spacer-69ff5a07f1319\" data-id=\"69ff5a07f1319\" data-height=\"40\" data-height-mobile=\"10\" data-height-tab=\"40\" data-height-tab-portrait=\"40\" data-height-mobile-landscape=\"10\" style=\"clear:both;display:block;\"><\/div>[\/vc_column][vc_column width=&#8221;1\/6&#8243;][\/vc_column][\/vc_row][vc_row type=&#8221;vc_default&#8221; full_width=&#8221;stretch_row&#8221; bg_type=&#8221;image&#8221; parallax_style=&#8221;vcpb-default&#8221; bg_image_new=&#8221;id^215|url^http:\/\/www.araniasa.com\/wp-content\/uploads\/2018\/10\/textura-acero.jpg|caption^null|alt^null|title^textura-acero|description^null&#8221; bg_override=&#8221;ex-full&#8221; enable_overlay=&#8221;enable_overlay_value&#8221; overlay_color=&#8221;rgba(255,255,255,0.26)&#8221; css=&#8221;.vc_custom_1547114165825{margin-bottom: 0px !important;}&#8221;][vc_column]<div class=\"ult-spacer spacer-69ff5a07f1354\" data-id=\"69ff5a07f1354\" data-height=\"20\" data-height-mobile=\"10\" data-height-tab=\"20\" data-height-tab-portrait=\"20\" data-height-mobile-landscape=\"10\" style=\"clear:both;display:block;\"><\/div><div id=\"ultimate-heading-133069ff5a07f139d\" class=\"uvc-heading ult-adjust-bottom-margin ultimate-heading-133069ff5a07f139d uvc-7238  uvc-heading-default-font-sizes\" data-hspacer=\"no_spacer\"  data-halign=\"center\" style=\"text-align:center\"><div class=\"uvc-heading-spacer no_spacer\" style=\"top\"><\/div><div class=\"uvc-sub-heading ult-responsive\"  data-ultimate-target='.uvc-heading.ultimate-heading-133069ff5a07f139d .uvc-sub-heading '  data-responsive-json-new='{\"font-size\":\"\",\"line-height\":\"desktop:26px;\"}'  style=\"font-weight:normal;\">Fond\u00e9 en<strong> 1940<\/strong>, nous sommes un groupe industriel de transformation de l&#8217;acier. <strong>Grupo Arania<\/strong> a su tout au long de son histoire conjuguer les processus les plus avanc\u00e9s \u2013 pour le meilleur des services \u00e0 ses clients \u2013 et une forte vision \u00e0 long terme quant \u00e0 la gestion de sa r\u00e9alit\u00e9 multisectorielle, donnant ainsi lieu \u00e0 une <strong>croissance durable<\/strong> bas\u00e9e sur<strong> l\u2019internationalisation<\/strong>, <strong>l\u2019innovation<\/strong> et sur <strong>les personnes<\/strong> qui soutiennent ses valeurs.<br \/>\n<\/div><\/div>[vc_empty_space height=&#8221;30px&#8221;][vc_row_inner equal_height=&#8221;yes&#8221; content_placement=&#8221;top&#8221; css=&#8221;.vc_custom_1540463820393{margin-top: 20px !important;}&#8221;][vc_column_inner width=&#8221;1\/3&#8243;]<div class=\"stats-block stats-top  \"><div class=\"aio-icon-top\"><div class=\"ult-just-icon-wrapper  \"><div class=\"align-icon\" style=\"text-align:center;\">\n<div class=\"aio-icon-img \" style=\"font-size:150px;display:inline-block;\" data-animation=\"slideInDown\" data-animation-delay=\"03\">\n\t<img decoding=\"async\" class=\"img-icon\" alt=\"\" src=\"https:\/\/www.araniasa.com\/wp-content\/uploads\/2018\/10\/fabrica.png\"\/>\n<\/div><\/div><\/div><\/div><div class=\"stats-desc\" id=\"counter-responsv-wrap-8276\"><div id=\"counter_324069161369ff5a07f1941\" data-id=\"counter_324069161369ff5a07f1941\"  data-ultimate-target='#counter-responsv-wrap-8276 .stats-number'  data-responsive-json-new='{\"font-size\":\"desktop:38px;\",\"line-height\":\"\"}'  class=\"stats-number ult-responsive\" style=\"  font-weight:bold;\" data-speed=\"3\" data-counter-value=\"6\" data-separator=\"none\" data-decimal=\".\">0<\/div><div class=\"counter_suffix mycust ult-responsive\"  data-ultimate-target='#counter-responsv-wrap-8276 .mycust'  data-responsive-json-new='{\"font-size\":\"\",\"line-height\":\"\"}'  style=\" font-weight:bold;color:\">Usines<\/div><div id=\"title-counter_324069161369ff5a07f1941\"  data-ultimate-target='#counter-responsv-wrap-8276 .stats-text'  data-responsive-json-new='{\"font-size\":\"desktop:22px;\",\"line-height\":\"\"}'  class=\"stats-text ult-responsive\" style=\"font-size:px;  font-weight:bold;\">de Production<\/div><\/div><\/div>[vc_separator color=&#8221;custom&#8221; el_width=&#8221;50&#8243; accent_color=&#8221;rgba(59,63,74,0.43)&#8221;][\/vc_column_inner][vc_column_inner width=&#8221;1\/3&#8243;]<div class=\"stats-block stats-top  \"><div class=\"aio-icon-top\"><div class=\"ult-just-icon-wrapper  \"><div class=\"align-icon\" style=\"text-align:center;\">\n<div class=\"aio-icon-img \" style=\"font-size:150px;display:inline-block;\" data-animation=\"slideInDown\" data-animation-delay=\"03\">\n\t<img decoding=\"async\" class=\"img-icon\" alt=\"\" src=\"https:\/\/www.araniasa.com\/wp-content\/uploads\/2018\/10\/empleados.png\"\/>\n<\/div><\/div><\/div><\/div><div class=\"stats-desc\" id=\"counter-responsv-wrap-7000\"><div class=\"counter_prefix mycust ult-responsive\"  data-ultimate-target='#counter-responsv-wrap-7000 .mycust'  data-responsive-json-new='{\"font-size\":\"\",\"line-height\":\"\"}'  style=\" font-weight:bold;color:\">+<\/div><div id=\"counter_289846395269ff5a07f1d05\" data-id=\"counter_289846395269ff5a07f1d05\"  data-ultimate-target='#counter-responsv-wrap-7000 .stats-number'  data-responsive-json-new='{\"font-size\":\"desktop:38px;\",\"line-height\":\"\"}'  class=\"stats-number ult-responsive\" style=\"  font-weight:bold;\" data-speed=\"3\" data-counter-value=\"1000\" data-separator=\".\" data-decimal=\".\">0<\/div><div id=\"title-counter_289846395269ff5a07f1d05\"  data-ultimate-target='#counter-responsv-wrap-7000 .stats-text'  data-responsive-json-new='{\"font-size\":\"desktop:22px;\",\"line-height\":\"\"}'  class=\"stats-text ult-responsive\" style=\"font-size:px;  font-weight:bold;\">Employes<\/div><\/div><\/div>[vc_separator color=&#8221;custom&#8221; el_width=&#8221;50&#8243; accent_color=&#8221;rgba(59,63,74,0.43)&#8221;][\/vc_column_inner][vc_column_inner width=&#8221;1\/3&#8243;]<div class=\"stats-block stats-top  \"><div class=\"aio-icon-top\"><div class=\"ult-just-icon-wrapper  \"><div class=\"align-icon\" style=\"text-align:center;\">\n<div class=\"aio-icon-img \" style=\"font-size:150px;display:inline-block;\" data-animation=\"slideInDown\" data-animation-delay=\"03\">\n\t<img decoding=\"async\" class=\"img-icon\" alt=\"\" src=\"https:\/\/www.araniasa.com\/wp-content\/uploads\/2018\/10\/acero.png\"\/>\n<\/div><\/div><\/div><\/div><div class=\"stats-desc\" id=\"counter-responsv-wrap-7675\"><div class=\"counter_prefix mycust ult-responsive\"  data-ultimate-target='#counter-responsv-wrap-7675 .mycust'  data-responsive-json-new='{\"font-size\":\"\",\"line-height\":\"\"}'  style=\" font-weight:bold;color:\">+<\/div><div id=\"counter_278901438169ff5a07f2118\" data-id=\"counter_278901438169ff5a07f2118\"  data-ultimate-target='#counter-responsv-wrap-7675 .stats-number'  data-responsive-json-new='{\"font-size\":\"desktop:38px;\",\"line-height\":\"\"}'  class=\"stats-number ult-responsive\" style=\"  font-weight:bold;\" data-speed=\"3\" data-counter-value=\"380000\" data-separator=\".\" data-decimal=\".\">0<\/div><div class=\"counter_suffix mycust ult-responsive\"  data-ultimate-target='#counter-responsv-wrap-7675 .mycust'  data-responsive-json-new='{\"font-size\":\"\",\"line-height\":\"\"}'  style=\" font-weight:bold;color:\">Tm<\/div><div id=\"title-counter_278901438169ff5a07f2118\"  data-ultimate-target='#counter-responsv-wrap-7675 .stats-text'  data-responsive-json-new='{\"font-size\":\"desktop:22px;\",\"line-height\":\"\"}'  class=\"stats-text ult-responsive\" style=\"font-size:px;  font-weight:bold;\">Annuelles<\/div><\/div><\/div>[vc_separator color=&#8221;custom&#8221; el_width=&#8221;50&#8243; accent_color=&#8221;rgba(59,63,74,0.43)&#8221;][\/vc_column_inner][\/vc_row_inner][vc_row_inner equal_height=&#8221;yes&#8221; content_placement=&#8221;top&#8221; css=&#8221;.vc_custom_1540463820393{margin-top: 20px !important;}&#8221;][vc_column_inner width=&#8221;1\/3&#8243;]<div class=\"stats-block stats-top  \"><div class=\"aio-icon-top\"><div class=\"ult-just-icon-wrapper  \"><div class=\"align-icon\" style=\"text-align:center;\">\n<div class=\"aio-icon-img \" style=\"font-size:150px;display:inline-block;\" data-animation=\"slideInDown\" data-animation-delay=\"03\">\n\t<img decoding=\"async\" class=\"img-icon\" alt=\"\" src=\"https:\/\/www.araniasa.com\/wp-content\/uploads\/2019\/01\/presencia-comercial.png\"\/>\n<\/div><\/div><\/div><\/div><div class=\"stats-desc\" id=\"counter-responsv-wrap-8798\"><div id=\"counter_425595489869ff5a07f2511\" data-id=\"counter_425595489869ff5a07f2511\"  data-ultimate-target='#counter-responsv-wrap-8798 .stats-number'  data-responsive-json-new='{\"font-size\":\"desktop:38px;\",\"line-height\":\"\"}'  class=\"stats-number ult-responsive\" style=\"  font-weight:bold;\" data-speed=\"3\" data-counter-value=\"65\" data-separator=\"none\" data-decimal=\".\">0<\/div><div class=\"counter_suffix mycust ult-responsive\"  data-ultimate-target='#counter-responsv-wrap-8798 .mycust'  data-responsive-json-new='{\"font-size\":\"\",\"line-height\":\"\"}'  style=\" font-weight:bold;color:\">Pays<\/div><div id=\"title-counter_425595489869ff5a07f2511\"  data-ultimate-target='#counter-responsv-wrap-8798 .stats-text'  data-responsive-json-new='{\"font-size\":\"desktop:22px;\",\"line-height\":\"\"}'  class=\"stats-text ult-responsive\" style=\"font-size:px;  font-weight:bold;\">Presence Commerciale<\/div><\/div><\/div>[vc_separator color=&#8221;custom&#8221; el_width=&#8221;50&#8243; accent_color=&#8221;rgba(59,63,74,0.43)&#8221;][\/vc_column_inner][vc_column_inner width=&#8221;1\/3&#8243;]<div class=\"stats-block stats-top  \"><div class=\"aio-icon-top\"><div class=\"ult-just-icon-wrapper  \"><div class=\"align-icon\" style=\"text-align:center;\">\n<div class=\"aio-icon-img \" style=\"font-size:150px;display:inline-block;\" data-animation=\"slideInDown\" data-animation-delay=\"03\">\n\t<img decoding=\"async\" class=\"img-icon\" alt=\"\" src=\"https:\/\/www.araniasa.com\/wp-content\/uploads\/2018\/10\/exportaciones.png\"\/>\n<\/div><\/div><\/div><\/div><div class=\"stats-desc\" id=\"counter-responsv-wrap-1644\"><div id=\"counter_106258354169ff5a07f28d3\" data-id=\"counter_106258354169ff5a07f28d3\"  data-ultimate-target='#counter-responsv-wrap-1644 .stats-number'  data-responsive-json-new='{\"font-size\":\"desktop:38px;\",\"line-height\":\"\"}'  class=\"stats-number ult-responsive\" style=\"  font-weight:bold;\" data-speed=\"3\" data-counter-value=\"80\" data-separator=\"none\" data-decimal=\".\">0<\/div><div class=\"counter_suffix mycust ult-responsive\"  data-ultimate-target='#counter-responsv-wrap-1644 .mycust'  data-responsive-json-new='{\"font-size\":\"\",\"line-height\":\"\"}'  style=\" font-weight:bold;color:\">%<\/div><div id=\"title-counter_106258354169ff5a07f28d3\"  data-ultimate-target='#counter-responsv-wrap-1644 .stats-text'  data-responsive-json-new='{\"font-size\":\"desktop:22px;\",\"line-height\":\"\"}'  class=\"stats-text ult-responsive\" style=\"font-size:px;  font-weight:bold;\">L'exportation<\/div><\/div><\/div>[vc_separator color=&#8221;custom&#8221; el_width=&#8221;50&#8243; accent_color=&#8221;rgba(59,63,74,0.43)&#8221;][\/vc_column_inner][vc_column_inner width=&#8221;1\/3&#8243;]<div class=\"stats-block stats-top  \"><div class=\"aio-icon-top\"><div class=\"ult-just-icon-wrapper  \"><div class=\"align-icon\" style=\"text-align:center;\">\n<div class=\"aio-icon-img \" style=\"font-size:150px;display:inline-block;\" data-animation=\"slideInDown\" data-animation-delay=\"03\">\n\t<img decoding=\"async\" class=\"img-icon\" alt=\"\" src=\"https:\/\/www.araniasa.com\/wp-content\/uploads\/2022\/03\/tarta.png\"\/>\n<\/div><\/div><\/div><\/div><div class=\"stats-desc\" id=\"counter-responsv-wrap-1505\"><div class=\"counter_prefix mycust ult-responsive\"  data-ultimate-target='#counter-responsv-wrap-1505 .mycust'  data-responsive-json-new='{\"font-size\":\"\",\"line-height\":\"\"}'  style=\" font-weight:bold;color:\">+<\/div><div id=\"counter_25013183169ff5a07f2cd2\" data-id=\"counter_25013183169ff5a07f2cd2\"  data-ultimate-target='#counter-responsv-wrap-1505 .stats-number'  data-responsive-json-new='{\"font-size\":\"desktop:38px;\",\"line-height\":\"\"}'  class=\"stats-number ult-responsive\" style=\"  font-weight:bold;\" data-speed=\"3\" data-counter-value=\"85\" data-separator=\"none\" data-decimal=\".\">0<\/div><div class=\"counter_suffix mycust ult-responsive\"  data-ultimate-target='#counter-responsv-wrap-1505 .mycust'  data-responsive-json-new='{\"font-size\":\"\",\"line-height\":\"\"}'  style=\" font-weight:bold;color:\">Ans<\/div><div id=\"title-counter_25013183169ff5a07f2cd2\"  data-ultimate-target='#counter-responsv-wrap-1505 .stats-text'  data-responsive-json-new='{\"font-size\":\"desktop:22px;\",\"line-height\":\"\"}'  class=\"stats-text ult-responsive\" style=\"font-size:px;  font-weight:bold;\">D'experience<\/div><\/div><\/div>[vc_separator color=&#8221;custom&#8221; el_width=&#8221;50&#8243; accent_color=&#8221;rgba(59,63,74,0.43)&#8221;][\/vc_column_inner][\/vc_row_inner]<div class=\"ult-spacer spacer-69ff5a07f2d4f\" data-id=\"69ff5a07f2d4f\" data-height=\"40\" data-height-mobile=\"40\" data-height-tab=\"40\" data-height-tab-portrait=\"40\" data-height-mobile-landscape=\"40\" style=\"clear:both;display:block;\"><\/div>[\/vc_column][\/vc_row][vc_row type=&#8221;vc_default&#8221; full_width=&#8221;stretch_row_content_no_spaces&#8221; css=&#8221;.vc_custom_1547114312171{margin-top: -35px !important;margin-bottom: -30px !important;padding-bottom: 0px !important;}&#8221;][vc_column width=&#8221;1\/4&#8243;]<div tabindex=\"0\" class=\"ult-new-ib ult-ib-effect-style10  ult-ib-resp  \" data-min-width=\"768\" data-max-width=\"900\" style=\"background:rgba(0,0,0,0.98);\" data-opacity=\"1\" data-hover-opacity=\"0.5\" ><img decoding=\"async\" class=\"ult-new-ib-img\" style=\"opacity:1;\" alt=\"null\" src=\"https:\/\/www.araniasa.com\/wp-content\/uploads\/2019\/01\/arania-grupo.jpg\"   \/><div id=\"interactive-banner-wrap-2755\" class=\"ult-new-ib-desc\" style=\"\"><h3 class=\"ult-new-ib-title ult-responsive\"  data-ultimate-target='#interactive-banner-wrap-2755 .ult-new-ib-title'  data-responsive-json-new='{\"font-size\":\"desktop:30px;\",\"line-height\":\"\"}'  style=\"font-weight:bold;color:#ffffff;\">ARANIA<\/h3><div class=\"ult-new-ib-content ult-responsive\"  data-ultimate-target='#interactive-banner-wrap-2755 .ult-new-ib-content'  data-responsive-json-new='{\"font-size\":\"desktop:16px;\",\"line-height\":\"\"}'  style=\"font-weight:normal;\"><p>Fond\u00e9e en 1940.<br \/>\nFeuillard d\u00b4acier de pr\u00e9cision<\/p><\/div><\/div><\/div>[\/vc_column][vc_column width=&#8221;1\/4&#8243;]<div tabindex=\"0\" class=\"ult-new-ib ult-ib-effect-style10  ult-ib-resp  \" data-min-width=\"768\" data-max-width=\"900\" style=\"background:rgba(0,0,0,0.98);\" data-opacity=\"1\" data-hover-opacity=\"0.5\" ><img decoding=\"async\" class=\"ult-new-ib-img\" style=\"opacity:1;\" alt=\"null\" src=\"https:\/\/www.araniasa.com\/wp-content\/uploads\/2019\/01\/aratubo-grupo-arania.jpg\"   \/><div id=\"interactive-banner-wrap-3222\" class=\"ult-new-ib-desc\" style=\"\"><h3 class=\"ult-new-ib-title ult-responsive\"  data-ultimate-target='#interactive-banner-wrap-3222 .ult-new-ib-title'  data-responsive-json-new='{\"font-size\":\"desktop:30px;\",\"line-height\":\"\"}'  style=\"font-weight:bold;color:#ffffff;\">ARATUBO<\/h3><div class=\"ult-new-ib-content ult-responsive\"  data-ultimate-target='#interactive-banner-wrap-3222 .ult-new-ib-content'  data-responsive-json-new='{\"font-size\":\"desktop:16px;\",\"line-height\":\"\"}'  style=\"font-weight:normal;\"><p>Fond\u00e9e en 1997.<br \/>\nTubes en acier soud\u00e9<\/p><\/div><\/div><a class=\"ult-new-ib-link\" href=\"https:\/\/www.aratubo.fr\/\" target=\"_blank\" rel=\"noopener\"  ><\/a><\/div>[\/vc_column][vc_column width=&#8221;1\/4&#8243;]<div tabindex=\"0\" class=\"ult-new-ib ult-ib-effect-style10  ult-ib-resp  \" data-min-width=\"768\" data-max-width=\"900\" style=\"background:rgba(0,0,0,0.98);\" data-opacity=\"1\" data-hover-opacity=\"0.5\" ><img decoding=\"async\" class=\"ult-new-ib-img\" style=\"opacity:1;\" alt=\"null\" src=\"https:\/\/www.araniasa.com\/wp-content\/uploads\/2019\/01\/ar-shelving-grupo.jpg\"   \/><div id=\"interactive-banner-wrap-5789\" class=\"ult-new-ib-desc\" style=\"\"><h3 class=\"ult-new-ib-title ult-responsive\"  data-ultimate-target='#interactive-banner-wrap-5789 .ult-new-ib-title'  data-responsive-json-new='{\"font-size\":\"desktop:30px;\",\"line-height\":\"\"}'  style=\"font-weight:bold;color:#ffffff;\">AR SHELVING<\/h3><div class=\"ult-new-ib-content ult-responsive\"  data-ultimate-target='#interactive-banner-wrap-5789 .ult-new-ib-content'  data-responsive-json-new='{\"font-size\":\"desktop:16px;\",\"line-height\":\"\"}'  style=\"font-weight:normal;\"><p>Fond\u00e9e en 1991.<br \/>\nStockage charge l\u00e9g\u00e8re<\/p><\/div><\/div><a class=\"ult-new-ib-link\" href=\"https:\/\/www.ar-shelving.fr\/\" target=\"_blank\" rel=\"noopener\"  ><\/a><\/div>[\/vc_column][vc_column width=&#8221;1\/4&#8243;]<div tabindex=\"0\" class=\"ult-new-ib ult-ib-effect-style10  ult-ib-resp  \" data-min-width=\"768\" data-max-width=\"900\" style=\"background:rgba(0,0,0,0.98);\" data-opacity=\"1\" data-hover-opacity=\"0.5\" ><img decoding=\"async\" class=\"ult-new-ib-img\" style=\"opacity:1;\" alt=\"null\" src=\"https:\/\/www.araniasa.com\/wp-content\/uploads\/2019\/01\/ar-racking.jpg\"   \/><div id=\"interactive-banner-wrap-3536\" class=\"ult-new-ib-desc\" style=\"\"><h3 class=\"ult-new-ib-title ult-responsive\"  data-ultimate-target='#interactive-banner-wrap-3536 .ult-new-ib-title'  data-responsive-json-new='{\"font-size\":\"desktop:30px;\",\"line-height\":\"\"}'  style=\"font-weight:bold;color:#ffffff;\">AR RACKING<\/h3><div class=\"ult-new-ib-content ult-responsive\"  data-ultimate-target='#interactive-banner-wrap-3536 .ult-new-ib-content'  data-responsive-json-new='{\"font-size\":\"desktop:16px;\",\"line-height\":\"\"}'  style=\"font-weight:normal;\"><p>Fond\u00e9e en 2004.<br \/>\nStockage industriel<\/p><\/div><\/div><a class=\"ult-new-ib-link\" href=\"https:\/\/www.ar-racking.com\/fr\/accueil\" target=\"_blank\" rel=\"noopener\"  ><\/a><\/div>[\/vc_column][\/vc_row]<\/p>\n<\/div>","protected":false},"excerpt":{"rendered":"<p>[vc_row type=&#8221;vc_default&#8221; full_width=&#8221;stretch_row&#8221; content_placement=&#8221;middle&#8221; bg_type=&#8221;image&#8221; parallax_style=&#8221;vcpb-default&#8221; bg_image_new=&#8221;id^898|url^http:\/\/www.araniasa.com\/wp-content\/uploads\/2018\/11\/noticias-arania.jpg|caption^null|alt^null|title^noticias-arania|description^null&#8221; bg_image_posiiton=&#8221;center center&#8221; bg_override=&#8221;ex-full&#8221;][vc_column width=&#8221;1\/6&#8243;][\/vc_column][vc_column width=&#8221;2\/3&#8243;][vc_single_image image=&#8221;2326&#8243; img_size=&#8221;full&#8221; alignment=&#8221;center&#8221; css=&#8221;.vc_custom_1547114918693{margin-top: 0px !important;margin-bottom: 0px !important;}&#8221;][\/vc_column][vc_column width=&#8221;1\/6&#8243;][\/vc_column][\/vc_row][vc_row type=&#8221;vc_default&#8221; full_width=&#8221;stretch_row&#8221; bg_type=&#8221;image&#8221; parallax_style=&#8221;vcpb-default&#8221; bg_image_new=&#8221;id^215|url^http:\/\/www.araniasa.com\/wp-content\/uploads\/2018\/10\/textura-acero.jpg|caption^null|alt^null|title^textura-acero|description^null&#8221; bg_override=&#8221;ex-full&#8221; enable_overlay=&#8221;enable_overlay_value&#8221; overlay_color=&#8221;rgba(255,255,255,0.26)&#8221; css=&#8221;.vc_custom_1547114165825{margin-bottom: 0px !important;}&#8221;][vc_column][vc_empty_space height=&#8221;30px&#8221;][vc_row_inner equal_height=&#8221;yes&#8221; content_placement=&#8221;top&#8221; css=&#8221;.vc_custom_1540463820393{margin-top: 20px !important;}&#8221;][vc_column_inner width=&#8221;1\/3&#8243;][vc_separator color=&#8221;custom&#8221; el_width=&#8221;50&#8243; accent_color=&#8221;rgba(59,63,74,0.43)&#8221;][\/vc_column_inner][vc_column_inner width=&#8221;1\/3&#8243;][vc_separator color=&#8221;custom&#8221; el_width=&#8221;50&#8243; accent_color=&#8221;rgba(59,63,74,0.43)&#8221;][\/vc_column_inner][vc_column_inner width=&#8221;1\/3&#8243;][vc_separator color=&#8221;custom&#8221; el_width=&#8221;50&#8243; accent_color=&#8221;rgba(59,63,74,0.43)&#8221;][\/vc_column_inner][\/vc_row_inner][vc_row_inner equal_height=&#8221;yes&#8221; content_placement=&#8221;top&#8221; css=&#8221;.vc_custom_1540463820393{margin-top: 20px !important;}&#8221;][vc_column_inner&hellip;<\/p>\n","protected":false},"author":2,"featured_media":0,"parent":0,"menu_order":40,"comment_status":"closed","ping_status":"closed","template":"","meta":{"footnotes":""},"class_list":["post-2316","page","type-page","status-publish","hentry","description-off"],"_links":{"self":[{"href":"https:\/\/www.araniasa.com\/fr\/wp-json\/wp\/v2\/pages\/2316","targetHints":{"allow":["GET"]}}],"collection":[{"href":"https:\/\/www.araniasa.com\/fr\/wp-json\/wp\/v2\/pages"}],"about":[{"href":"https:\/\/www.araniasa.com\/fr\/wp-json\/wp\/v2\/types\/page"}],"author":[{"embeddable":true,"href":"https:\/\/www.araniasa.com\/fr\/wp-json\/wp\/v2\/users\/2"}],"replies":[{"embeddable":true,"href":"https:\/\/www.araniasa.com\/fr\/wp-json\/wp\/v2\/comments?post=2316"}],"version-history":[{"count":3,"href":"https:\/\/www.araniasa.com\/fr\/wp-json\/wp\/v2\/pages\/2316\/revisions"}],"predecessor-version":[{"id":6156,"href":"https:\/\/www.araniasa.com\/fr\/wp-json\/wp\/v2\/pages\/2316\/revisions\/6156"}],"wp:attachment":[{"href":"https:\/\/www.araniasa.com\/fr\/wp-json\/wp\/v2\/media?parent=2316"}],"curies":[{"name":"wp","href":"https:\/\/api.w.org\/{rel}","templated":true}]}}