{"id":2406,"date":"2019-01-14T12:22:12","date_gmt":"2019-01-14T12:22:12","guid":{"rendered":"http:\/\/www.araniasa.com\/calidades-especiales\/"},"modified":"2019-05-22T09:28:37","modified_gmt":"2019-05-22T09:28:37","slug":"qualites-speciales","status":"publish","type":"page","link":"https:\/\/www.araniasa.com\/fr\/qualites-speciales\/","title":{"rendered":"Qualit\u00e9s sp\u00e9ciales"},"content":{"rendered":"<div class=\"wpb-content-wrapper\"><p>[vc_row type=&#8221;vc_default&#8221; full_width=&#8221;stretch_row&#8221; content_placement=&#8221;middle&#8221; bg_type=&#8221;image&#8221; parallax_style=&#8221;vcpb-default&#8221; bg_image_new=&#8221;id^709|url^http:\/\/www.araniasa.com\/wp-content\/uploads\/2018\/11\/automocion.jpg|caption^null|alt^null|title^automocion|description^null&#8221; bg_image_posiiton=&#8221;center center&#8221; bg_override=&#8221;ex-full&#8221; enable_overlay=&#8221;enable_overlay_value&#8221; overlay_color=&#8221;rgba(0,0,0,0.21)&#8221;][vc_column width=&#8221;1\/6&#8243;][\/vc_column][vc_column width=&#8221;2\/3&#8243;]<div class=\"ult-spacer spacer-69e34058778f0\" data-id=\"69e34058778f0\" data-height=\"100\" data-height-mobile=\"20\" data-height-tab=\"100\" data-height-tab-portrait=\"100\" data-height-mobile-landscape=\"20\" style=\"clear:both;display:block;\"><\/div><div id=\"ultimate-heading-844069e3405877c54\" class=\"uvc-heading ult-adjust-bottom-margin ultimate-heading-844069e3405877c54 uvc-5158  uvc-heading-default-font-sizes\" data-hspacer=\"image_only\"  data-halign=\"center\" style=\"text-align:center\"><div class=\"uvc-main-heading ult-responsive\"  data-ultimate-target='.uvc-heading.ultimate-heading-844069e3405877c54 h1'  data-responsive-json-new='{\"font-size\":\"\",\"line-height\":\"\"}' ><h1 style=\"--font-weight:theme;color:#ffffff;\">Qualit\u00e9s sp\u00e9ciales<\/h1><\/div><div class=\"uvc-heading-spacer image_only\" style=\"margin-bottom:20px;\"><img decoding=\"async\" src=\"https:\/\/www.araniasa.com\/wp-content\/uploads\/2018\/10\/linea-circulos-arania.png\" class=\"ultimate-headings-icon-image\" alt=\"null\" style=\"width:250px\"\/><\/div><div class=\"uvc-sub-heading ult-responsive\"  data-ultimate-target='.uvc-heading.ultimate-heading-844069e3405877c54 .uvc-sub-heading '  data-responsive-json-new='{\"font-size\":\"desktop:18px;\",\"line-height\":\"desktop:26px;\"}'  style=\"font-weight:normal;color:#ffffff;\"><\/p>\n<p style=\"text-align: center;\">Offre de qualit\u00e9s sp\u00e9cifiques pour des applications sp\u00e9ciales (cl\u00e9s, scies\u2026)<\/p>\n<p><\/div><\/div><div class=\"ult-spacer spacer-69e3405877d12\" data-id=\"69e3405877d12\" data-height=\"60\" data-height-mobile=\"20\" data-height-tab=\"60\" data-height-tab-portrait=\"40\" data-height-mobile-landscape=\"20\" style=\"clear:both;display:block;\"><\/div>[\/vc_column][vc_column width=&#8221;1\/6&#8243;][\/vc_column][\/vc_row][vc_row type=&#8221;vc_default&#8221;][vc_column width=&#8221;1\/2&#8243;]<div id=\"ultimate-heading-978569e3405877fcf\" class=\"uvc-heading ult-adjust-bottom-margin ultimate-heading-978569e3405877fcf uvc-1394 \" data-hspacer=\"image_only\"  data-halign=\"center\" style=\"text-align:center\"><div class=\"uvc-main-heading ult-responsive\"  data-ultimate-target='.uvc-heading.ultimate-heading-978569e3405877fcf h2'  data-responsive-json-new='{\"font-size\":\"desktop:24px;\",\"line-height\":\"desktop:32px;\"}' ><h2 style=\"--font-weight:theme;\">Cl\u00e9<\/h2><\/div><div class=\"uvc-heading-spacer image_only\" style=\"margin-bottom:20px;\"><img decoding=\"async\" src=\"https:\/\/www.araniasa.com\/wp-content\/uploads\/2018\/10\/linea-circulos.png\" class=\"ultimate-headings-icon-image\" alt=\"null\" style=\"width:250px\"\/><\/div><\/div>[vc_single_image image=&#8221;1511&#8243; img_size=&#8221;full&#8221; alignment=&#8221;center&#8221; onclick=&#8221;zoom&#8221;][\/vc_column][vc_column width=&#8221;1\/2&#8243;]<div id=\"ultimate-heading-184669e34058780f6\" class=\"uvc-heading ult-adjust-bottom-margin ultimate-heading-184669e34058780f6 uvc-5183 \" data-hspacer=\"image_only\"  data-halign=\"center\" style=\"text-align:center\"><div class=\"uvc-main-heading ult-responsive\"  data-ultimate-target='.uvc-heading.ultimate-heading-184669e34058780f6 h2'  data-responsive-json-new='{\"font-size\":\"desktop:24px;\",\"line-height\":\"desktop:32px;\"}' ><h2 style=\"--font-weight:theme;\">Scies \u00e0 ruban (bande)<\/h2><\/div><div class=\"uvc-heading-spacer image_only\" style=\"margin-bottom:20px;\"><img decoding=\"async\" src=\"https:\/\/www.araniasa.com\/wp-content\/uploads\/2018\/10\/linea-circulos.png\" class=\"ultimate-headings-icon-image\" alt=\"null\" style=\"width:250px\"\/><\/div><\/div>[vc_single_image image=&#8221;1567&#8243; img_size=&#8221;full&#8221; alignment=&#8221;center&#8221; onclick=&#8221;zoom&#8221;][\/vc_column][\/vc_row][vc_row][vc_column][vc_separator border_width=&#8221;3&#8243;][\/vc_column][\/vc_row][vc_row type=&#8221;vc_default&#8221; bg_type=&#8221;bg_color&#8221; bg_override=&#8221;full&#8221; bg_color_value=&#8221;#9e9e9e&#8221;][vc_column width=&#8221;1\/6&#8243;][\/vc_column][vc_column width=&#8221;2\/3&#8243;]<div class=\"ult-spacer spacer-69e3405878160\" data-id=\"69e3405878160\" data-height=\"10\" data-height-mobile=\"10\" data-height-tab=\"10\" data-height-tab-portrait=\"10\" data-height-mobile-landscape=\"10\" style=\"clear:both;display:block;\"><\/div><div id=\"ultimate-heading-487169e34058781b4\" class=\"uvc-heading ult-adjust-bottom-margin ultimate-heading-487169e34058781b4 uvc-7401 \" data-hspacer=\"no_spacer\"  data-halign=\"center\" style=\"text-align:center\"><div class=\"uvc-heading-spacer no_spacer\" style=\"top\"><\/div><div class=\"uvc-main-heading ult-responsive\"  data-ultimate-target='.uvc-heading.ultimate-heading-487169e34058781b4 h2'  data-responsive-json-new='{\"font-size\":\"desktop:24px;\",\"line-height\":\"desktop:32px;\"}' ><h2 style=\"font-weight:bold;color:#3b3f4a;\">Avez-vous besoin d\u2019information sur notre gamme d\u2019aciers ?<\/h2><\/div><div class=\"uvc-sub-heading ult-responsive\"  data-ultimate-target='.uvc-heading.ultimate-heading-487169e34058781b4 .uvc-sub-heading '  data-responsive-json-new='{\"font-size\":\"desktop:18px;\",\"line-height\":\"desktop:26px;\"}'  style=\"font-weight:normal;color:#3b3f4a;\"><\/p>\n<p class=\"p1\">Remplissez le formulaire suivant et nous prendrons en compte vos besoins sp\u00e9cifiques. Nous vous orienterons avec rapidit\u00e9 et efficacit\u00e9 sur le d\u00e9veloppement de nouveaux produits.<\/p>\n<p><\/div><\/div><div class=\"ult-spacer spacer-69e340587820c\" data-id=\"69e340587820c\" data-height=\"20\" data-height-mobile=\"20\" data-height-tab=\"20\" data-height-tab-portrait=\"20\" data-height-mobile-landscape=\"20\" style=\"clear:both;display:block;\"><\/div>\n<div class=\"wpcf7 no-js\" id=\"wpcf7-f2481-o1\" lang=\"es-ES\" dir=\"ltr\" data-wpcf7-id=\"2481\">\n<div class=\"screen-reader-response\"><p role=\"status\" aria-live=\"polite\" aria-atomic=\"true\"><\/p> <ul><\/ul><\/div>\n<form action=\"\/fr\/wp-json\/wp\/v2\/pages\/2406#wpcf7-f2481-o1\" method=\"post\" class=\"wpcf7-form init\" aria-label=\"Contact form\" novalidate=\"novalidate\" data-status=\"init\">\n<fieldset class=\"hidden-fields-container\"><input type=\"hidden\" name=\"_wpcf7\" value=\"2481\" \/><input type=\"hidden\" name=\"_wpcf7_version\" value=\"6.1.2\" \/><input type=\"hidden\" name=\"_wpcf7_locale\" value=\"es_ES\" \/><input type=\"hidden\" name=\"_wpcf7_unit_tag\" value=\"wpcf7-f2481-o1\" \/><input type=\"hidden\" name=\"_wpcf7_container_post\" value=\"0\" \/><input type=\"hidden\" name=\"_wpcf7_posted_data_hash\" value=\"\" \/><input type=\"hidden\" name=\"_wpcf7_recaptcha_response\" value=\"\" \/>\n<\/fieldset>\n<div id=\"responsive-form\" class=\"clearfix\">\n\t<div class=\"form-row\">\n\t\t<div class=\"column-half\">\n\t\t\t<p><span class=\"wpcf7-form-control-wrap\" data-name=\"your-empresa\"><input size=\"40\" maxlength=\"400\" class=\"wpcf7-form-control wpcf7-text wpcf7-validates-as-required\" aria-required=\"true\" aria-invalid=\"false\" placeholder=\"Entreprise *\" value=\"\" type=\"text\" name=\"your-empresa\" \/><\/span>\n\t\t\t<\/p>\n\t\t<\/div>\n\t\t<div class=\"column-half\">\n\t\t\t<p><span class=\"wpcf7-form-control-wrap\" data-name=\"your-name\"><input size=\"40\" maxlength=\"400\" class=\"wpcf7-form-control wpcf7-text wpcf7-validates-as-required\" aria-required=\"true\" aria-invalid=\"false\" placeholder=\"Nom *\" value=\"\" type=\"text\" name=\"your-name\" \/><\/span>\n\t\t\t<\/p>\n\t\t<\/div>\n\t<\/div>\n\t<div class=\"form-row\">\n\t\t<div class=\"column-half\">\n\t\t\t<p><span class=\"wpcf7-form-control-wrap\" data-name=\"tel-247\"><input size=\"40\" maxlength=\"400\" class=\"wpcf7-form-control wpcf7-tel wpcf7-validates-as-required wpcf7-text wpcf7-validates-as-tel\" aria-required=\"true\" aria-invalid=\"false\" placeholder=\"T\u00e9l\u00e9phone *\" value=\"\" type=\"tel\" name=\"tel-247\" \/><\/span>\n\t\t\t<\/p>\n\t\t<\/div>\n\t\t<div class=\"column-half\">\n\t\t\t<p><span class=\"wpcf7-form-control-wrap\" data-name=\"your-email\"><input size=\"40\" maxlength=\"400\" class=\"wpcf7-form-control wpcf7-email wpcf7-validates-as-required wpcf7-text wpcf7-validates-as-email\" aria-required=\"true\" aria-invalid=\"false\" placeholder=\"Email *\" value=\"\" type=\"email\" name=\"your-email\" \/><\/span>\n\t\t\t<\/p>\n\t\t<\/div>\n\t<\/div>\n\t<div class=\"form-row\">\n\t\t<div class=\"column-half\">\n\t\t\t<p><span class=\"wpcf7-form-control-wrap\" data-name=\"gama\"><select class=\"wpcf7-form-control wpcf7-select wpcf7-validates-as-required\" aria-required=\"true\" aria-invalid=\"false\" name=\"gama\"><option value=\"-- Gamme d\u2019aciers dont vous avez besoin --\">-- Gamme d\u2019aciers dont vous avez besoin --<\/option><option value=\"Aciers \u00e0 bas contenu de carbone\">Aciers \u00e0 bas contenu de carbone<\/option><option value=\"Aciers \u00e0 haut contenu de carbone\">Aciers \u00e0 haut contenu de carbone<\/option><option value=\"Aciers \u00e0 haute limite \u00e9lastique\">Aciers \u00e0 haute limite \u00e9lastique<\/option><option value=\"Qualit\u00e9s sp\u00e9ciales\">Qualit\u00e9s sp\u00e9ciales<\/option><\/select><\/span>\n\t\t\t<\/p>\n\t\t<\/div>\n\t<\/div>\n\t<div class=\"form-row\">\n\t\t<div class=\"column-half\">\n\t\t\t<p><span class=\"wpcf7-form-control-wrap\" data-name=\"Espesor\"><select class=\"wpcf7-form-control wpcf7-select wpcf7-validates-as-required\" aria-required=\"true\" aria-invalid=\"false\" name=\"Espesor\"><option value=\"-- \u00c9paisseur --\">-- \u00c9paisseur --<\/option><option value=\"0,2 mm\">0,2 mm<\/option><option value=\"1 mm\">1 mm<\/option><option value=\"2 mm\">2 mm<\/option><option value=\"3 mm\">3 mm<\/option><option value=\"4 mm\">4 mm<\/option><option value=\"5mm\">5mm<\/option><option value=\"6 mm\">6 mm<\/option><option value=\"7 mm\">7 mm<\/option><option value=\"8 mm\">8 mm<\/option><\/select><\/span>\n\t\t\t<\/p>\n\t\t<\/div>\n\t<\/div>\n\t<div class=\"terms\" style=\"margin-bottom:10px;color:#000;\">\n\t\t<p><span class=\"wpcf7-form-control-wrap\" data-name=\"acceptance-831\"><span class=\"wpcf7-form-control wpcf7-acceptance\"><span class=\"wpcf7-list-item\"><input type=\"checkbox\" name=\"acceptance-831\" value=\"1\" aria-invalid=\"false\" \/><\/span><\/span><\/span><span style=\"font-size:14px; color: #000;\"> J\u2019accepte les <\/span><a href=\"\/fr\/avis-legal\/\" style=\"font-size:14px; color: #000;text-decoration:none;\" target=\"_blank\"> conditions l\u00e9gales et la politique de vie priv\u00e9e <\/a>\n\t\t<\/p>\n\t<\/div>\n\t<p style=\"font-size:12px;line-height:17px;color:#000;\">Responsable:\u00a0ARANIA S.A.NIF: A48035158. Direcci\u00f3n: B\u00aa San Antonio s\/n, 48340 EUBA-AMOREBIETA (Vizcaya) \u2013 Espa\u00f1a. Email: arania@araniasa.com<br \/>\nEn raison de la conformit\u00e9 d\u2019ARANIA, S.A.(ci-apr\u00e8s ARANIA) face au R\u00e8glement (UE) 2016\/679 du Parlement europ\u00e9en et du Conseil, du 27 avril 2016, concernant la protection des personnes physiques autour du traitement de donn\u00e9es personnelles et de la libre circulation de ces donn\u00e9es (RGPD) et conform\u00e9ment \u00e0 son article 13, nous nous adressons \u00e0 vous en vue de vous informer que vos donn\u00e9es en tant que contact de la Soci\u00e9t\u00e9 pour laquelle vous travaillez font l\u2019objet d\u2019un traitement visant \u00e0 maintenir la relation contractuelle avec celle-ci.<br \/>\nLa base juridique pour le traitement des donn\u00e9es est l\u2019ex\u00e9cution correcte de la relation contractuelle. Ces donn\u00e9es sont n\u00e9cessaires, dans le sens o\u00f9, si elles n\u2019\u00e9taient pas trait\u00e9es, la relation souhait\u00e9e entre les parties ne pourrait pas \u00eatre maintenue.<br \/>\n<span class=\"mas\" style=\"cursor:pointer;color:#00498f\">mas vide<\/span><br \/>\n<span class=\"mas-texto\">Les donn\u00e9es seront conserv\u00e9es tant que la relation commerciale sera maintenue effective et que leur suppression ne sera pas demand\u00e9e, toujours dans le respect des d\u00e9lais l\u00e9gaux de prescription qui leur seront applicables. Vos donn\u00e9es ne seront pas c\u00e9d\u00e9es \u00e0 des tiers et aucun transfert international de donn\u00e9es ne sera effectu\u00e9.<br \/>\nVous pourrez exercer vos droits d\u2019acc\u00e8s, de rectification, de suppression, de portabilit\u00e9, de limitation ou d\u2019opposition en vous adressant par \u00e9crit au domicile du Responsable.<br \/>\nLes int\u00e9ress\u00e9s ont \u00e9galement le droit d\u2019effectuer des r\u00e9clamations aupr\u00e8s de l\u2019Autorit\u00e9 de Contr\u00f4le comp\u00e9tente (Agence espagnole pour la protection des donn\u00e9es : <a href=\"https:\/\/www.aepd.es\/\" target=\"_blank\" rel=\"noreferrer\">www.aepd.es<\/a>).<\/span>\n\t<\/p>\n\t<p><br \/>\n\t<input class=\"wpcf7-form-control wpcf7-hidden\" value=\"formulario,english,frances,form-tipo-gama\" type=\"hidden\" name=\"etiquetas\" \/><br \/>\n\t<input class=\"wpcf7-form-control wpcf7-hidden clientify_cookie\" value=\"\" type=\"hidden\" name=\"clientify_cookie\" \/><input class=\"wpcf7-form-control wpcf7-submit has-spinner\" type=\"submit\" value=\"Envoyer\" \/>\n\t<\/p>\n<\/div>\n\n\n<!--end responsive-form--><div class=\"wpcf7-response-output\" aria-hidden=\"true\"><\/div>\n<\/form>\n<\/div>\n<div class=\"ult-spacer spacer-69e34058792ef\" data-id=\"69e34058792ef\" data-height=\"40\" data-height-mobile=\"20\" data-height-tab=\"40\" data-height-tab-portrait=\"40\" data-height-mobile-landscape=\"20\" style=\"clear:both;display:block;\"><\/div>[\/vc_column][vc_column width=&#8221;1\/6&#8243;][\/vc_column][\/vc_row]<\/p>\n<\/div>","protected":false},"excerpt":{"rendered":"<p>[vc_row type=&#8221;vc_default&#8221; full_width=&#8221;stretch_row&#8221; content_placement=&#8221;middle&#8221; bg_type=&#8221;image&#8221; parallax_style=&#8221;vcpb-default&#8221; bg_image_new=&#8221;id^709|url^http:\/\/www.araniasa.com\/wp-content\/uploads\/2018\/11\/automocion.jpg|caption^null|alt^null|title^automocion|description^null&#8221; bg_image_posiiton=&#8221;center center&#8221; bg_override=&#8221;ex-full&#8221; enable_overlay=&#8221;enable_overlay_value&#8221; overlay_color=&#8221;rgba(0,0,0,0.21)&#8221;][vc_column width=&#8221;1\/6&#8243;][\/vc_column][vc_column width=&#8221;2\/3&#8243;][\/vc_column][vc_column width=&#8221;1\/6&#8243;][\/vc_column][\/vc_row][vc_row type=&#8221;vc_default&#8221;][vc_column width=&#8221;1\/2&#8243;][vc_single_image image=&#8221;1511&#8243; img_size=&#8221;full&#8221; alignment=&#8221;center&#8221; onclick=&#8221;zoom&#8221;][\/vc_column][vc_column width=&#8221;1\/2&#8243;][vc_single_image image=&#8221;1567&#8243; img_size=&#8221;full&#8221; alignment=&#8221;center&#8221; onclick=&#8221;zoom&#8221;][\/vc_column][\/vc_row][vc_row][vc_column][vc_separator border_width=&#8221;3&#8243;][\/vc_column][\/vc_row][vc_row type=&#8221;vc_default&#8221; bg_type=&#8221;bg_color&#8221; bg_override=&#8221;full&#8221; bg_color_value=&#8221;#9e9e9e&#8221;][vc_column width=&#8221;1\/6&#8243;][\/vc_column][vc_column width=&#8221;2\/3&#8243;][\/vc_column][vc_column width=&#8221;1\/6&#8243;][\/vc_column][\/vc_row]<\/p>\n","protected":false},"author":2,"featured_media":0,"parent":0,"menu_order":100,"comment_status":"closed","ping_status":"closed","template":"","meta":{"footnotes":""},"class_list":["post-2406","page","type-page","status-publish","hentry","description-off"],"_links":{"self":[{"href":"https:\/\/www.araniasa.com\/fr\/wp-json\/wp\/v2\/pages\/2406","targetHints":{"allow":["GET"]}}],"collection":[{"href":"https:\/\/www.araniasa.com\/fr\/wp-json\/wp\/v2\/pages"}],"about":[{"href":"https:\/\/www.araniasa.com\/fr\/wp-json\/wp\/v2\/types\/page"}],"author":[{"embeddable":true,"href":"https:\/\/www.araniasa.com\/fr\/wp-json\/wp\/v2\/users\/2"}],"replies":[{"embeddable":true,"href":"https:\/\/www.araniasa.com\/fr\/wp-json\/wp\/v2\/comments?post=2406"}],"version-history":[{"count":0,"href":"https:\/\/www.araniasa.com\/fr\/wp-json\/wp\/v2\/pages\/2406\/revisions"}],"wp:attachment":[{"href":"https:\/\/www.araniasa.com\/fr\/wp-json\/wp\/v2\/media?parent=2406"}],"curies":[{"name":"wp","href":"https:\/\/api.w.org\/{rel}","templated":true}]}}