{"id":2436,"date":"2019-01-14T14:50:49","date_gmt":"2019-01-14T14:50:49","guid":{"rendered":"http:\/\/www.araniasa.com\/contacto\/"},"modified":"2025-04-30T14:47:03","modified_gmt":"2025-04-30T12:47:03","slug":"contacter","status":"publish","type":"page","link":"https:\/\/www.araniasa.com\/fr\/contacter\/","title":{"rendered":"Contacter"},"content":{"rendered":"<div class=\"wpb-content-wrapper\"><p>[vc_row type=&#8221;vc_default&#8221; full_width=&#8221;stretch_row&#8221; content_placement=&#8221;middle&#8221; bg_type=&#8221;image&#8221; parallax_style=&#8221;vcpb-default&#8221; bg_image_new=&#8221;id^70|url^http:\/\/www.araniasa.com\/wp-content\/uploads\/2018\/10\/transformando-acero.jpg|caption^null|alt^null|title^transformando-acero|description^null&#8221; bg_image_repeat=&#8221;no-repeat&#8221; bg_override=&#8221;ex-full&#8221; enable_overlay=&#8221;enable_overlay_value&#8221; overlay_color=&#8221;rgba(0,0,0,0.24)&#8221; css=&#8221;.vc_custom_1547480015247{margin-bottom: 0px !important;background-image: url(http:\/\/www.araniasa.com\/wp-content\/uploads\/2018\/10\/simbolo-de-arania.png?id=372) !important;background-position: 0 0 !important;background-repeat: repeat !important;}&#8221;][vc_column]<div class=\"ult-spacer spacer-69e1e11ebbef5\" data-id=\"69e1e11ebbef5\" data-height=\"100\" data-height-mobile=\"40\" data-height-tab=\"100\" data-height-tab-portrait=\"100\" data-height-mobile-landscape=\"40\" style=\"clear:both;display:block;\"><\/div><div id=\"ultimate-heading-886469e1e11ebc3d7\" class=\"uvc-heading ult-adjust-bottom-margin ultimate-heading-886469e1e11ebc3d7 uvc-655  uvc-heading-default-font-sizes\" data-hspacer=\"image_only\"  data-halign=\"center\" style=\"text-align:center\"><div class=\"uvc-main-heading ult-responsive\"  data-ultimate-target='.uvc-heading.ultimate-heading-886469e1e11ebc3d7 h1'  data-responsive-json-new='{\"font-size\":\"\",\"line-height\":\"\"}' ><h1 style=\"--font-weight:theme;color:#ffffff;\">CONTACTER<\/h1><\/div><div class=\"uvc-heading-spacer image_only\" style=\"margin-bottom:20px;\"><img decoding=\"async\" src=\"https:\/\/www.araniasa.com\/wp-content\/uploads\/2018\/10\/linea-circulos-arania.png\" class=\"ultimate-headings-icon-image\" alt=\"null\" style=\"width:250px\"\/><\/div><\/div>[vc_row_inner content_placement=&#8221;middle&#8221;][vc_column_inner]<div id=\"ultimate-heading-69569e1e11ebc4d0\" class=\"uvc-heading ult-adjust-bottom-margin ultimate-heading-69569e1e11ebc4d0 uvc-3458  uvc-heading-default-font-sizes\" data-hspacer=\"no_spacer\"  data-halign=\"center\" style=\"text-align:center\"><div class=\"uvc-heading-spacer no_spacer\" style=\"top\"><\/div><div class=\"uvc-sub-heading ult-responsive\"  data-ultimate-target='.uvc-heading.ultimate-heading-69569e1e11ebc4d0 .uvc-sub-heading '  data-responsive-json-new='{\"font-size\":\"desktop:18px;\",\"line-height\":\"desktop:26px;\"}'  style=\"font-weight:normal;color:#ffffff;margin-bottom:30px;\">Ctra. N-634 Km 88<br \/>\n48340 Euba-Amorebieta. Espagne<\/div><\/div>[vc_separator color=&#8221;white&#8221; border_width=&#8221;2&#8243; el_width=&#8221;60&#8243; css=&#8221;.vc_custom_1547802918120{margin-top: 0px !important;margin-bottom: 0px !important;}&#8221;]<div id=\"ultimate-heading-744969e1e11ebc53b\" class=\"uvc-heading ult-adjust-bottom-margin ultimate-heading-744969e1e11ebc53b uvc-9254  uvc-heading-default-font-sizes\" data-hspacer=\"no_spacer\"  data-halign=\"center\" style=\"text-align:center\"><div class=\"uvc-heading-spacer no_spacer\" style=\"top\"><\/div><div class=\"uvc-sub-heading ult-responsive\"  data-ultimate-target='.uvc-heading.ultimate-heading-744969e1e11ebc53b .uvc-sub-heading '  data-responsive-json-new='{\"font-size\":\"desktop:18px;\",\"line-height\":\"desktop:26px;\"}'  style=\"font-weight:normal;color:#ffffff;margin-top:20px;margin-bottom:40px;\"><a style=\"color: white; font-size: 22px;\" href=\"tel:+34946300025\">946 300 025<\/a><br \/>\n<a href=\"mailto:arania@araniasa.com\">arania@araniasa.com<\/a><\/div><\/div>\n<div class=\"wpcf7 no-js\" id=\"wpcf7-f2479-o1\" lang=\"es-ES\" dir=\"ltr\" data-wpcf7-id=\"2479\">\n<div class=\"screen-reader-response\"><p role=\"status\" aria-live=\"polite\" aria-atomic=\"true\"><\/p> <ul><\/ul><\/div>\n<form action=\"\/fr\/wp-json\/wp\/v2\/pages\/2436#wpcf7-f2479-o1\" method=\"post\" class=\"wpcf7-form init\" aria-label=\"Contact form\" novalidate=\"novalidate\" data-status=\"init\">\n<fieldset class=\"hidden-fields-container\"><input type=\"hidden\" name=\"_wpcf7\" value=\"2479\" \/><input type=\"hidden\" name=\"_wpcf7_version\" value=\"6.1.2\" \/><input type=\"hidden\" name=\"_wpcf7_locale\" value=\"es_ES\" \/><input type=\"hidden\" name=\"_wpcf7_unit_tag\" value=\"wpcf7-f2479-o1\" \/><input type=\"hidden\" name=\"_wpcf7_container_post\" value=\"0\" \/><input type=\"hidden\" name=\"_wpcf7_posted_data_hash\" value=\"\" \/><input type=\"hidden\" name=\"_wpcf7_recaptcha_response\" value=\"\" \/>\n<\/fieldset>\n<div id=\"responsive-form\" class=\"clearfix\">\n\t<div class=\"form-row\">\n\t\t<div class=\"column-half\">\n\t\t\t<p><span class=\"wpcf7-form-control-wrap\" data-name=\"departamento\"><select class=\"wpcf7-form-control wpcf7-select wpcf7-validates-as-required\" aria-required=\"true\" aria-invalid=\"false\" name=\"departamento\"><option value=\"-- D\u00e9partement --\">-- D\u00e9partement --<\/option><option value=\"ressources humaines\">ressources humaines<\/option><option value=\"approvisionnements\">approvisionnements<\/option><option value=\"ventes\">ventes<\/option><\/select><\/span>\n\t\t\t<\/p>\n\t\t<\/div>\n\t\t<div class=\"column-half\">\n\t\t\t<p><span class=\"wpcf7-form-control-wrap\" data-name=\"your-empresa\"><input size=\"40\" maxlength=\"400\" class=\"wpcf7-form-control wpcf7-text wpcf7-validates-as-required\" aria-required=\"true\" aria-invalid=\"false\" placeholder=\"Entreprise *\" value=\"\" type=\"text\" name=\"your-empresa\" \/><\/span>\n\t\t\t<\/p>\n\t\t<\/div>\n\t<\/div>\n\t<div class=\"form-row\">\n\t\t<div class=\"column-half\">\n\t\t\t<p><span class=\"wpcf7-form-control-wrap\" data-name=\"your-nombre\"><input size=\"40\" maxlength=\"400\" class=\"wpcf7-form-control wpcf7-text wpcf7-validates-as-required\" aria-required=\"true\" aria-invalid=\"false\" placeholder=\"Nom *\" value=\"\" type=\"text\" name=\"your-nombre\" \/><\/span>\n\t\t\t<\/p>\n\t\t<\/div>\n\t\t<div class=\"column-half\">\n\t\t\t<p><span class=\"wpcf7-form-control-wrap\" data-name=\"your-apellido\"><input size=\"40\" maxlength=\"400\" class=\"wpcf7-form-control wpcf7-text wpcf7-validates-as-required\" aria-required=\"true\" aria-invalid=\"false\" placeholder=\"Nom de famille *\" value=\"\" type=\"text\" name=\"your-apellido\" \/><\/span>\n\t\t\t<\/p>\n\t\t<\/div>\n\t<\/div>\n\t<div class=\"form-row\">\n\t\t<div class=\"column-half\">\n\t\t\t<p><span class=\"wpcf7-form-control-wrap\" data-name=\"your-email\"><input size=\"40\" maxlength=\"400\" class=\"wpcf7-form-control wpcf7-email wpcf7-validates-as-required wpcf7-text wpcf7-validates-as-email\" aria-required=\"true\" aria-invalid=\"false\" placeholder=\"Email *\" value=\"\" type=\"email\" name=\"your-email\" \/><\/span>\n\t\t\t<\/p>\n\t\t<\/div>\n\t\t<div class=\"column-half\">\n\t\t\t<p><span class=\"wpcf7-form-control-wrap\" data-name=\"tel-247\"><input size=\"40\" maxlength=\"400\" class=\"wpcf7-form-control wpcf7-tel wpcf7-validates-as-required wpcf7-text wpcf7-validates-as-tel\" aria-required=\"true\" aria-invalid=\"false\" placeholder=\"T\u00e9l\u00e9phone *\" value=\"\" type=\"tel\" name=\"tel-247\" \/><\/span>\n\t\t\t<\/p>\n\t\t<\/div>\n\t<\/div>\n\t<div class=\"form-row\">\n\t\t<div class=\"column-full\">\n\t\t\t<p><span class=\"wpcf7-form-control-wrap\" data-name=\"textarea-297\"><textarea cols=\"40\" rows=\"4\" maxlength=\"2000\" class=\"wpcf7-form-control wpcf7-textarea\" aria-invalid=\"false\" placeholder=\"Commentaires\" name=\"textarea-297\"><\/textarea><\/span>\n\t\t\t<\/p>\n\t\t<\/div>\n\t<\/div>\n\t<div class=\"form-row\">\n\t\t<div class=\"column-full\">\n\t\t\t<div class=\"terms\" style=\"margin-bottom:10px;color:white;\">\n\t\t\t\t<p><span class=\"wpcf7-form-control-wrap\" data-name=\"acceptance-831\"><span class=\"wpcf7-form-control wpcf7-acceptance\"><span class=\"wpcf7-list-item\"><input type=\"checkbox\" name=\"acceptance-831\" value=\"1\" aria-invalid=\"false\" \/><\/span><\/span><\/span><span style=\"font-size:14px; color: white;\"> J\u2019accepte les <\/span><a href=\"\/fr\/avis-legal\/\" style=\"font-size:14px; color: white;text-decoration:none;\" target=\"_blank\"> conditions l\u00e9gales<\/a> et <a href=\"\/fr\/politique-de-confidentialite\/\" style=\"font-size:14px; color: white;text-decoration:none;\" target=\"_blank\">la politique de vie priv\u00e9e <\/a>\n\t\t\t\t<\/p>\n\t\t\t<\/div>\n\t\t\t<p style=\"font-size:12px;line-height:17px;color:white;\">Responsable:\u00a0ARANIA S.A.NIF: A48035158. Direcci\u00f3n: B\u00aa San Antonio s\/n, 48340 EUBA-AMOREBIETA (Vizcaya) \u2013 Espa\u00f1a. Email: arania@araniasa.com<br \/>\nEn raison de la conformit\u00e9 d\u2019ARANIA, S.A.(ci-apr\u00e8s ARANIA) face au R\u00e8glement (UE) 2016\/679 du Parlement europ\u00e9en et du Conseil, du 27 avril 2016, concernant la protection des personnes physiques autour du traitement de donn\u00e9es personnelles et de la libre circulation de ces donn\u00e9es (RGPD) et conform\u00e9ment \u00e0 son article 13, nous nous adressons \u00e0 vous en vue de vous informer que vos donn\u00e9es en tant que contact de la Soci\u00e9t\u00e9 pour laquelle vous travaillez font l\u2019objet d\u2019un traitement visant \u00e0 maintenir la relation contractuelle avec celle-ci.<br \/>\nLa base juridique pour le traitement des donn\u00e9es est l\u2019ex\u00e9cution correcte de la relation contractuelle. Ces donn\u00e9es sont n\u00e9cessaires, dans le sens o\u00f9, si elles n\u2019\u00e9taient pas trait\u00e9es, la relation souhait\u00e9e entre les parties ne pourrait pas \u00eatre maintenue.<br \/>\n<span class=\"mas\" style=\"cursor:pointer;color:#00498f\">mas vide<\/span><br \/>\n<span class=\"mas-texto\">Les donn\u00e9es seront conserv\u00e9es tant que la relation commerciale sera maintenue effective et que leur suppression ne sera pas demand\u00e9e, toujours dans le respect des d\u00e9lais l\u00e9gaux de prescription qui leur seront applicables. Vos donn\u00e9es ne seront pas c\u00e9d\u00e9es \u00e0 des tiers et aucun transfert international de donn\u00e9es ne sera effectu\u00e9.<br \/>\nVous pourrez exercer vos droits d\u2019acc\u00e8s, de rectification, de suppression, de portabilit\u00e9, de limitation ou d\u2019opposition en vous adressant par \u00e9crit au domicile du Responsable.<br \/>\nLes int\u00e9ress\u00e9s ont \u00e9galement le droit d\u2019effectuer des r\u00e9clamations aupr\u00e8s de l\u2019Autorit\u00e9 de Contr\u00f4le comp\u00e9tente (Agence espagnole pour la protection des donn\u00e9es : <a href=\"https:\/\/www.aepd.es\/\" target=\"_blank\" rel=\"noreferrer\">www.aepd.es<\/a>).<\/span>\n\t\t\t<\/p>\n\t\t<\/div>\n\t<\/div>\n\t<div class=\"form-row\">\n\t<input class=\"wpcf7-form-control wpcf7-hidden\" value=\"formulario,english,frances,form-contacto\" type=\"hidden\" name=\"etiquetas\" \/>\n\t<input class=\"wpcf7-form-control wpcf7-hidden clientify_cookie\" value=\"\" type=\"hidden\" name=\"clientify_cookie\" \/>\n\t\t<p><input class=\"wpcf7-form-control wpcf7-submit has-spinner\" type=\"submit\" value=\"Envoyer\" \/>\n\t\t<\/p>\n\t<\/div>\n<\/div><div class=\"wpcf7-response-output\" aria-hidden=\"true\"><\/div>\n<\/form>\n<\/div>\n[\/vc_column_inner][\/vc_row_inner]<div class=\"ult-spacer spacer-69e1e11ebe089\" data-id=\"69e1e11ebe089\" data-height=\"40\" data-height-mobile=\"40\" data-height-tab=\"40\" data-height-tab-portrait=\"40\" data-height-mobile-landscape=\"40\" style=\"clear:both;display:block;\"><\/div>[\/vc_column][\/vc_row][vc_row type=&#8221;vc_default&#8221; full_width=&#8221;stretch_row_content_no_spaces&#8221; css=&#8221;.vc_custom_1547478193376{margin-top: -35px !important;margin-bottom: -35px !important;padding-top: 0px !important;padding-bottom: 0px !important;}&#8221;][vc_column][vc_gmaps link=&#8221;#E-8_JTNDaWZyYW1lJTIwc3JjJTNEJTIyaHR0cHMlM0ElMkYlMkZ3d3cuZ29vZ2xlLmNvbSUyRm1hcHMlMkZlbWJlZCUzRnBiJTNEJTIxMW0xNCUyMTFtOCUyMTFtMyUyMTFkMzEwNC4yNTY4NzY1Mzc2MTglMjEyZC0yLjcwNDY4MjI0ODY3MDA2OSUyMTNkNDMuMTk5NjY1ODMzNjE2NTIlMjEzbTIlMjExaTEwMjQlMjEyaTc2OCUyMTRmMTMuMSUyMTNtMyUyMTFtMiUyMTFzMHhkNGUzNTZjODE4MjU4NjclMjUzQTB4ZmNiYzJlNWU3YzVhNjdlYiUyMTJzQXJhbmlhJTIxNWUxJTIxM20yJTIxMXNlbiUyMTJzZXMlMjE0djE3NDYwMTcxMjQyNzYlMjE1bTIlMjExc2VuJTIxMnNlcyUyMiUyMHdpZHRoJTNEJTIyNjAwJTIyJTIwaGVpZ2h0JTNEJTIyNDUwJTIyJTIwc3R5bGUlM0QlMjJib3JkZXIlM0EwJTNCJTIyJTIwYWxsb3dmdWxsc2NyZWVuJTNEJTIyJTIyJTIwbG9hZGluZyUzRCUyMmxhenklMjIlMjByZWZlcnJlcnBvbGljeSUzRCUyMm5vLXJlZmVycmVyLXdoZW4tZG93bmdyYWRlJTIyJTNFJTNDJTJGaWZyYW1lJTNF&#8221; size=&#8221;500&#8243; css=&#8221;&#8221;][\/vc_column][\/vc_row]<\/p>\n<\/div>","protected":false},"excerpt":{"rendered":"<p>[vc_row type=&#8221;vc_default&#8221; full_width=&#8221;stretch_row&#8221; content_placement=&#8221;middle&#8221; bg_type=&#8221;image&#8221; parallax_style=&#8221;vcpb-default&#8221; bg_image_new=&#8221;id^70|url^http:\/\/www.araniasa.com\/wp-content\/uploads\/2018\/10\/transformando-acero.jpg|caption^null|alt^null|title^transformando-acero|description^null&#8221; bg_image_repeat=&#8221;no-repeat&#8221; bg_override=&#8221;ex-full&#8221; enable_overlay=&#8221;enable_overlay_value&#8221; overlay_color=&#8221;rgba(0,0,0,0.24)&#8221; css=&#8221;.vc_custom_1547480015247{margin-bottom: 0px !important;background-image: url(http:\/\/www.araniasa.com\/wp-content\/uploads\/2018\/10\/simbolo-de-arania.png?id=372) !important;background-position: 0 0 !important;background-repeat: repeat !important;}&#8221;][vc_column][vc_row_inner content_placement=&#8221;middle&#8221;][vc_column_inner][vc_separator color=&#8221;white&#8221; border_width=&#8221;2&#8243; el_width=&#8221;60&#8243; css=&#8221;.vc_custom_1547802918120{margin-top: 0px !important;margin-bottom: 0px !important;}&#8221;][\/vc_column_inner][\/vc_row_inner][\/vc_column][\/vc_row][vc_row type=&#8221;vc_default&#8221; full_width=&#8221;stretch_row_content_no_spaces&#8221; css=&#8221;.vc_custom_1547478193376{margin-top: -35px !important;margin-bottom: -35px !important;padding-top: 0px !important;padding-bottom: 0px !important;}&#8221;][vc_column][vc_gmaps link=&#8221;#E-8_JTNDaWZyYW1lJTIwc3JjJTNEJTIyaHR0cHMlM0ElMkYlMkZ3d3cuZ29vZ2xlLmNvbSUyRm1hcHMlMkZlbWJlZCUzRnBiJTNEJTIxMW0xNCUyMTFtOCUyMTFtMyUyMTFkMzEwNC4yNTY4NzY1Mzc2MTglMjEyZC0yLjcwNDY4MjI0ODY3MDA2OSUyMTNkNDMuMTk5NjY1ODMzNjE2NTIlMjEzbTIlMjExaTEwMjQlMjEyaTc2OCUyMTRmMTMuMSUyMTNtMyUyMTFtMiUyMTFzMHhkNGUzNTZjODE4MjU4NjclMjUzQTB4ZmNiYzJlNWU3YzVhNjdlYiUyMTJzQXJhbmlhJTIxNWUxJTIxM20yJTIxMXNlbiUyMTJzZXMlMjE0djE3NDYwMTcxMjQyNzYlMjE1bTIlMjExc2VuJTIxMnNlcyUyMiUyMHdpZHRoJTNEJTIyNjAwJTIyJTIwaGVpZ2h0JTNEJTIyNDUwJTIyJTIwc3R5bGUlM0QlMjJib3JkZXIlM0EwJTNCJTIyJTIwYWxsb3dmdWxsc2NyZWVuJTNEJTIyJTIyJTIwbG9hZGluZyUzRCUyMmxhenklMjIlMjByZWZlcnJlcnBvbGljeSUzRCUyMm5vLXJlZmVycmVyLXdoZW4tZG93bmdyYWRlJTIyJTNFJTNDJTJGaWZyYW1lJTNF&#8221; size=&#8221;500&#8243; css=&#8221;&#8221;][\/vc_column][\/vc_row]<\/p>\n","protected":false},"author":2,"featured_media":0,"parent":0,"menu_order":900,"comment_status":"closed","ping_status":"closed","template":"","meta":{"footnotes":""},"class_list":["post-2436","page","type-page","status-publish","hentry","description-off"],"_links":{"self":[{"href":"https:\/\/www.araniasa.com\/fr\/wp-json\/wp\/v2\/pages\/2436","targetHints":{"allow":["GET"]}}],"collection":[{"href":"https:\/\/www.araniasa.com\/fr\/wp-json\/wp\/v2\/pages"}],"about":[{"href":"https:\/\/www.araniasa.com\/fr\/wp-json\/wp\/v2\/types\/page"}],"author":[{"embeddable":true,"href":"https:\/\/www.araniasa.com\/fr\/wp-json\/wp\/v2\/users\/2"}],"replies":[{"embeddable":true,"href":"https:\/\/www.araniasa.com\/fr\/wp-json\/wp\/v2\/comments?post=2436"}],"version-history":[{"count":1,"href":"https:\/\/www.araniasa.com\/fr\/wp-json\/wp\/v2\/pages\/2436\/revisions"}],"predecessor-version":[{"id":5896,"href":"https:\/\/www.araniasa.com\/fr\/wp-json\/wp\/v2\/pages\/2436\/revisions\/5896"}],"wp:attachment":[{"href":"https:\/\/www.araniasa.com\/fr\/wp-json\/wp\/v2\/media?parent=2436"}],"curies":[{"name":"wp","href":"https:\/\/api.w.org\/{rel}","templated":true}]}}